{"id":23522,"date":"2026-03-02T13:21:17","date_gmt":"2026-03-02T13:21:17","guid":{"rendered":"https:\/\/teachforromania.org\/?page_id=23522"},"modified":"2026-03-09T12:35:40","modified_gmt":"2026-03-09T12:35:40","slug":"alearga-pentru-educatie","status":"publish","type":"page","link":"https:\/\/teachforromania.org\/en\/alearga-pentru-educatie\/","title":{"rendered":"Alearg\u0103 pentru educa\u021bie"},"content":{"rendered":"\t\t<div data-elementor-type=\"wp-page\" data-elementor-id=\"23522\" class=\"elementor elementor-23522\" data-elementor-post-type=\"page\">\n\t\t\t\t<div class=\"elementor-element elementor-element-3567517 e-grid e-con-boxed e-con e-parent\" data-id=\"3567517\" data-element_type=\"container\">\n\t\t\t\t\t<div class=\"e-con-inner\">\n\t\t\t\t<div class=\"elementor-element elementor-element-a8cb1b4 elementor-widget elementor-widget-image\" data-id=\"a8cb1b4\" data-element_type=\"widget\" data-widget_type=\"image.default\">\n\t\t\t\t<div class=\"elementor-widget-container\">\n\t\t\t\t\t\t\t\t\t\t\t\t\t\t\t<img fetchpriority=\"high\" decoding=\"async\" width=\"1227\" height=\"561\" src=\"https:\/\/teachforromania.org\/wp-content\/uploads\/2026\/03\/Screenshot-2026-02-17-155100.png\" class=\"attachment-2048x2048 size-2048x2048 wp-image-23523\" alt=\"\" srcset=\"https:\/\/teachforromania.org\/wp-content\/uploads\/2026\/03\/Screenshot-2026-02-17-155100.png 1227w, https:\/\/teachforromania.org\/wp-content\/uploads\/2026\/03\/Screenshot-2026-02-17-155100-300x137.png 300w, https:\/\/teachforromania.org\/wp-content\/uploads\/2026\/03\/Screenshot-2026-02-17-155100-1024x468.png 1024w, https:\/\/teachforromania.org\/wp-content\/uploads\/2026\/03\/Screenshot-2026-02-17-155100-768x351.png 768w\" sizes=\"(max-width: 1227px) 100vw, 1227px\" \/>\t\t\t\t\t\t\t\t\t\t\t\t\t\t\t<\/div>\n\t\t\t\t<\/div>\n\t\t\t\t\t<\/div>\n\t\t\t\t<\/div>\n\t\t<div class=\"elementor-element elementor-element-74a4b9d e-grid e-con-boxed e-con e-parent\" data-id=\"74a4b9d\" data-element_type=\"container\">\n\t\t\t\t\t<div class=\"e-con-inner\">\n\t\t\t\t<div class=\"elementor-element elementor-element-081af9a elementor-widget elementor-widget-heading\" data-id=\"081af9a\" data-element_type=\"widget\" data-widget_type=\"heading.default\">\n\t\t\t\t<div class=\"elementor-widget-container\">\n\t\t\t\t\t<h2 class=\"elementor-heading-title elementor-size-default\">Hai \u0219i tu \u00een Team Teach!<\/h2>\t\t\t\t<\/div>\n\t\t\t\t<\/div>\n\t\t\t\t<div class=\"elementor-element elementor-element-6bd19d7 elementor-widget elementor-widget-text-editor\" data-id=\"6bd19d7\" data-element_type=\"widget\" data-widget_type=\"text-editor.default\">\n\t\t\t\t<div class=\"elementor-widget-container\">\n\t\t\t\t\t\t\t\t\t<h3>\u00censcrie-te azi!<\/h3>\t\t\t\t\t\t\t\t<\/div>\n\t\t\t\t<\/div>\n\t\t\t\t\t<\/div>\n\t\t\t\t<\/div>\n\t\t<div class=\"elementor-element elementor-element-14d313a e-flex e-con-boxed e-con e-parent\" data-id=\"14d313a\" data-element_type=\"container\">\n\t\t\t\t\t<div class=\"e-con-inner\">\n\t\t\t\t<div class=\"elementor-element elementor-element-47090bf elementor-widget elementor-widget-text-editor\" data-id=\"47090bf\" data-element_type=\"widget\" data-widget_type=\"text-editor.default\">\n\t\t\t\t<div class=\"elementor-widget-container\">\n\t\t\t\t\t\t\t\t\t<p>E\u0219ti gata s\u0103 \u00eembini utilul cu pl\u0103cutul?<\/p><p><strong>Fapte bune \u0219i s\u0103n\u0103tate la pachet<\/strong> &#8211; asta \u00eenseamn\u0103 s\u0103 vii al\u0103turi de noi la Semimaratonul din 9-10 mai!<\/p><p><strong>Po\u021bi veni doar tu, sau po\u021bi veni al\u0103turi de colegii sau prietenii t\u0103i.<\/strong> Noi vom fi acolo pentru tine \u0219i \u00ee\u021bi vom pune la dispozi\u021bie orice ai nevoie.\u00a0<\/p><p>\u00a0<\/p><p>Vei deveni parte din comunitatea Teach \u0219i vei avea toat\u0103 sus\u021binerea echipei \u00een preg\u0103tirea pentru semimaraton. \u00ce\u021bi vom preg\u0103ti surprize \u0219i vom fi al\u0103turi de tine p\u00e2n\u0103 termini cursa.\u00a0La final, gestul t\u0103u \u00eenseamn\u0103 educa\u021bie pentru copiii vulnerabili.<\/p><p>\u00a0<\/p><p>Concret, vei d\u0103rui celor care au cea mai mare nevoie \u0219ansa de a fi v\u0103zu\u021bi, asculta\u021bi, \u00eencuraja\u021bi \u0219i ajuta\u021bi \u00een mod individual, \u00een func\u021bie de nevoile fiec\u0103ruia.<\/p><p>\u00cen Rom\u00e2nia, <strong>peste 81% dintre \u0219coli sunt \u00een categoria dezavantajat\u0103. Iar consecin\u021ba este c\u0103 1 din 2 copii nu \u00een\u021belege ce cite\u0219te.<\/strong><\/p><p>\u00a0<\/p><p>La acest semimaraton, ne propunem s\u0103 ob\u021binem fonduri pentru <strong>recrutarea, selec\u021bia, formarea, integrarea \u0219i oferirea bursei lunare \u00een timpul programului nostru de leadership \u00een educa\u021bie de 2 ani pentru un profesor.<\/strong><\/p>\t\t\t\t\t\t\t\t<\/div>\n\t\t\t\t<\/div>\n\t\t\t\t\t<\/div>\n\t\t\t\t<\/div>\n\t\t<div class=\"elementor-element elementor-element-0201f84 e-grid e-con-boxed e-con e-parent\" data-id=\"0201f84\" data-element_type=\"container\">\n\t\t\t\t\t<div class=\"e-con-inner\">\n\t\t\t\t<div class=\"elementor-element elementor-element-88b1670 elementor-widget elementor-widget-heading\" data-id=\"88b1670\" data-element_type=\"widget\" data-widget_type=\"heading.default\">\n\t\t\t\t<div class=\"elementor-widget-container\">\n\t\t\t\t\t<h4 class=\"elementor-heading-title elementor-size-default\">Costurile  pentru 1 profesor: 15.192 euro<\/h4>\t\t\t\t<\/div>\n\t\t\t\t<\/div>\n\t\t\t\t<div class=\"elementor-element elementor-element-6c0b1e7 elementor-widget elementor-widget-text-editor\" data-id=\"6c0b1e7\" data-element_type=\"widget\" data-widget_type=\"text-editor.default\">\n\t\t\t\t<div class=\"elementor-widget-container\">\n\t\t\t\t\t\t\t\t\t<p>\u00a0<\/p><p>Viitorul unul copil vulnerabil este nepre\u021buit. <strong>Fiecare pas din cursa ta va fi un pas c\u0103tre via\u021ba pe care fiecare copil \u0219i-o dore\u0219te,<\/strong> dar la care nu are acces f\u0103r\u0103 ajutor, dac\u0103 provine dintr-o comunitate vulnerabil\u0103.\u00a0<\/p><p>\u00a0<\/p><p><strong>Contribu\u021bia ta devine astfel un sprijn direct<\/strong> pentru programul principal Teach \u0219i un factor de schimbare \u00een destinul unui copil. Doar cu sprijinul oamenilor buni ca tine putem oferi educa\u021bie de calitate acolo unde este cea mai mare nevoie.<\/p><p><strong>Cultura reu\u0219itei, dezvoltarea abilit\u0103\u021bilor socio-emo\u021bionale \u0219i aten\u021bia la nevoile fiec\u0103rui elev<\/strong> au demonstrat deja c\u0103 reprezint\u0103 drumul spre succesul garantat: fiecare copil poate recupera dac\u0103 prime\u0219te ajutor.\u00a0<\/p>\t\t\t\t\t\t\t\t<\/div>\n\t\t\t\t<\/div>\n\t\t\t\t\t<\/div>\n\t\t\t\t<\/div>\n\t\t<div class=\"elementor-element elementor-element-e5123fb e-grid e-con-boxed e-con e-parent\" data-id=\"e5123fb\" data-element_type=\"container\">\n\t\t\t\t\t<div class=\"e-con-inner\">\n\t\t\t\t<div class=\"elementor-element elementor-element-d004c14 elementor-widget elementor-widget-image\" data-id=\"d004c14\" data-element_type=\"widget\" data-widget_type=\"image.default\">\n\t\t\t\t<div class=\"elementor-widget-container\">\n\t\t\t\t\t\t\t\t\t\t\t\t\t\t\t<img decoding=\"async\" width=\"800\" height=\"359\" src=\"https:\/\/teachforromania.org\/wp-content\/uploads\/2026\/03\/Screenshot-2026-03-02-145343-1024x460.png\" class=\"attachment-large size-large wp-image-23530\" alt=\"\" srcset=\"https:\/\/teachforromania.org\/wp-content\/uploads\/2026\/03\/Screenshot-2026-03-02-145343-1024x460.png 1024w, https:\/\/teachforromania.org\/wp-content\/uploads\/2026\/03\/Screenshot-2026-03-02-145343-300x135.png 300w, https:\/\/teachforromania.org\/wp-content\/uploads\/2026\/03\/Screenshot-2026-03-02-145343-768x345.png 768w, https:\/\/teachforromania.org\/wp-content\/uploads\/2026\/03\/Screenshot-2026-03-02-145343.png 1087w\" sizes=\"(max-width: 800px) 100vw, 800px\" \/>\t\t\t\t\t\t\t\t\t\t\t\t\t\t\t<\/div>\n\t\t\t\t<\/div>\n\t\t\t\t\t<\/div>\n\t\t\t\t<\/div>\n\t\t<div class=\"elementor-element elementor-element-6200a01 e-grid e-con-boxed e-con e-parent\" data-id=\"6200a01\" data-element_type=\"container\">\n\t\t\t\t\t<div class=\"e-con-inner\">\n\t\t\t\t<div class=\"elementor-element elementor-element-1051b86 elementor-widget elementor-widget-heading\" data-id=\"1051b86\" data-element_type=\"widget\" data-widget_type=\"heading.default\">\n\t\t\t\t<div class=\"elementor-widget-container\">\n\t\t\t\t\t<h2 class=\"elementor-heading-title elementor-size-default\">Ce trebuie s\u0103 faci?<\/h2>\t\t\t\t<\/div>\n\t\t\t\t<\/div>\n\t\t\t\t\t<\/div>\n\t\t\t\t<\/div>\n\t\t<div class=\"elementor-element elementor-element-45945d3 e-grid e-con-boxed e-con e-parent\" data-id=\"45945d3\" data-element_type=\"container\">\n\t\t\t\t\t<div class=\"e-con-inner\">\n\t\t\t\t<div class=\"elementor-element elementor-element-1936fa0 elementor-widget elementor-widget-text-editor\" data-id=\"1936fa0\" data-element_type=\"widget\" data-widget_type=\"text-editor.default\">\n\t\t\t\t<div class=\"elementor-widget-container\">\n\t\t\t\t\t\t\t\t\t<p>\u00a0<\/p><ul><li>Dac\u0103 vrei s\u0103 vii doar tu, sau al\u0103turi de prietenii t\u0103i, completeaz\u0103 formularul de mai jos \u0219i vom reveni c\u0103tre tine \u00een cel mai scurt timp. \u00censcrierea se face fie printr-o dona\u021bie de 500 de lei indifrerent de cursa aleas\u0103, fie prin deschiderea unei pagini de Galantom, pe care o preg\u0103tim noi pentru tine, unde po\u021bi face fundraising de la prieteni pentru a acoperi taxa de \u00eenscriere, aleg\u00e2nd un target de minim 500 lei. Aceast\u0103 tax\u0103 presupune \u00eenscrierea la maraton, tricoul \u0219i accesoriile Teach. Curaj! Te a\u0219tept\u0103m cu drag! Contact: alina.florescu@teachforromania.ro<\/li><\/ul>\t\t\t\t\t\t\t\t<\/div>\n\t\t\t\t<\/div>\n\t\t\t\t<div class=\"elementor-element elementor-element-c9e1a50 elementor-widget elementor-widget-text-editor\" data-id=\"c9e1a50\" data-element_type=\"widget\" data-widget_type=\"text-editor.default\">\n\t\t\t\t<div class=\"elementor-widget-container\">\n\t\t\t\t\t\t\t\t\t<ul><li>Dac\u0103 vrei s\u0103 vii al\u0103turi de compania ta, trimite un email la iulia.caplea@teachforromania.ro. Compania poate alege un pachet de sponsorizare care include \u00eenscrierile pentru to\u021bi angaja\u021bii, tricourile \u0219i accesoriile Teach. Vom lua leg\u0103tura cu voi \u0219i vom stabili toate detaliile necesare particip\u0103rii. Invit\u0103-\u021bi colegii, prezint\u0103 organiz\u021bia \u0219i face\u021bi \u00eempreun\u0103 o fapt\u0103 bun\u0103, cu impact pe termen lung, ca \u00eentr-un teambuilfing \u00een care c\u00e2\u0219tiga\u021bi mai mult dec\u00e2t o experien\u021b\u0103 \u00eempreun\u0103 &#8211; face\u021bi fapte bune pentru voi, copiii vulnerabili \u0219i s\u0103n\u0103tatea voastr\u0103! Contact: iulia.caplea@teachforromania.ro<\/li><\/ul>\t\t\t\t\t\t\t\t<\/div>\n\t\t\t\t<\/div>\n\t\t\t\t\t<\/div>\n\t\t\t\t<\/div>\n\t\t<div class=\"elementor-element elementor-element-f732966 e-flex e-con-boxed e-con e-parent\" data-id=\"f732966\" data-element_type=\"container\">\n\t\t\t\t\t<div class=\"e-con-inner\">\n\t\t<div class=\"elementor-element elementor-element-77d6ca9 e-con-full e-flex e-con e-child\" data-id=\"77d6ca9\" data-element_type=\"container\">\n\t\t\t\t<div class=\"elementor-element elementor-element-b104000 elementor-widget elementor-widget-image\" data-id=\"b104000\" data-element_type=\"widget\" data-widget_type=\"image.default\">\n\t\t\t\t<div class=\"elementor-widget-container\">\n\t\t\t\t\t\t\t\t\t\t\t\t\t\t\t<img decoding=\"async\" width=\"507\" height=\"463\" src=\"https:\/\/teachforromania.org\/wp-content\/uploads\/2026\/03\/Screenshot-2026-03-02-183217-e1773059713900.png\" class=\"attachment-large size-large wp-image-23547\" alt=\"\" srcset=\"https:\/\/teachforromania.org\/wp-content\/uploads\/2026\/03\/Screenshot-2026-03-02-183217-e1773059713900.png 507w, https:\/\/teachforromania.org\/wp-content\/uploads\/2026\/03\/Screenshot-2026-03-02-183217-e1773059713900-300x274.png 300w\" sizes=\"(max-width: 507px) 100vw, 507px\" \/>\t\t\t\t\t\t\t\t\t\t\t\t\t\t\t<\/div>\n\t\t\t\t<\/div>\n\t\t\t\t<\/div>\n\t\t<div class=\"elementor-element elementor-element-18e5daa e-con-full e-flex e-con e-child\" data-id=\"18e5daa\" data-element_type=\"container\">\n\t\t<div class=\"elementor-element elementor-element-01bfd2b e-con-full e-flex e-con e-child\" data-id=\"01bfd2b\" data-element_type=\"container\">\n\t\t\t\t<div class=\"elementor-element elementor-element-311c309 elementor-widget elementor-widget-image\" data-id=\"311c309\" data-element_type=\"widget\" data-widget_type=\"image.default\">\n\t\t\t\t<div class=\"elementor-widget-container\">\n\t\t\t\t\t\t\t\t\t\t\t\t\t\t\t<img loading=\"lazy\" decoding=\"async\" width=\"800\" height=\"320\" src=\"https:\/\/teachforromania.org\/wp-content\/uploads\/2026\/03\/Screenshot-2026-03-02-181640-1024x409.png\" class=\"attachment-large size-large wp-image-23551\" alt=\"\" srcset=\"https:\/\/teachforromania.org\/wp-content\/uploads\/2026\/03\/Screenshot-2026-03-02-181640-1024x409.png 1024w, https:\/\/teachforromania.org\/wp-content\/uploads\/2026\/03\/Screenshot-2026-03-02-181640-300x120.png 300w, https:\/\/teachforromania.org\/wp-content\/uploads\/2026\/03\/Screenshot-2026-03-02-181640-768x306.png 768w, https:\/\/teachforromania.org\/wp-content\/uploads\/2026\/03\/Screenshot-2026-03-02-181640.png 1075w\" sizes=\"(max-width: 800px) 100vw, 800px\" \/>\t\t\t\t\t\t\t\t\t\t\t\t\t\t\t<\/div>\n\t\t\t\t<\/div>\n\t\t\t\t<\/div>\n\t\t<div class=\"elementor-element elementor-element-dd76161 e-con-full e-flex e-con e-child\" data-id=\"dd76161\" data-element_type=\"container\">\n\t\t\t\t<div class=\"elementor-element elementor-element-8fd819d elementor-widget elementor-widget-image\" data-id=\"8fd819d\" data-element_type=\"widget\" data-widget_type=\"image.default\">\n\t\t\t\t<div class=\"elementor-widget-container\">\n\t\t\t\t\t\t\t\t\t\t\t\t\t\t\t<img loading=\"lazy\" decoding=\"async\" width=\"800\" height=\"354\" src=\"https:\/\/teachforromania.org\/wp-content\/uploads\/2026\/03\/Screenshot-2026-03-02-181718-1-1024x453.png\" class=\"attachment-large size-large wp-image-23549\" alt=\"\" srcset=\"https:\/\/teachforromania.org\/wp-content\/uploads\/2026\/03\/Screenshot-2026-03-02-181718-1-1024x453.png 1024w, https:\/\/teachforromania.org\/wp-content\/uploads\/2026\/03\/Screenshot-2026-03-02-181718-1-300x133.png 300w, https:\/\/teachforromania.org\/wp-content\/uploads\/2026\/03\/Screenshot-2026-03-02-181718-1-768x340.png 768w, https:\/\/teachforromania.org\/wp-content\/uploads\/2026\/03\/Screenshot-2026-03-02-181718-1.png 1065w\" sizes=\"(max-width: 800px) 100vw, 800px\" \/>\t\t\t\t\t\t\t\t\t\t\t\t\t\t\t<\/div>\n\t\t\t\t<\/div>\n\t\t\t\t<\/div>\n\t\t\t\t<\/div>\n\t\t\t\t\t<\/div>\n\t\t\t\t<\/div>\n\t\t<div class=\"elementor-element elementor-element-f0a795f e-grid e-con-boxed e-con e-parent\" data-id=\"f0a795f\" data-element_type=\"container\">\n\t\t\t\t\t<div class=\"e-con-inner\">\n\t\t\t\t<div class=\"elementor-element elementor-element-c8aa17a elementor-widget elementor-widget-heading\" data-id=\"c8aa17a\" data-element_type=\"widget\" data-widget_type=\"heading.default\">\n\t\t\t\t<div class=\"elementor-widget-container\">\n\t\t\t\t\t<h2 class=\"elementor-heading-title elementor-size-default\">\u00censcrie-te \u0219i tu!<\/h2>\t\t\t\t<\/div>\n\t\t\t\t<\/div>\n\t\t\t\t\t<\/div>\n\t\t\t\t<\/div>\n\t\t<div class=\"elementor-element elementor-element-7234bba e-grid e-con-boxed e-con e-parent\" data-id=\"7234bba\" data-element_type=\"container\">\n\t\t\t\t\t<div class=\"e-con-inner\">\n\t\t\t\t<div class=\"elementor-element elementor-element-11f90ca elementor-button-align-stretch elementor-widget elementor-widget-form\" data-id=\"11f90ca\" data-element_type=\"widget\" data-settings=\"{&quot;step_next_label&quot;:&quot;Next&quot;,&quot;step_previous_label&quot;:&quot;Previous&quot;,&quot;button_width&quot;:&quot;100&quot;,&quot;step_type&quot;:&quot;number_text&quot;,&quot;step_icon_shape&quot;:&quot;circle&quot;}\" data-widget_type=\"form.default\">\n\t\t\t\t<div class=\"elementor-widget-container\">\n\t\t\t\t\t\t\t<form class=\"elementor-form\" method=\"post\" name=\"Semimaraton\" aria-label=\"Semimaraton\">\n\t\t\t<input type=\"hidden\" name=\"post_id\" value=\"23522\"\/>\n\t\t\t<input type=\"hidden\" name=\"form_id\" value=\"11f90ca\"\/>\n\t\t\t<input type=\"hidden\" name=\"referer_title\" value=\"\" \/>\n\n\t\t\t\n\t\t\t<div class=\"elementor-form-fields-wrapper elementor-labels-above\">\n\t\t\t\t\t\t\t\t<div class=\"elementor-field-type-text elementor-field-group elementor-column elementor-field-group-name elementor-col-100\">\n\t\t\t\t\t\t\t\t\t\t\t\t<label for=\"form-field-name\" class=\"elementor-field-label\">\n\t\t\t\t\t\t\t\tNume\t\t\t\t\t\t\t<\/label>\n\t\t\t\t\t\t\t\t\t\t\t\t\t\t<input size=\"1\" type=\"text\" name=\"form_fields[name]\" id=\"form-field-name\" class=\"elementor-field elementor-size-sm  elementor-field-textual\" placeholder=\"Nume\">\n\t\t\t\t\t\t\t\t\t\t\t<\/div>\n\t\t\t\t\t\t\t\t<div class=\"elementor-field-type-email elementor-field-group elementor-column elementor-field-group-email elementor-col-100 elementor-field-required\">\n\t\t\t\t\t\t\t\t\t\t\t\t<label for=\"form-field-email\" class=\"elementor-field-label\">\n\t\t\t\t\t\t\t\tEmail\t\t\t\t\t\t\t<\/label>\n\t\t\t\t\t\t\t\t\t\t\t\t\t\t<input size=\"1\" type=\"email\" name=\"form_fields[email]\" id=\"form-field-email\" class=\"elementor-field elementor-size-sm  elementor-field-textual\" placeholder=\"Email\" required=\"required\">\n\t\t\t\t\t\t\t\t\t\t\t<\/div>\n\t\t\t\t\t\t\t\t<div class=\"elementor-field-type-textarea elementor-field-group elementor-column elementor-field-group-field_e63acc2 elementor-col-100\">\n\t\t\t\t\t\t\t\t\t\t\t\t<label for=\"form-field-field_e63acc2\" class=\"elementor-field-label\">\n\t\t\t\t\t\t\t\tTelefon\t\t\t\t\t\t\t<\/label>\n\t\t\t\t\t\t<textarea class=\"elementor-field-textual elementor-field  elementor-size-sm\" name=\"form_fields[field_e63acc2]\" id=\"form-field-field_e63acc2\" rows=\"1\"><\/textarea>\t\t\t\t<\/div>\n\t\t\t\t\t\t\t\t<div class=\"elementor-field-type-text elementor-field-group elementor-column elementor-field-group-field_e991e14 elementor-col-100\">\n\t\t\t\t\t\t\t\t\t\t\t\t<label for=\"form-field-field_e991e14\" class=\"elementor-field-label\">\n\t\t\t\t\t\t\t\tVrei s\u0103 alergi 2,5 km, 10 km, \u0219tafet\u0103, 21 km?\t\t\t\t\t\t\t<\/label>\n\t\t\t\t\t\t\t\t\t\t\t\t\t\t<input size=\"1\" type=\"text\" name=\"form_fields[field_e991e14]\" id=\"form-field-field_e991e14\" class=\"elementor-field elementor-size-sm  elementor-field-textual\">\n\t\t\t\t\t\t\t\t\t\t\t<\/div>\n\t\t\t\t\t\t\t\t<div class=\"elementor-field-type-text elementor-field-group elementor-column elementor-field-group-field_dbd2714 elementor-col-100\">\n\t\t\t\t\t\t\t\t\t\t\t\t<label for=\"form-field-field_dbd2714\" class=\"elementor-field-label\">\n\t\t\t\t\t\t\t\tCe m\u0103rime de tricou preferi - S,M, L, XL?\t\t\t\t\t\t\t<\/label>\n\t\t\t\t\t\t\t\t\t\t\t\t\t\t<input size=\"1\" type=\"text\" name=\"form_fields[field_dbd2714]\" id=\"form-field-field_dbd2714\" class=\"elementor-field elementor-size-sm  elementor-field-textual\">\n\t\t\t\t\t\t\t\t\t\t\t<\/div>\n\t\t\t\t\t\t\t\t<div class=\"elementor-field-group elementor-column elementor-field-type-submit elementor-col-100 e-form__buttons\">\n\t\t\t\t\t<button class=\"elementor-button elementor-size-xl\" type=\"submit\">\n\t\t\t\t\t\t<span class=\"elementor-button-content-wrapper\">\n\t\t\t\t\t\t\t\t\t\t\t\t\t\t\t\t\t\t\t\t\t\t<span class=\"elementor-button-text\">Trimite<\/span>\n\t\t\t\t\t\t\t\t\t\t\t\t\t<\/span>\n\t\t\t\t\t<\/button>\n\t\t\t\t<\/div>\n\t\t\t<\/div>\n\t\t<\/form>\n\t\t\t\t\t\t<\/div>\n\t\t\t\t<\/div>\n\t\t\t\t<div class=\"elementor-element elementor-element-4f2e9f5 elementor-widget elementor-widget-image\" data-id=\"4f2e9f5\" data-element_type=\"widget\" data-widget_type=\"image.default\">\n\t\t\t\t<div class=\"elementor-widget-container\">\n\t\t\t\t\t\t\t\t\t\t\t\t\t\t\t<img loading=\"lazy\" decoding=\"async\" width=\"1242\" height=\"576\" src=\"https:\/\/teachforromania.org\/wp-content\/uploads\/2026\/03\/Screenshot-2026-03-02-145308.png\" class=\"attachment-2048x2048 size-2048x2048 wp-image-23525\" alt=\"\" srcset=\"https:\/\/teachforromania.org\/wp-content\/uploads\/2026\/03\/Screenshot-2026-03-02-145308.png 1242w, https:\/\/teachforromania.org\/wp-content\/uploads\/2026\/03\/Screenshot-2026-03-02-145308-300x139.png 300w, https:\/\/teachforromania.org\/wp-content\/uploads\/2026\/03\/Screenshot-2026-03-02-145308-1024x475.png 1024w, https:\/\/teachforromania.org\/wp-content\/uploads\/2026\/03\/Screenshot-2026-03-02-145308-768x356.png 768w\" sizes=\"(max-width: 1242px) 100vw, 1242px\" \/>\t\t\t\t\t\t\t\t\t\t\t\t\t\t\t<\/div>\n\t\t\t\t<\/div>\n\t\t\t\t\t<\/div>\n\t\t\t\t<\/div>\n\t\t\t\t<\/div>\n\t\t","protected":false},"excerpt":{"rendered":"<p>Hai \u0219i tu \u00een Team Teach! \u00censcrie-te azi! E\u0219ti gata s\u0103 \u00eembini utilul cu pl\u0103cutul? Fapte bune \u0219i s\u0103n\u0103tate la pachet &#8211; asta \u00eenseamn\u0103 s\u0103 vii al\u0103turi de noi la Semimaratonul din 9-10 mai! Po\u021bi veni doar tu, sau po\u021bi veni al\u0103turi de colegii sau prietenii t\u0103i. Noi vom fi acolo pentru tine \u0219i \u00ee\u021bi [&hellip;]<\/p>\n","protected":false},"author":2,"featured_media":23523,"parent":0,"menu_order":0,"comment_status":"closed","ping_status":"closed","template":"","meta":{"_acf_changed":false,"footnotes":""},"class_list":["post-23522","page","type-page","status-publish","has-post-thumbnail","hentry"],"acf":[],"_links":{"self":[{"href":"https:\/\/teachforromania.org\/en\/wp-json\/wp\/v2\/pages\/23522","targetHints":{"allow":["GET"]}}],"collection":[{"href":"https:\/\/teachforromania.org\/en\/wp-json\/wp\/v2\/pages"}],"about":[{"href":"https:\/\/teachforromania.org\/en\/wp-json\/wp\/v2\/types\/page"}],"author":[{"embeddable":true,"href":"https:\/\/teachforromania.org\/en\/wp-json\/wp\/v2\/users\/2"}],"replies":[{"embeddable":true,"href":"https:\/\/teachforromania.org\/en\/wp-json\/wp\/v2\/comments?post=23522"}],"version-history":[{"count":68,"href":"https:\/\/teachforromania.org\/en\/wp-json\/wp\/v2\/pages\/23522\/revisions"}],"predecessor-version":[{"id":23743,"href":"https:\/\/teachforromania.org\/en\/wp-json\/wp\/v2\/pages\/23522\/revisions\/23743"}],"wp:featuredmedia":[{"embeddable":true,"href":"https:\/\/teachforromania.org\/en\/wp-json\/wp\/v2\/media\/23523"}],"wp:attachment":[{"href":"https:\/\/teachforromania.org\/en\/wp-json\/wp\/v2\/media?parent=23522"}],"curies":[{"name":"wp","href":"https:\/\/api.w.org\/{rel}","templated":true}]}}