{"id":21266,"date":"2025-10-23T08:26:21","date_gmt":"2025-10-23T08:26:21","guid":{"rendered":"https:\/\/teachforromania.org\/?page_id=21266"},"modified":"2025-10-23T08:26:21","modified_gmt":"2025-10-23T08:26:21","slug":"vii-din-alte-domenii","status":"publish","type":"page","link":"https:\/\/teachforromania.org\/en\/vii-din-alte-domenii\/","title":{"rendered":"Vii din alte domenii"},"content":{"rendered":"\t\t<div data-elementor-type=\"wp-page\" data-elementor-id=\"21266\" class=\"elementor elementor-21266\" data-elementor-post-type=\"page\">\n\t\t\t\t<div class=\"elementor-element elementor-element-6587fc0 e-con-full e-flex e-con e-parent\" data-id=\"6587fc0\" data-element_type=\"container\">\n\t\t<div class=\"elementor-element elementor-element-8bffc94 e-flex e-con-boxed e-con e-child\" data-id=\"8bffc94\" data-element_type=\"container\" data-settings=\"{&quot;background_background&quot;:&quot;classic&quot;}\">\n\t\t\t\t\t<div class=\"e-con-inner\">\n\t\t<div class=\"elementor-element elementor-element-bffe24b e-con-full e-flex e-con e-child\" data-id=\"bffe24b\" data-element_type=\"container\">\n\t\t\t\t<div class=\"elementor-element elementor-element-09bfd7c elementor-widget elementor-widget-image\" data-id=\"09bfd7c\" data-element_type=\"widget\" data-widget_type=\"image.default\">\n\t\t\t\t<div class=\"elementor-widget-container\">\n\t\t\t\t\t\t\t\t\t\t\t\t\t\t\t\t<a href=\"https:\/\/teachforromania.org\/en\/\">\n\t\t\t\t\t\t\t<img decoding=\"async\" width=\"139\" height=\"64\" src=\"https:\/\/teachforromania.org\/wp-content\/uploads\/2022\/05\/Group-410.svg\" class=\"attachment-full size-full wp-image-12361\" alt=\"\" \/>\t\t\t\t\t\t\t\t<\/a>\n\t\t\t\t\t\t\t\t\t\t\t\t\t\t\t<\/div>\n\t\t\t\t<\/div>\n\t\t\t\t<\/div>\n\t\t\t\t<div class=\"elementor-element elementor-element-b59a92a mt-auto elementor-hidden-desktop elementor-hidden-laptop elementor-hidden-tablet_extra elementor-hidden-tablet elementor-hidden-mobile_extra elementor-hidden-mobile elementor-widget elementor-widget-heading\" data-id=\"b59a92a\" data-element_type=\"widget\" data-widget_type=\"heading.default\">\n\t\t\t\t<div class=\"elementor-widget-container\">\n\t\t\t\t\t<h1 class=\"elementor-heading-title elementor-size-default\"><font class=\"fw-normal\">E\u0218TI PROFESOR \u00ceN SISTEMUL PUBLIC DE \u00ceNV\u0102\u021a\u0102M\u00c2NT?<\/font> <br \/>\nINTR\u0102 \u00ceN COMUNITATEA TEACH FOR ROMANIA<\/h1>\t\t\t\t<\/div>\n\t\t\t\t<\/div>\n\t\t\t\t\t<\/div>\n\t\t\t\t<\/div>\n\t\t\t\t<\/div>\n\t\t<div class=\"elementor-element elementor-element-9f5fc52 e-flex e-con-boxed e-con e-child\" data-id=\"9f5fc52\" data-element_type=\"container\" data-settings=\"{&quot;background_background&quot;:&quot;classic&quot;}\">\n\t\t\t\t\t<div class=\"e-con-inner\">\n\t\t<div class=\"elementor-element elementor-element-8db1118 e-con-full e-flex e-con e-child\" data-id=\"8db1118\" data-element_type=\"container\">\n\t\t\t\t<div class=\"elementor-element elementor-element-3fb63a7 elementor-widget elementor-widget-heading\" data-id=\"3fb63a7\" data-element_type=\"widget\" data-widget_type=\"heading.default\">\n\t\t\t\t<div class=\"elementor-widget-container\">\n\t\t\t\t\t<h2 class=\"elementor-heading-title elementor-size-default\">Vii din alte domenii?<\/h2>\t\t\t\t<\/div>\n\t\t\t\t<\/div>\n\t\t\t\t<\/div>\n\t\t<div class=\"elementor-element elementor-element-70a74f0 e-con-full e-flex e-con e-child\" data-id=\"70a74f0\" data-element_type=\"container\">\n\t\t<div class=\"elementor-element elementor-element-f14e601 e-con-full e-flex e-con e-child\" data-id=\"f14e601\" data-element_type=\"container\">\n\t\t<div class=\"elementor-element elementor-element-dd3ef7c e-flex e-con-boxed e-con e-child\" data-id=\"dd3ef7c\" data-element_type=\"container\">\n\t\t\t\t\t<div class=\"e-con-inner\">\n\t\t\t\t<div class=\"elementor-element elementor-element-fdf48fb elementor-widget elementor-widget-image\" data-id=\"fdf48fb\" data-element_type=\"widget\" data-widget_type=\"image.default\">\n\t\t\t\t<div class=\"elementor-widget-container\">\n\t\t\t\t\t\t\t\t\t\t\t\t\t\t\t<img decoding=\"async\" width=\"136\" height=\"136\" src=\"https:\/\/teachforromania.org\/wp-content\/uploads\/2023\/10\/Group-5.png\" class=\"attachment-full size-full wp-image-16511\" alt=\"\" \/>\t\t\t\t\t\t\t\t\t\t\t\t\t\t\t<\/div>\n\t\t\t\t<\/div>\n\t\t\t\t<div class=\"elementor-element elementor-element-499d122 tfr-m-auto elementor-widget elementor-widget-text-editor\" data-id=\"499d122\" data-element_type=\"widget\" data-widget_type=\"text-editor.default\">\n\t\t\t\t<div class=\"elementor-widget-container\">\n\t\t\t\t\t\t\t\t\tLUCREZI \u00ceN ALT DOMENIU\t\t\t\t\t\t\t\t<\/div>\n\t\t\t\t<\/div>\n\t\t\t\t<div class=\"elementor-element elementor-element-efc73e6 tfr-m-auto elementor-widget elementor-widget-text-editor\" data-id=\"efc73e6\" data-element_type=\"widget\" data-widget_type=\"text-editor.default\">\n\t\t\t\t<div class=\"elementor-widget-container\">\n\t\t\t\t\t\t\t\t\t<p><span class=\"a_GcMg font-feature-liga-off font-feature-clig-off font-feature-calt-off text-decoration-none text-strikethrough-none\">dar \u00ee\u021bi dore\u0219ti o <strong>carier\u0103 cu mai mult sens<\/strong> \u0219i cu <strong>impact \u00een societate<\/strong>. Ai decis c\u0103 \u00een educa\u021bie e cea mai mare nevoie de oameni dedica\u021bi \u0219i Teach te poate ghida \u00een aceast\u0103 <strong>tranzi\u021bie<\/strong> curajoas\u0103.<\/span><\/p>\t\t\t\t\t\t\t\t<\/div>\n\t\t\t\t<\/div>\n\t\t\t\t\t<\/div>\n\t\t\t\t<\/div>\n\t\t\t\t<\/div>\n\t\t<div class=\"elementor-element elementor-element-d15f553 e-con-full e-flex e-con e-child\" data-id=\"d15f553\" data-element_type=\"container\">\n\t\t<div class=\"elementor-element elementor-element-2b68948 e-flex e-con-boxed e-con e-child\" data-id=\"2b68948\" data-element_type=\"container\">\n\t\t\t\t\t<div class=\"e-con-inner\">\n\t\t\t\t<div class=\"elementor-element elementor-element-77b3b66 elementor-widget elementor-widget-image\" data-id=\"77b3b66\" data-element_type=\"widget\" data-widget_type=\"image.default\">\n\t\t\t\t<div class=\"elementor-widget-container\">\n\t\t\t\t\t\t\t\t\t\t\t\t\t\t\t<img decoding=\"async\" width=\"136\" height=\"136\" src=\"https:\/\/teachforromania.org\/wp-content\/uploads\/2023\/10\/Group-6.png\" class=\"attachment-full size-full wp-image-16513\" alt=\"\" \/>\t\t\t\t\t\t\t\t\t\t\t\t\t\t\t<\/div>\n\t\t\t\t<\/div>\n\t\t\t\t<div class=\"elementor-element elementor-element-14f5b82 tfr-m-auto elementor-widget elementor-widget-text-editor\" data-id=\"14f5b82\" data-element_type=\"widget\" data-widget_type=\"text-editor.default\">\n\t\t\t\t<div class=\"elementor-widget-container\">\n\t\t\t\t\t\t\t\t\tLUCREZI \u00ceN ALT DOMENIU\t\t\t\t\t\t\t\t<\/div>\n\t\t\t\t<\/div>\n\t\t\t\t<div class=\"elementor-element elementor-element-ce384c0 tfr-m-auto elementor-widget elementor-widget-text-editor\" data-id=\"ce384c0\" data-element_type=\"widget\" data-widget_type=\"text-editor.default\">\n\t\t\t\t<div class=\"elementor-widget-container\">\n\t\t\t\t\t\t\t\t\t<p><span class=\"a_GcMg font-feature-liga-off font-feature-clig-off font-feature-calt-off text-decoration-none text-strikethrough-none\">dar <strong>\u021bi-ai dorit mereu s\u0103 devii profesor<\/strong>. Poate ai chiar studii de specialitate, dar via\u021ba te-a dus \u00een alte op\u021biuni de carier\u0103 p\u00e2n\u0103 acum \u0219i \u00ee\u0219i dore\u0219ti s\u0103 te \u00eentorci la prima ta dragoste- educa\u021bia.<\/span><\/p>\t\t\t\t\t\t\t\t<\/div>\n\t\t\t\t<\/div>\n\t\t\t\t\t<\/div>\n\t\t\t\t<\/div>\n\t\t\t\t<\/div>\n\t\t<div class=\"elementor-element elementor-element-495fee4 e-con-full e-flex e-con e-child\" data-id=\"495fee4\" data-element_type=\"container\">\n\t\t<div class=\"elementor-element elementor-element-7e28c01 e-flex e-con-boxed e-con e-child\" data-id=\"7e28c01\" data-element_type=\"container\">\n\t\t\t\t\t<div class=\"e-con-inner\">\n\t\t\t\t<div class=\"elementor-element elementor-element-168fc85 elementor-widget elementor-widget-image\" data-id=\"168fc85\" data-element_type=\"widget\" data-widget_type=\"image.default\">\n\t\t\t\t<div class=\"elementor-widget-container\">\n\t\t\t\t\t\t\t\t\t\t\t\t\t\t\t<img loading=\"lazy\" decoding=\"async\" width=\"136\" height=\"136\" src=\"https:\/\/teachforromania.org\/wp-content\/uploads\/2023\/10\/Group-7.png\" class=\"attachment-full size-full wp-image-16515\" alt=\"\" \/>\t\t\t\t\t\t\t\t\t\t\t\t\t\t\t<\/div>\n\t\t\t\t<\/div>\n\t\t\t\t<div class=\"elementor-element elementor-element-6750050 tfr-m-auto elementor-widget elementor-widget-text-editor\" data-id=\"6750050\" data-element_type=\"widget\" data-widget_type=\"text-editor.default\">\n\t\t\t\t<div class=\"elementor-widget-container\">\n\t\t\t\t\t\t\t\t\tE\u0218TI LA \u00ceNCEPUT DE CARIER\u0102\t\t\t\t\t\t\t\t<\/div>\n\t\t\t\t<\/div>\n\t\t\t\t<div class=\"elementor-element elementor-element-27141c9 tfr-m-auto elementor-widget elementor-widget-text-editor\" data-id=\"27141c9\" data-element_type=\"widget\" data-widget_type=\"text-editor.default\">\n\t\t\t\t<div class=\"elementor-widget-container\">\n\t\t\t\t\t\t\t\t\t<p><span class=\"a_GcMg font-feature-liga-off font-feature-clig-off font-feature-calt-off text-decoration-none text-strikethrough-none\">\u0219i vrei s\u0103 te implici \u00eentr-un <strong>domeniu care are impact real<\/strong> \u00een societate. Din facultate \u021bi-ai dorit s\u0103 po\u021bi s\u0103 contribui la o lume mai bun\u0103 \u0219i acum e momentul s\u0103 \u0219i ac\u021bionezi &#8211; s\u0103 \u00ee\u021bi dedici cel pu\u021bin <strong>doi ani<\/strong> celui mai important <strong>job de schimbare \u0219i evolu\u021bie social\u0103<\/strong> &#8211; profesor \u00een mediu vulnerabil.<\/span><\/p>\t\t\t\t\t\t\t\t<\/div>\n\t\t\t\t<\/div>\n\t\t\t\t\t<\/div>\n\t\t\t\t<\/div>\n\t\t\t\t<\/div>\n\t\t\t\t<\/div>\n\t\t\t\t\t<\/div>\n\t\t\t\t<\/div>\n\t\t<div class=\"elementor-element elementor-element-5012437 e-flex e-con-boxed e-con e-child\" data-id=\"5012437\" data-element_type=\"container\" data-settings=\"{&quot;background_background&quot;:&quot;classic&quot;}\">\n\t\t\t\t\t<div class=\"e-con-inner\">\n\t\t<div class=\"elementor-element elementor-element-2402a68 e-con-full e-flex e-con e-child\" data-id=\"2402a68\" data-element_type=\"container\">\n\t\t\t\t<div class=\"elementor-element elementor-element-8f71cd7 elementor-widget elementor-widget-heading\" data-id=\"8f71cd7\" data-element_type=\"widget\" data-widget_type=\"heading.default\">\n\t\t\t\t<div class=\"elementor-widget-container\">\n\t\t\t\t\t<h2 class=\"elementor-heading-title elementor-size-default\">TU E\u0218TI PENTRU TEACH DAC\u0102<\/h2>\t\t\t\t<\/div>\n\t\t\t\t<\/div>\n\t\t\t\t<div class=\"elementor-element elementor-element-a6237b4 tfr-m-auto elementor-widget elementor-widget-text-editor\" data-id=\"a6237b4\" data-element_type=\"widget\" data-widget_type=\"text-editor.default\">\n\t\t\t\t<div class=\"elementor-widget-container\">\n\t\t\t\t\t\t\t\t\t<p>Programul Teach for Romania este o c\u0103l\u0103torie pentru fiecare candidat.<br \/>Te \u00eencuraj\u0103m ca, \u00eenainte s\u0103 porne\u0219ti la drum, s\u0103 te asiguri c\u0103:<\/p>\t\t\t\t\t\t\t\t<\/div>\n\t\t\t\t<\/div>\n\t\t\t\t<\/div>\n\t\t<div class=\"elementor-element elementor-element-c90787d e-con-full e-flex e-con e-child\" data-id=\"c90787d\" data-element_type=\"container\">\n\t\t<div class=\"elementor-element elementor-element-88292a1 e-con-full e-flex e-con e-child\" data-id=\"88292a1\" data-element_type=\"container\">\n\t\t<div class=\"elementor-element elementor-element-e637a09 e-flex e-con-boxed e-con e-child\" data-id=\"e637a09\" data-element_type=\"container\">\n\t\t\t\t\t<div class=\"e-con-inner\">\n\t\t\t\t<div class=\"elementor-element elementor-element-8bc6f9a elementor-widget elementor-widget-image\" data-id=\"8bc6f9a\" data-element_type=\"widget\" data-widget_type=\"image.default\">\n\t\t\t\t<div class=\"elementor-widget-container\">\n\t\t\t\t\t\t\t\t\t\t\t\t\t\t\t<img loading=\"lazy\" decoding=\"async\" width=\"136\" height=\"136\" src=\"https:\/\/teachforromania.org\/wp-content\/uploads\/2023\/10\/Group-8.png\" class=\"attachment-full size-full wp-image-16517\" alt=\"\" \/>\t\t\t\t\t\t\t\t\t\t\t\t\t\t\t<\/div>\n\t\t\t\t<\/div>\n\t\t\t\t<div class=\"elementor-element elementor-element-57bec76 tfr-m-auto elementor-widget elementor-widget-text-editor\" data-id=\"57bec76\" data-element_type=\"widget\" data-widget_type=\"text-editor.default\">\n\t\t\t\t<div class=\"elementor-widget-container\">\n\t\t\t\t\t\t\t\t\t<p>\u00cen\u021belegi c\u0103 programul Teach for Romania reprezint\u0103 un <strong>angajament ini\u021bial de 2 ani<\/strong> de implicare ca educator, \u00eenv\u0103\u021b\u0103tor, profesor sau director \u00eentr-o \u0219coal\u0103 public\u0103 cu grad mare de defavorizare, conform indicelui IRSE. Dac\u0103 nu lucrezi acum \u00eentr-o astfel de \u0219coal\u0103, va trebui s\u0103 \u00ee\u021bi <strong>schimbi locul de munc\u0103.<\/strong><\/p>\t\t\t\t\t\t\t\t<\/div>\n\t\t\t\t<\/div>\n\t\t\t\t\t<\/div>\n\t\t\t\t<\/div>\n\t\t\t\t<\/div>\n\t\t<div class=\"elementor-element elementor-element-5be4588 e-con-full e-flex e-con e-child\" data-id=\"5be4588\" data-element_type=\"container\">\n\t\t<div class=\"elementor-element elementor-element-5846608 e-flex e-con-boxed e-con e-child\" data-id=\"5846608\" data-element_type=\"container\">\n\t\t\t\t\t<div class=\"e-con-inner\">\n\t\t\t\t<div class=\"elementor-element elementor-element-be7d1f0 elementor-widget elementor-widget-image\" data-id=\"be7d1f0\" data-element_type=\"widget\" data-widget_type=\"image.default\">\n\t\t\t\t<div class=\"elementor-widget-container\">\n\t\t\t\t\t\t\t\t\t\t\t\t\t\t\t<img loading=\"lazy\" decoding=\"async\" width=\"136\" height=\"136\" src=\"https:\/\/teachforromania.org\/wp-content\/uploads\/2023\/10\/Group-9.png\" class=\"attachment-full size-full wp-image-16519\" alt=\"\" \/>\t\t\t\t\t\t\t\t\t\t\t\t\t\t\t<\/div>\n\t\t\t\t<\/div>\n\t\t\t\t<div class=\"elementor-element elementor-element-88d870a tfr-m-auto elementor-widget elementor-widget-text-editor\" data-id=\"88d870a\" data-element_type=\"widget\" data-widget_type=\"text-editor.default\">\n\t\t\t\t<div class=\"elementor-widget-container\">\n\t\t\t\t\t\t\t\t\t<p>Vei fi disponibil\/disponibil\u0103 <strong>full-time 5 s\u0103pt\u0103m\u00e2ni consecutive<\/strong>, \u00een iulie \u2013august 2025, pentru participarea la <strong>Academia de Leadership \u0219i Formare \u00een Educa\u021bie<\/strong>. Din acestea, 3 s\u0103pt\u0103m\u00e2ni vor presupune relocarea \u00eentr-o comunitate vulnerabil\u0103;<\/p>\t\t\t\t\t\t\t\t<\/div>\n\t\t\t\t<\/div>\n\t\t\t\t\t<\/div>\n\t\t\t\t<\/div>\n\t\t\t\t<\/div>\n\t\t<div class=\"elementor-element elementor-element-56f42bb e-con-full e-flex e-con e-child\" data-id=\"56f42bb\" data-element_type=\"container\">\n\t\t<div class=\"elementor-element elementor-element-ff8174e e-flex e-con-boxed e-con e-child\" data-id=\"ff8174e\" data-element_type=\"container\">\n\t\t\t\t\t<div class=\"e-con-inner\">\n\t\t\t\t<div class=\"elementor-element elementor-element-c86a016 elementor-widget elementor-widget-image\" data-id=\"c86a016\" data-element_type=\"widget\" data-widget_type=\"image.default\">\n\t\t\t\t<div class=\"elementor-widget-container\">\n\t\t\t\t\t\t\t\t\t\t\t\t\t\t\t<img loading=\"lazy\" decoding=\"async\" width=\"136\" height=\"136\" src=\"https:\/\/teachforromania.org\/wp-content\/uploads\/2023\/10\/Group-10.png\" class=\"attachment-full size-full wp-image-16521\" alt=\"\" \/>\t\t\t\t\t\t\t\t\t\t\t\t\t\t\t<\/div>\n\t\t\t\t<\/div>\n\t\t\t\t<div class=\"elementor-element elementor-element-43f440e tfr-m-auto elementor-widget elementor-widget-text-editor\" data-id=\"43f440e\" data-element_type=\"widget\" data-widget_type=\"text-editor.default\">\n\t\t\t\t<div class=\"elementor-widget-container\">\n\t\t\t\t\t\t\t\t\t<p>\u00ce\u021bi vei adapta planificarea sau vei <strong>integra principiile Teach for Romania<\/strong>, \u00een\u021beleg\u00e2nd c\u0103 programul nu presupune doar formare, ci \u0219i mentorat \u0219i sprijin \u00een implementarea metodelor predate.<\/p>\t\t\t\t\t\t\t\t<\/div>\n\t\t\t\t<\/div>\n\t\t\t\t\t<\/div>\n\t\t\t\t<\/div>\n\t\t\t\t<\/div>\n\t\t\t\t<\/div>\n\t\t<div class=\"elementor-element elementor-element-cc3def9 e-con-full e-flex e-con e-child\" data-id=\"cc3def9\" data-element_type=\"container\">\n\t\t<div class=\"elementor-element elementor-element-814acd0 e-con-full e-flex e-con e-child\" data-id=\"814acd0\" data-element_type=\"container\">\n\t\t<div class=\"elementor-element elementor-element-e49539d e-flex e-con-boxed e-con e-child\" data-id=\"e49539d\" data-element_type=\"container\">\n\t\t\t\t\t<div class=\"e-con-inner\">\n\t\t\t\t<div class=\"elementor-element elementor-element-cd200b2 elementor-widget elementor-widget-image\" data-id=\"cd200b2\" data-element_type=\"widget\" data-widget_type=\"image.default\">\n\t\t\t\t<div class=\"elementor-widget-container\">\n\t\t\t\t\t\t\t\t\t\t\t\t\t\t\t<img loading=\"lazy\" decoding=\"async\" width=\"136\" height=\"136\" src=\"https:\/\/teachforromania.org\/wp-content\/uploads\/2023\/10\/Group-11.png\" class=\"attachment-full size-full wp-image-16523\" alt=\"\" \/>\t\t\t\t\t\t\t\t\t\t\t\t\t\t\t<\/div>\n\t\t\t\t<\/div>\n\t\t\t\t<div class=\"elementor-element elementor-element-d4e9732 tfr-m-auto elementor-widget elementor-widget-text-editor\" data-id=\"d4e9732\" data-element_type=\"widget\" data-widget_type=\"text-editor.default\">\n\t\t\t\t<div class=\"elementor-widget-container\">\n\t\t\t\t\t\t\t\t\t<p>\u00cen timpul celor 2 ani de program, vei fi disponibil\/disponibil\u0103 periodic pentru <strong>form\u0103ri seara \u0219i \u00een weekend<\/strong>. Av\u00e2nd \u00een vedere num\u0103rul mare de participan\u021bi \u0219i programelor lor diferite de predare, form\u0103rile nu pot avea loc dec\u00e2t \u00een aceste intervale de \u201dtimp liber\u201d.<\/p>\t\t\t\t\t\t\t\t<\/div>\n\t\t\t\t<\/div>\n\t\t\t\t\t<\/div>\n\t\t\t\t<\/div>\n\t\t\t\t<\/div>\n\t\t<div class=\"elementor-element elementor-element-7af6060 e-con-full e-flex e-con e-child\" data-id=\"7af6060\" data-element_type=\"container\">\n\t\t<div class=\"elementor-element elementor-element-0f7937c e-flex e-con-boxed e-con e-child\" data-id=\"0f7937c\" data-element_type=\"container\">\n\t\t\t\t\t<div class=\"e-con-inner\">\n\t\t\t\t<div class=\"elementor-element elementor-element-8ed3b9a elementor-widget elementor-widget-image\" data-id=\"8ed3b9a\" data-element_type=\"widget\" data-widget_type=\"image.default\">\n\t\t\t\t<div class=\"elementor-widget-container\">\n\t\t\t\t\t\t\t\t\t\t\t\t\t\t\t<img loading=\"lazy\" decoding=\"async\" width=\"136\" height=\"136\" src=\"https:\/\/teachforromania.org\/wp-content\/uploads\/2023\/10\/Group-12.png\" class=\"attachment-full size-full wp-image-16525\" alt=\"\" \/>\t\t\t\t\t\t\t\t\t\t\t\t\t\t\t<\/div>\n\t\t\t\t<\/div>\n\t\t\t\t<div class=\"elementor-element elementor-element-5f667b0 tfr-m-auto elementor-widget elementor-widget-text-editor\" data-id=\"5f667b0\" data-element_type=\"widget\" data-widget_type=\"text-editor.default\">\n\t\t\t\t<div class=\"elementor-widget-container\">\n\t\t\t\t\t\t\t\t\t<p>Vei interveni \u00een <strong>clas\u0103<\/strong>, dar \u0219i dincolo de aceasta, \u00een <strong>cancelarie<\/strong> \u0219i \u00een <strong>comunitatea<\/strong> \u00een care elevii tr\u0103iesc, unde Teach for Romania \u00ee\u0219i propune s\u0103 lupte \u00eempotriva <strong>abandonului \u0219colar, a discrimin\u0103rii \u0219i inechit\u0103\u021bii, \u0219i pentru siguran\u021ba copilului, \u0219anse egale la educa\u021bie de calitate.<\/strong><\/p>\t\t\t\t\t\t\t\t<\/div>\n\t\t\t\t<\/div>\n\t\t\t\t\t<\/div>\n\t\t\t\t<\/div>\n\t\t\t\t<\/div>\n\t\t<div class=\"elementor-element elementor-element-0071915 e-con-full e-flex e-con e-child\" data-id=\"0071915\" data-element_type=\"container\">\n\t\t<div class=\"elementor-element elementor-element-1c01e7a e-flex e-con-boxed e-con e-child\" data-id=\"1c01e7a\" data-element_type=\"container\">\n\t\t\t\t\t<div class=\"e-con-inner\">\n\t\t\t\t<div class=\"elementor-element elementor-element-39f7dd9 elementor-widget elementor-widget-image\" data-id=\"39f7dd9\" data-element_type=\"widget\" data-widget_type=\"image.default\">\n\t\t\t\t<div class=\"elementor-widget-container\">\n\t\t\t\t\t\t\t\t\t\t\t\t\t\t\t<img loading=\"lazy\" decoding=\"async\" width=\"136\" height=\"136\" src=\"https:\/\/teachforromania.org\/wp-content\/uploads\/2023\/10\/Group-13.png\" class=\"attachment-full size-full wp-image-16527\" alt=\"\" \/>\t\t\t\t\t\t\t\t\t\t\t\t\t\t\t<\/div>\n\t\t\t\t<\/div>\n\t\t\t\t<div class=\"elementor-element elementor-element-cf94b82 tfr-m-auto elementor-widget elementor-widget-text-editor\" data-id=\"cf94b82\" data-element_type=\"widget\" data-widget_type=\"text-editor.default\">\n\t\t\t\t<div class=\"elementor-widget-container\">\n\t\t\t\t\t\t\t\t\t<p>Nu ai antecedente referitoare la orice fel de nerespectare a drepturilor \u0219i libert\u0103\u021bilor copiilor, nu ai abuzat (fizic, emo\u021bional, psihologic, sexual \u015fi economic cf. Legii nr. 272\/2004, Sec\u021biunea a 3-a, art. 94) niciun copil \u0219i po\u021bi oferi cazierul judiciar, la cerere.<\/p>\t\t\t\t\t\t\t\t<\/div>\n\t\t\t\t<\/div>\n\t\t\t\t\t<\/div>\n\t\t\t\t<\/div>\n\t\t\t\t<\/div>\n\t\t\t\t<\/div>\n\t\t\t\t\t<\/div>\n\t\t\t\t<\/div>\n\t\t\t\t<\/div>\n\t\t","protected":false},"excerpt":{"rendered":"<p>E\u0218TI PROFESOR \u00ceN SISTEMUL PUBLIC DE \u00ceNV\u0102\u021a\u0102M\u00c2NT? INTR\u0102 \u00ceN COMUNITATEA TEACH FOR ROMANIA Vii din alte domenii? LUCREZI \u00ceN ALT DOMENIU dar \u00ee\u021bi dore\u0219ti o carier\u0103 cu mai mult sens \u0219i cu impact \u00een societate. Ai decis c\u0103 \u00een educa\u021bie e cea mai mare nevoie de oameni dedica\u021bi \u0219i Teach te poate ghida \u00een aceast\u0103 [&hellip;]<\/p>\n","protected":false},"author":1,"featured_media":0,"parent":0,"menu_order":0,"comment_status":"closed","ping_status":"closed","template":"","meta":{"_acf_changed":false,"footnotes":""},"class_list":["post-21266","page","type-page","status-publish","hentry"],"acf":[],"_links":{"self":[{"href":"https:\/\/teachforromania.org\/en\/wp-json\/wp\/v2\/pages\/21266","targetHints":{"allow":["GET"]}}],"collection":[{"href":"https:\/\/teachforromania.org\/en\/wp-json\/wp\/v2\/pages"}],"about":[{"href":"https:\/\/teachforromania.org\/en\/wp-json\/wp\/v2\/types\/page"}],"author":[{"embeddable":true,"href":"https:\/\/teachforromania.org\/en\/wp-json\/wp\/v2\/users\/1"}],"replies":[{"embeddable":true,"href":"https:\/\/teachforromania.org\/en\/wp-json\/wp\/v2\/comments?post=21266"}],"version-history":[{"count":22,"href":"https:\/\/teachforromania.org\/en\/wp-json\/wp\/v2\/pages\/21266\/revisions"}],"predecessor-version":[{"id":21567,"href":"https:\/\/teachforromania.org\/en\/wp-json\/wp\/v2\/pages\/21266\/revisions\/21567"}],"wp:attachment":[{"href":"https:\/\/teachforromania.org\/en\/wp-json\/wp\/v2\/media?parent=21266"}],"curies":[{"name":"wp","href":"https:\/\/api.w.org\/{rel}","templated":true}]}}