{"id":20981,"date":"2025-09-22T13:06:57","date_gmt":"2025-09-22T13:06:57","guid":{"rendered":"https:\/\/teachforromania.org\/?page_id=20981"},"modified":"2025-09-22T14:27:21","modified_gmt":"2025-09-22T14:27:21","slug":"think-cell","status":"publish","type":"page","link":"https:\/\/teachforromania.org\/en\/think-cell\/","title":{"rendered":"Think-cell"},"content":{"rendered":"\t\t<div data-elementor-type=\"wp-page\" data-elementor-id=\"20981\" class=\"elementor elementor-20981\" data-elementor-post-type=\"page\">\n\t\t\t\t\t\t<section class=\"elementor-section elementor-top-section elementor-element elementor-element-543de550 elementor-section-boxed elementor-section-height-default elementor-section-height-default\" data-id=\"543de550\" data-element_type=\"section\">\n\t\t\t\t\t\t<div class=\"elementor-container elementor-column-gap-default\">\n\t\t\t\t\t<div class=\"elementor-column elementor-col-100 elementor-top-column elementor-element elementor-element-1ee91aa1\" data-id=\"1ee91aa1\" data-element_type=\"column\">\n\t\t\t<div class=\"elementor-widget-wrap elementor-element-populated\">\n\t\t\t\t\t\t<div class=\"elementor-element elementor-element-1be6742 elementor-widget elementor-widget-image\" data-id=\"1be6742\" data-element_type=\"widget\" data-widget_type=\"image.default\">\n\t\t\t\t<div class=\"elementor-widget-container\">\n\t\t\t\t\t\t\t\t\t\t\t\t\t\t\t<img fetchpriority=\"high\" decoding=\"async\" width=\"768\" height=\"512\" src=\"https:\/\/teachforromania.org\/wp-content\/uploads\/2025\/09\/Photo-107_resized-768x512.jpg\" class=\"attachment-medium_large size-medium_large wp-image-20984\" alt=\"\" srcset=\"https:\/\/teachforromania.org\/wp-content\/uploads\/2025\/09\/Photo-107_resized-768x512.jpg 768w, https:\/\/teachforromania.org\/wp-content\/uploads\/2025\/09\/Photo-107_resized-300x200.jpg 300w, https:\/\/teachforromania.org\/wp-content\/uploads\/2025\/09\/Photo-107_resized-1024x683.jpg 1024w, https:\/\/teachforromania.org\/wp-content\/uploads\/2025\/09\/Photo-107_resized-1536x1024.jpg 1536w, https:\/\/teachforromania.org\/wp-content\/uploads\/2025\/09\/Photo-107_resized-2048x1366.jpg 2048w\" sizes=\"(max-width: 768px) 100vw, 768px\" \/>\t\t\t\t\t\t\t\t\t\t\t\t\t\t\t<\/div>\n\t\t\t\t<\/div>\n\t\t\t\t<div class=\"elementor-element elementor-element-5f283af elementor-position-left elementor-vertical-align-middle elementor-widget elementor-widget-image-box\" data-id=\"5f283af\" data-element_type=\"widget\" data-widget_type=\"image-box.default\">\n\t\t\t\t<div class=\"elementor-widget-container\">\n\t\t\t\t\t<div class=\"elementor-image-box-wrapper\"><figure class=\"elementor-image-box-img\"><a href=\"https:\/\/www.think-cell.com\" tabindex=\"-1\"><img decoding=\"async\" width=\"300\" height=\"300\" src=\"https:\/\/teachforromania.org\/wp-content\/uploads\/2025\/09\/think-cell-logo-png_seeklogo-351749-300x300.png\" class=\"attachment-medium size-medium wp-image-20982\" alt=\"\" srcset=\"https:\/\/teachforromania.org\/wp-content\/uploads\/2025\/09\/think-cell-logo-png_seeklogo-351749-300x300.png 300w, https:\/\/teachforromania.org\/wp-content\/uploads\/2025\/09\/think-cell-logo-png_seeklogo-351749-150x150.png 150w, https:\/\/teachforromania.org\/wp-content\/uploads\/2025\/09\/think-cell-logo-png_seeklogo-351749.png 600w\" sizes=\"(max-width: 300px) 100vw, 300px\" \/><\/a><\/figure><div class=\"elementor-image-box-content\"><p class=\"elementor-image-box-description\">think-cell este un software care se integreaz\u0103 direct cu PowerPoint \u0219i Excel \u0219i te ajut\u0103 s\u0103 transformi rapid date complexe \u00een grafice clare \u0219i atractive. Cu el po\u021bi crea \u00een c\u00e2teva minute grafice de tip bar\u0103, linie, waterfall, Gantt sau chiar Mekko, toate cu un design profesional \u0219i u\u0219or de folosit la clas\u0103, \u00een rapoarte sau \u00een prezent\u0103ri.<\/p><\/div><\/div>\t\t\t\t<\/div>\n\t\t\t\t<\/div>\n\t\t\t\t<div class=\"elementor-element elementor-element-b368042 elementor-widget elementor-widget-heading\" data-id=\"b368042\" data-element_type=\"widget\" data-widget_type=\"heading.default\">\n\t\t\t\t<div class=\"elementor-widget-container\">\n\t\t\t\t\t<h4 class=\"elementor-heading-title elementor-size-default\">De ce s\u0103 folose\u0219ti think-cell?<\/h4>\t\t\t\t<\/div>\n\t\t\t\t<\/div>\n\t\t\t\t<div class=\"elementor-element elementor-element-1036bbb elementor-widget elementor-widget-text-editor\" data-id=\"1036bbb\" data-element_type=\"widget\" data-widget_type=\"text-editor.default\">\n\t\t\t\t<div class=\"elementor-widget-container\">\n\t\t\t\t\t\t\t\t\t<ul><li data-start=\"639\" data-end=\"717\"><p data-start=\"641\" data-end=\"717\">Creezi peste <strong data-start=\"654\" data-end=\"681\">40 de tipuri de grafice<\/strong> \u00een 2\u20133 minute, f\u0103r\u0103 b\u0103t\u0103i de cap.<\/p><\/li><li data-start=\"718\" data-end=\"833\"><p data-start=\"720\" data-end=\"833\">Po\u021bi <strong data-start=\"725\" data-end=\"752\">automatiza modific\u0103rile<\/strong>: c\u00e2nd actualizezi datele \u00een Excel, se actualizeaz\u0103 \u0219i graficul din PowerPoint.<\/p><\/li><li data-start=\"834\" data-end=\"925\"><p data-start=\"836\" data-end=\"925\">Este software-ul folosit de organiza\u021bii de top, dar acum este disponibil \u0219i pentru noi.<\/p><\/li><li data-start=\"926\" data-end=\"1066\"><p data-start=\"928\" data-end=\"1066\">\u00ce\u021bi face prezent\u0103rile mai clare, mai conving\u0103toare \u0219i mai u\u0219or de urm\u0103rit \u2013 fie c\u0103 vorbim de un training, o lec\u021bie sau un raport intern.<\/p><\/li><\/ul>\t\t\t\t\t\t\t\t<\/div>\n\t\t\t\t<\/div>\n\t\t\t\t<div class=\"elementor-element elementor-element-53111a8 elementor-widget elementor-widget-heading\" data-id=\"53111a8\" data-element_type=\"widget\" data-widget_type=\"heading.default\">\n\t\t\t\t<div class=\"elementor-widget-container\">\n\t\t\t\t\t<h4 class=\"elementor-heading-title elementor-size-default\">Cum \u00eenve\u021bi s\u0103-l folose\u0219ti?<\/h4>\t\t\t\t<\/div>\n\t\t\t\t<\/div>\n\t\t\t\t<div class=\"elementor-element elementor-element-09d4518 elementor-widget elementor-widget-text-editor\" data-id=\"09d4518\" data-element_type=\"widget\" data-widget_type=\"text-editor.default\">\n\t\t\t\t<div class=\"elementor-widget-container\">\n\t\t\t\t\t\t\t\t\t<p data-start=\"1493\" data-end=\"1711\">Nu ai nevoie de cursuri lungi. Exist\u0103 <strong data-start=\"1531\" data-end=\"1557\">tutoriale video scurte<\/strong> pentru fiecare tip de grafic \u0219i o documenta\u021bie online clar\u0103 \u0219i c\u0103utabil\u0103. \u00cen doar c\u00e2teva minute, vei putea s\u0103 creezi grafice de impact pentru munca ta.<\/p><p data-start=\"1493\" data-end=\"1711\">\u00a0<\/p><p data-start=\"1713\" data-end=\"1729\">Resurse utile:<\/p><ul><li style=\"list-style-type: none;\"><ul data-start=\"1730\" data-end=\"1921\"><li data-start=\"1730\" data-end=\"1802\"><p data-start=\"1732\" data-end=\"1802\"><a href=\"https:\/\/www.think-cell.com\/en#trailer\" target=\"_blank\" rel=\"noopener\">Video<\/a> de prezentare think-cell;<\/p><\/li><li data-start=\"1803\" data-end=\"1857\"><p data-start=\"1805\" data-end=\"1857\"><a href=\"https:\/\/www.think-cell.com\/en\/resources\/manual\/introductioncharting\" target=\"_blank\" rel=\"noopener\">Tutorial<\/a> de 3 minute: cum creezi primul t\u0103u grafic;<\/p><\/li><li data-start=\"1858\" data-end=\"1921\"><p data-start=\"1860\" data-end=\"1921\"><a href=\"https:\/\/www.think-cell.com\/en\/product\/features.shtml\" target=\"_blank\" rel=\"noopener\">40 de exemple<\/a> pentru toate tipurile de grafice \u0219i func\u021bionalit\u0103\u021bi;<\/p><\/li><li data-start=\"1858\" data-end=\"1921\"><a href=\"https:\/\/www.think-cell.com\/en\/product\/features.shtml#excellink\" target=\"_blank\" rel=\"noopener\">Tutorial<\/a> cum s\u0103 legi un fi\u0219ier Excel de un grafic think-cell din PowerPoint \u0219i s\u0103 automatizezi actualizarea datelor aici.<\/li><\/ul><\/li><\/ul>\t\t\t\t\t\t\t\t<\/div>\n\t\t\t\t<\/div>\n\t\t\t\t<div class=\"elementor-element elementor-element-ca680aa elementor-widget elementor-widget-heading\" data-id=\"ca680aa\" data-element_type=\"widget\" data-widget_type=\"heading.default\">\n\t\t\t\t<div class=\"elementor-widget-container\">\n\t\t\t\t\t<h4 class=\"elementor-heading-title elementor-size-default\">Cum \u00eel po\u021bi accesa?<\/h4>\t\t\t\t<\/div>\n\t\t\t\t<\/div>\n\t\t\t\t<div class=\"elementor-element elementor-element-aac3716 elementor-widget elementor-widget-text-editor\" data-id=\"aac3716\" data-element_type=\"widget\" data-widget_type=\"text-editor.default\">\n\t\t\t\t<div class=\"elementor-widget-container\">\n\t\t\t\t\t\t\t\t\t<p data-start=\"1099\" data-end=\"1359\">Licen\u021ba <a href=\"https:\/\/www.think-cell.com\/\" target=\"_blank\" rel=\"noopener\"><strong data-start=\"1107\" data-end=\"1121\">think-cell<\/strong> <\/a>este oferit\u0103 gratuit echipei \u0219i comunit\u0103\u021bii de profesori din Teach for Romania. Tot ce trebuie s\u0103 faci este s\u0103 solici\u021bi cheia de licen\u021b\u0103 de la <strong data-start=\"1239\" data-end=\"1265\">Head of Digitalization<\/strong>. Aceasta este valabil\u0103 12 luni, iar cu dou\u0103 s\u0103pt\u0103m\u00e2ni \u00eenainte de expirare vei primi una nou\u0103.<\/p><p data-start=\"1099\" data-end=\"1359\">Dac\u0103 faci parte din comunitatea Teach for Romania, trimite-ne datele tale \u00een formularul de mai jos.\u00a0<\/p>\t\t\t\t\t\t\t\t<\/div>\n\t\t\t\t<\/div>\n\t\t\t\t<div class=\"elementor-element elementor-element-1887536 elementor-button-align-stretch elementor-widget elementor-widget-form\" data-id=\"1887536\" data-element_type=\"widget\" data-settings=\"{&quot;step_next_label&quot;:&quot;Next&quot;,&quot;step_previous_label&quot;:&quot;Previous&quot;,&quot;button_width&quot;:&quot;100&quot;,&quot;step_type&quot;:&quot;number_text&quot;,&quot;step_icon_shape&quot;:&quot;circle&quot;}\" data-widget_type=\"form.default\">\n\t\t\t\t<div class=\"elementor-widget-container\">\n\t\t\t\t\t\t\t<form class=\"elementor-form\" method=\"post\" name=\"Vrei s\u0103 ne fii al\u0103turi \u00een Academie?\" aria-label=\"Vrei s\u0103 ne fii al\u0103turi \u00een Academie?\">\n\t\t\t<input type=\"hidden\" name=\"post_id\" value=\"20981\"\/>\n\t\t\t<input type=\"hidden\" name=\"form_id\" value=\"1887536\"\/>\n\t\t\t<input type=\"hidden\" name=\"referer_title\" value=\"\" \/>\n\n\t\t\t\n\t\t\t<div class=\"elementor-form-fields-wrapper elementor-labels-above\">\n\t\t\t\t\t\t\t\t<div class=\"elementor-field-type-email elementor-field-group elementor-column elementor-field-group-email elementor-col-100 elementor-field-required\">\n\t\t\t\t\t\t\t\t\t\t\t\t<label for=\"form-field-email\" class=\"elementor-field-label\">\n\t\t\t\t\t\t\t\tEmail\t\t\t\t\t\t\t<\/label>\n\t\t\t\t\t\t\t\t\t\t\t\t\t\t<input size=\"1\" type=\"email\" name=\"form_fields[email]\" id=\"form-field-email\" class=\"elementor-field elementor-size-sm  elementor-field-textual\" placeholder=\"Email\" required=\"required\">\n\t\t\t\t\t\t\t\t\t\t\t<\/div>\n\t\t\t\t\t\t\t\t<div class=\"elementor-field-type-textarea elementor-field-group elementor-column elementor-field-group-message elementor-col-100 elementor-field-required\">\n\t\t\t\t\t\t\t\t\t\t\t\t<label for=\"form-field-message\" class=\"elementor-field-label\">\n\t\t\t\t\t\t\t\tMessage\t\t\t\t\t\t\t<\/label>\n\t\t\t\t\t\t<textarea class=\"elementor-field-textual elementor-field  elementor-size-sm\" name=\"form_fields[message]\" id=\"form-field-message\" rows=\"4\" placeholder=\"Message\" required=\"required\"><\/textarea>\t\t\t\t<\/div>\n\t\t\t\t\t\t\t\t<div class=\"elementor-field-type-text elementor-field-group elementor-column elementor-field-group-field_3e9e947 elementor-col-100\">\n\t\t\t\t\t\t\t\t\t\t\t\t<label for=\"form-field-field_3e9e947\" class=\"elementor-field-label\">\n\t\t\t\t\t\t\t\tGenera\u021bia din care faci parte\t\t\t\t\t\t\t<\/label>\n\t\t\t\t\t\t\t\t\t\t\t\t\t\t<input size=\"1\" type=\"text\" name=\"form_fields[field_3e9e947]\" id=\"form-field-field_3e9e947\" class=\"elementor-field elementor-size-sm  elementor-field-textual\">\n\t\t\t\t\t\t\t\t\t\t\t<\/div>\n\t\t\t\t\t\t\t\t<div class=\"elementor-field-group elementor-column elementor-field-type-submit elementor-col-100 e-form__buttons\">\n\t\t\t\t\t<button class=\"elementor-button elementor-size-sm\" type=\"submit\">\n\t\t\t\t\t\t<span class=\"elementor-button-content-wrapper\">\n\t\t\t\t\t\t\t\t\t\t\t\t\t\t\t\t\t\t\t\t\t\t<span class=\"elementor-button-text\">Send<\/span>\n\t\t\t\t\t\t\t\t\t\t\t\t\t<\/span>\n\t\t\t\t\t<\/button>\n\t\t\t\t<\/div>\n\t\t\t<\/div>\n\t\t<\/form>\n\t\t\t\t\t\t<\/div>\n\t\t\t\t<\/div>\n\t\t\t\t\t<\/div>\n\t\t<\/div>\n\t\t\t\t\t<\/div>\n\t\t<\/section>\n\t\t\t\t<\/div>\n\t\t","protected":false},"excerpt":{"rendered":"<p>think-cell este un software care se integreaz\u0103 direct cu PowerPoint \u0219i Excel \u0219i te ajut\u0103 s\u0103 transformi rapid date complexe \u00een grafice clare \u0219i atractive. Cu el po\u021bi crea \u00een c\u00e2teva minute grafice de tip bar\u0103, linie, waterfall, Gantt sau chiar Mekko, toate cu un design profesional \u0219i u\u0219or de folosit la clas\u0103, \u00een rapoarte [&hellip;]<\/p>\n","protected":false},"author":2,"featured_media":20984,"parent":0,"menu_order":0,"comment_status":"closed","ping_status":"closed","template":"","meta":{"_acf_changed":false,"footnotes":""},"class_list":["post-20981","page","type-page","status-publish","has-post-thumbnail","hentry"],"acf":[],"_links":{"self":[{"href":"https:\/\/teachforromania.org\/en\/wp-json\/wp\/v2\/pages\/20981","targetHints":{"allow":["GET"]}}],"collection":[{"href":"https:\/\/teachforromania.org\/en\/wp-json\/wp\/v2\/pages"}],"about":[{"href":"https:\/\/teachforromania.org\/en\/wp-json\/wp\/v2\/types\/page"}],"author":[{"embeddable":true,"href":"https:\/\/teachforromania.org\/en\/wp-json\/wp\/v2\/users\/2"}],"replies":[{"embeddable":true,"href":"https:\/\/teachforromania.org\/en\/wp-json\/wp\/v2\/comments?post=20981"}],"version-history":[{"count":29,"href":"https:\/\/teachforromania.org\/en\/wp-json\/wp\/v2\/pages\/20981\/revisions"}],"predecessor-version":[{"id":21023,"href":"https:\/\/teachforromania.org\/en\/wp-json\/wp\/v2\/pages\/20981\/revisions\/21023"}],"wp:featuredmedia":[{"embeddable":true,"href":"https:\/\/teachforromania.org\/en\/wp-json\/wp\/v2\/media\/20984"}],"wp:attachment":[{"href":"https:\/\/teachforromania.org\/en\/wp-json\/wp\/v2\/media?parent=20981"}],"curies":[{"name":"wp","href":"https:\/\/api.w.org\/{rel}","templated":true}]}}