{"id":12348,"date":"2022-10-06T08:17:19","date_gmt":"2022-10-06T08:17:19","guid":{"rendered":"https:\/\/teachforromania.org\/?page_id=12348"},"modified":"2022-10-06T08:17:19","modified_gmt":"2022-10-06T08:17:19","slug":"annual-reports","status":"publish","type":"page","link":"https:\/\/teachforromania.org\/en\/annual-reports\/","title":{"rendered":"Annual reports"},"content":{"rendered":"\t\t<div data-elementor-type=\"wp-page\" data-elementor-id=\"12348\" class=\"elementor elementor-12348 elementor-4953\" data-elementor-post-type=\"page\">\n\t\t\t\t<div class=\"elementor-element elementor-element-6e4091f e-flex e-con-boxed e-con e-parent\" data-id=\"6e4091f\" data-element_type=\"container\" data-settings=\"{&quot;background_background&quot;:&quot;classic&quot;}\">\n\t\t\t\t\t<div class=\"e-con-inner\">\n\t\t<div class=\"elementor-element elementor-element-b4ebc62 e-flex e-con-boxed e-con e-parent\" data-id=\"b4ebc62\" data-element_type=\"container\" data-settings=\"{&quot;background_background&quot;:&quot;classic&quot;}\">\n\t\t\t\t\t<div class=\"e-con-inner\">\n\t\t<div class=\"elementor-element elementor-element-46e5145 e-con-full tfr-width-auto e-flex e-con e-parent\" data-id=\"46e5145\" data-element_type=\"container\">\n\t\t\t\t<div class=\"elementor-element elementor-element-80e7c53 elementor-widget elementor-widget-theme-site-logo elementor-widget-image\" data-id=\"80e7c53\" data-element_type=\"widget\" data-widget_type=\"theme-site-logo.default\">\n\t\t\t\t<div class=\"elementor-widget-container\">\n\t\t\t\t\t\t\t\t\t\t\t<a href=\"https:\/\/teachforromania.org\/en\/\">\n\t\t\t<img decoding=\"async\" width=\"140\" height=\"66\" src=\"https:\/\/teachforromania.org\/wp-content\/uploads\/2022\/05\/Group-289.svg\" class=\"attachment-full size-full wp-image-1300\" alt=\"\" \/>\t\t\t\t<\/a>\n\t\t\t\t\t\t\t\t\t\t\t<\/div>\n\t\t\t\t<\/div>\n\t\t\t\t<\/div>\n\t\t\t\t\t<\/div>\n\t\t\t\t<\/div>\n\t\t\t\t\t<\/div>\n\t\t\t\t<\/div>\n\t\t<div class=\"elementor-element elementor-element-8b7bcd7 elementor-hidden-desktop elementor-hidden-laptop elementor-hidden-tablet_extra elementor-hidden-tablet e-flex e-con-boxed e-con e-parent\" data-id=\"8b7bcd7\" data-element_type=\"container\">\n\t\t\t\t\t<div class=\"e-con-inner\">\n\t\t\t\t<div class=\"elementor-element elementor-element-36260fd elementor-widget elementor-widget-image\" data-id=\"36260fd\" data-element_type=\"widget\" data-widget_type=\"image.default\">\n\t\t\t\t<div class=\"elementor-widget-container\">\n\t\t\t\t\t\t\t\t\t\t\t\t\t\t\t<img fetchpriority=\"high\" decoding=\"async\" width=\"1350\" height=\"650\" src=\"https:\/\/teachforromania.org\/wp-content\/uploads\/2022\/07\/Raport-activitate-Teach-for-Romania.png\" class=\"attachment-full size-full wp-image-5681\" alt=\"\" srcset=\"https:\/\/teachforromania.org\/wp-content\/uploads\/2022\/07\/Raport-activitate-Teach-for-Romania.png 1350w, https:\/\/teachforromania.org\/wp-content\/uploads\/2022\/07\/Raport-activitate-Teach-for-Romania-300x144.png 300w, https:\/\/teachforromania.org\/wp-content\/uploads\/2022\/07\/Raport-activitate-Teach-for-Romania-1024x493.png 1024w, https:\/\/teachforromania.org\/wp-content\/uploads\/2022\/07\/Raport-activitate-Teach-for-Romania-768x370.png 768w\" sizes=\"(max-width: 1350px) 100vw, 1350px\" \/>\t\t\t\t\t\t\t\t\t\t\t\t\t\t\t<\/div>\n\t\t\t\t<\/div>\n\t\t\t\t\t<\/div>\n\t\t\t\t<\/div>\n\t\t<div class=\"elementor-element elementor-element-ed1ea3c e-flex e-con-boxed e-con e-parent\" data-id=\"ed1ea3c\" data-element_type=\"container\" data-settings=\"{&quot;background_background&quot;:&quot;classic&quot;}\">\n\t\t\t\t\t<div class=\"e-con-inner\">\n\t\t\t\t<div class=\"elementor-element elementor-element-443c90c elementor-arrows-position-outside elementor--h-position-center elementor--v-position-middle elementor-widget elementor-widget-slides\" data-id=\"443c90c\" data-element_type=\"widget\" data-settings=\"{&quot;navigation&quot;:&quot;arrows&quot;,&quot;transition&quot;:&quot;fade&quot;,&quot;transition_speed&quot;:250,&quot;autoplay&quot;:&quot;yes&quot;,&quot;pause_on_hover&quot;:&quot;yes&quot;,&quot;pause_on_interaction&quot;:&quot;yes&quot;,&quot;autoplay_speed&quot;:5000,&quot;infinite&quot;:&quot;yes&quot;}\" data-widget_type=\"slides.default\">\n\t\t\t\t<div class=\"elementor-widget-container\">\n\t\t\t\t\t\t\t\t\t<div class=\"elementor-swiper\">\n\t\t\t\t\t<div class=\"elementor-slides-wrapper elementor-main-swiper swiper\" role=\"region\" aria-roledescription=\"carousel\" aria-label=\"Slides\" dir=\"ltr\" data-animation=\"zoomIn\">\n\t\t\t\t<div class=\"swiper-wrapper elementor-slides\">\n\t\t\t\t\t\t\t\t\t\t<div class=\"elementor-repeater-item-166bd43 swiper-slide\" role=\"group\" aria-roledescription=\"slide\"><div class=\"swiper-slide-bg\"><\/div><div class=\"swiper-slide-inner\" ><div class=\"swiper-slide-contents\"><div class=\"elementor-slide-heading\">\u201e\u00cemi place s\u0103 merg la \u0219coal\u0103.\u201d<\/div><\/div><\/div><\/div><div class=\"elementor-repeater-item-9ada8ee swiper-slide\" role=\"group\" aria-roledescription=\"slide\"><div class=\"swiper-slide-bg\"><\/div><div class=\"swiper-slide-inner\" ><div class=\"swiper-slide-contents\"><div class=\"elementor-slide-heading\">\u201eE interesant ce facem la \u0219coal\u0103.\u201d<\/div><\/div><\/div><\/div><div class=\"elementor-repeater-item-9d171f9 swiper-slide\" role=\"group\" aria-roledescription=\"slide\"><div class=\"swiper-slide-bg\"><\/div><div class=\"swiper-slide-inner\" ><div class=\"swiper-slide-contents\"><div class=\"elementor-slide-heading\">\u201eDoamna m\u0103 \u00eencurajeaz\u0103 s\u0103 dau tot ce pot.\u201d<\/div><\/div><\/div><\/div><div class=\"elementor-repeater-item-c9cb28e swiper-slide\" role=\"group\" aria-roledescription=\"slide\"><div class=\"swiper-slide-bg\"><\/div><div class=\"swiper-slide-inner\" ><div class=\"swiper-slide-contents\"><div class=\"elementor-slide-heading\">\u201eDac\u0103 sunt furios sau trist, profesorul meu m\u0103 ajuta s\u0103 m\u0103 simt mai bine.\u201d<\/div><\/div><\/div><\/div><div class=\"elementor-repeater-item-bda11fd swiper-slide\" role=\"group\" aria-roledescription=\"slide\"><div class=\"swiper-slide-bg\"><\/div><div class=\"swiper-slide-inner\" ><div class=\"swiper-slide-contents\"><div class=\"elementor-slide-heading\">\u201eProfesorul meu \u00eemi arat\u0103 c\u0103 \u00eei pas\u0103 cu adev\u0103rat de mine.\u201d<\/div><\/div><\/div><\/div><div class=\"elementor-repeater-item-841855c swiper-slide\" role=\"group\" aria-roledescription=\"slide\"><div class=\"swiper-slide-bg\"><\/div><div class=\"swiper-slide-inner\" ><div class=\"swiper-slide-contents\"><div class=\"elementor-slide-heading\">\u201eM\u0103 simt v\u0103zut, ascultat, respectat. M\u0103 simt \u00een siguran\u021b\u0103 la \u0219coal\u0103.\u201d<\/div><\/div><\/div><\/div>\t\t\t\t<\/div>\n\t\t\t\t\t\t\t\t\t\t\t\t\t\t\t<div class=\"elementor-swiper-button elementor-swiper-button-prev\" role=\"button\" tabindex=\"0\" aria-label=\"Previous slide\">\n\t\t\t\t\t\t\t<i aria-hidden=\"true\" class=\"eicon-chevron-left\"><\/i>\t\t\t\t\t\t<\/div>\n\t\t\t\t\t\t<div class=\"elementor-swiper-button elementor-swiper-button-next\" role=\"button\" tabindex=\"0\" aria-label=\"Next slide\">\n\t\t\t\t\t\t\t<i aria-hidden=\"true\" class=\"eicon-chevron-right\"><\/i>\t\t\t\t\t\t<\/div>\n\t\t\t\t\t\t\t\t\t\t\t\t\t\t\t\t\t<\/div>\n\t\t\t\t<\/div>\n\t\t\t\t\t\t\t\t<\/div>\n\t\t\t\t<\/div>\n\t\t\t\t\t<\/div>\n\t\t\t\t<\/div>\n\t\t<div class=\"elementor-element elementor-element-899288f e-flex e-con-boxed e-con e-parent\" data-id=\"899288f\" data-element_type=\"container\" data-settings=\"{&quot;background_background&quot;:&quot;classic&quot;}\">\n\t\t\t\t\t<div class=\"e-con-inner\">\n\t\t\t\t<div class=\"elementor-element elementor-element-716d004 elementor-widget__width-inherit elementor-widget-tablet_extra__width-inherit elementor-widget elementor-widget-text-editor\" data-id=\"716d004\" data-element_type=\"widget\" data-widget_type=\"text-editor.default\">\n\t\t\t\t<div class=\"elementor-widget-container\">\n\t\t\t\t\t\t\t\t\t<p>Sunt r\u0103spunsurile pe care le-am primit de la majoritatea copiilor cu care lucreaz\u0103 profesorii \u0219i alumnii Teach for Romania. 20 000 anul acesta. Din p\u0103cate, sunt mult prea pu\u021bini, iar cea mai mare parte dintre cei 2 918 264 de elevi r\u0103spund contrariul. Nu este de mirare c\u00e2nd ne uit\u0103m la succesiunea de crize ale sistemelor educa\u021bionale, sanitare, economice \u0219i acum geopolitice. \u0218i e un r\u0103spuns justificat. E foarte u\u0219or s\u0103 ne sim\u021bim destabiliza\u021bi, s\u0103 ne distan\u021b\u0103m sau s\u0103 ne resemn\u0103m. Totu\u0219i, acestea sunt contextele care scot la suprafa\u021b\u0103 adev\u0103ra\u021bii lideri.<\/p>\t\t\t\t\t\t\t\t<\/div>\n\t\t\t\t<\/div>\n\t\t\t\t<div class=\"elementor-element elementor-element-9ec103e elementor-widget__width-inherit elementor-widget-tablet_extra__width-inherit elementor-widget elementor-widget-text-editor\" data-id=\"9ec103e\" data-element_type=\"widget\" data-widget_type=\"text-editor.default\">\n\t\t\t\t<div class=\"elementor-widget-container\">\n\t\t\t\t\t\t\t\t\t<p>Studiile ne spun c\u0103 un profesor pasionat este cel mai bun predictor al succesului elevilor ca viitori adul\u021bi. Noi spunem c\u0103 un profesor pasionat schimb\u0103 vie\u021bi. Schimb\u0103 traiectorii. Construie\u0219te un viitor mai bun pentru noi to\u021bi.<\/p>\t\t\t\t\t\t\t\t<\/div>\n\t\t\t\t<\/div>\n\t\t\t\t<div class=\"elementor-element elementor-element-32c52ae elementor-widget elementor-widget-image\" data-id=\"32c52ae\" data-element_type=\"widget\" data-widget_type=\"image.default\">\n\t\t\t\t<div class=\"elementor-widget-container\">\n\t\t\t\t\t\t\t\t\t\t\t\t\t\t\t<img decoding=\"async\" width=\"2598\" height=\"1229\" src=\"https:\/\/teachforromania.org\/wp-content\/uploads\/2022\/07\/Screenshot-2022-07-27-at-15.01.441.png\" class=\"attachment-full size-full wp-image-5679\" alt=\"\" srcset=\"https:\/\/teachforromania.org\/wp-content\/uploads\/2022\/07\/Screenshot-2022-07-27-at-15.01.441.png 2598w, https:\/\/teachforromania.org\/wp-content\/uploads\/2022\/07\/Screenshot-2022-07-27-at-15.01.441-300x142.png 300w, https:\/\/teachforromania.org\/wp-content\/uploads\/2022\/07\/Screenshot-2022-07-27-at-15.01.441-1024x484.png 1024w, https:\/\/teachforromania.org\/wp-content\/uploads\/2022\/07\/Screenshot-2022-07-27-at-15.01.441-768x363.png 768w, https:\/\/teachforromania.org\/wp-content\/uploads\/2022\/07\/Screenshot-2022-07-27-at-15.01.441-1536x727.png 1536w, https:\/\/teachforromania.org\/wp-content\/uploads\/2022\/07\/Screenshot-2022-07-27-at-15.01.441-2048x969.png 2048w\" sizes=\"(max-width: 2598px) 100vw, 2598px\" \/>\t\t\t\t\t\t\t\t\t\t\t\t\t\t\t<\/div>\n\t\t\t\t<\/div>\n\t\t\t\t\t<\/div>\n\t\t\t\t<\/div>\n\t\t<div class=\"elementor-element elementor-element-04d3266 e-flex e-con-boxed e-con e-parent\" data-id=\"04d3266\" data-element_type=\"container\" data-settings=\"{&quot;background_background&quot;:&quot;classic&quot;}\">\n\t\t\t\t\t<div class=\"e-con-inner\">\n\t\t\t\t<div class=\"elementor-element elementor-element-7ca8d82 elementor-widget elementor-widget-heading\" data-id=\"7ca8d82\" data-element_type=\"widget\" data-widget_type=\"heading.default\">\n\t\t\t\t<div class=\"elementor-widget-container\">\n\t\t\t\t\t<h2 class=\"elementor-heading-title elementor-size-default\">Cu ajutorul t\u0103u, \u00een 2021:<\/h2>\t\t\t\t<\/div>\n\t\t\t\t<\/div>\n\t\t\t\t<div class=\"elementor-element elementor-element-79f102e elementor-widget__width-inherit elementor-widget-tablet_extra__width-inherit elementor-widget elementor-widget-text-editor\" data-id=\"79f102e\" data-element_type=\"widget\" data-widget_type=\"text-editor.default\">\n\t\t\t\t<div class=\"elementor-widget-container\">\n\t\t\t\t\t\t\t\t\t<ol><li>Am antrenat \u0219i sus\u021binut aproximativ 120 de profesori \u00een 22 de jude\u021be, care, \u00eempreun\u0103 cu alumnii Teach for Romania au ajuns la aproximativ 20 000 de elevi din mediile vulnerabile.<\/li><li>Am deschis primul biroul regional \u00een Moldova, la Ia\u0219i, cu ajutorul prietenilor de la LIDL Rom\u00e2nia \u0219i am sus\u021binut 32 de profesori \u00een jude\u021bele Moldovei.<\/li><li>Am derulat proiecte care au avut drept scop dezvoltarea abilit\u0103\u021bilor de scris-citit \u0219i abilit\u0103\u021bilor socio-emo\u021bionale; am contribuit la cre\u0219terea prezen\u021bei copiilor la \u0219coal\u0103 \u0219i la dezvoltarea leadership-ului la elevi.<\/li><li>Am \u00eenceput un <span style=\"text-decoration: underline; color: #ffffff;\"><a style=\"color: #ffffff; text-decoration: underline;\" href=\"https:\/\/faradiscriminare.ro\/\">proiect anti-discriminare<\/a><\/span> derulat \u00een 7 comunit\u0103\u021bi vulnerabile din Rom\u00e2nia, \u00een parteneriat cu Roma Education Fund.<\/li><li>Am dezvoltat \u0219i consolidat parteneriate strategice institu\u021bionale \u0219i am organizat o serie de dezbateri \u0219i conferin\u021be \u00een care am discutat despre problemele pe care le-am identificat \u00een comunit\u0103\u021bile Teach \u0219i solu\u021biile pe care le propunem.<\/li><li>Am \u00eenceput pilotarea unui <span style=\"text-decoration: underline; color: #ffffff;\"><a style=\"color: #ffffff; text-decoration: underline;\" href=\"https:\/\/teachforromania.org\/nest\/\">program de formare \u0219i mentorat dedicat profesorilor debutan\u021bi<\/a><\/span>, \u00een colaborare cu Ministerul Educa\u021biei.<\/li><li>Am pilotat cu ajutorul UiPath Foundation cursul de Leadership transforma\u021bional &#8211; dedicat directorilor de \u0219coal\u0103 \u0219i celor care \u00ee\u0219i doresc s\u0103 preia conducerea \u0219colii, \u0219i cursul Comunit\u0103\u021bile viitorului, care a vizat crearea comunit\u0103\u021bilor de practic\u0103 \u00een cancelariile \u0219colilor \u2013 dedicat profesorilor non-Teach.<\/li><li>Am organizat prima edi\u021bie a Galei Profesorul Anului din mediul rural, prin care ne-am dorit s\u0103 aducem un plus de vizibilitate profesorilor care fac lucruri extraordinare \u00een \u0219colile de la sate.<\/li><li>Am lansat podcast-ul \u201eTeach la fa\u021ba locului\u201d, cu pove\u0219ti de la firul ierbii din comunit\u0103\u021bile \u00een care suntem prezen\u021bi.<\/li><\/ol>\t\t\t\t\t\t\t\t<\/div>\n\t\t\t\t<\/div>\n\t\t\t\t\t<\/div>\n\t\t\t\t<\/div>\n\t\t<div class=\"elementor-element elementor-element-0f816ff e-flex e-con-boxed e-con e-parent\" data-id=\"0f816ff\" data-element_type=\"container\" data-settings=\"{&quot;background_background&quot;:&quot;classic&quot;}\">\n\t\t\t\t\t<div class=\"e-con-inner\">\n\t\t\t\t<div class=\"elementor-element elementor-element-ca46156 elementor-widget__width-inherit elementor-widget-tablet_extra__width-inherit elementor-widget elementor-widget-text-editor\" data-id=\"ca46156\" data-element_type=\"widget\" data-widget_type=\"text-editor.default\">\n\t\t\t\t<div class=\"elementor-widget-container\">\n\t\t\t\t\t\t\t\t\t<p>\u00cen cele ce urmeaz\u0103, \u00ee\u021bi prezent\u0103m activitatea noastr\u0103 din ultimul an \u0219i te invit\u0103m s\u0103 ne sus\u021bii \u00een continuare. \u00cen raport vei reg\u0103si rezultatele ultimului an, informa\u021bii financiare \u0219i unde am investit banii, c\u00e2t \u0219i cum ne po\u021bi fi \u00een continuare al\u0103turi, pentru a putea s\u0103 construim \u00eempreun\u0103 op\u021biuni de via\u021b\u0103 prin educa\u021bie de calitate pentru fiecare copil din Rom\u00e2nia.<\/p>\t\t\t\t\t\t\t\t<\/div>\n\t\t\t\t<\/div>\n\t\t\t\t<div class=\"elementor-element elementor-element-b0f81cb elementor-widget__width-inherit elementor-widget-tablet_extra__width-inherit elementor-widget elementor-widget-text-editor\" data-id=\"b0f81cb\" data-element_type=\"widget\" data-widget_type=\"text-editor.default\">\n\t\t\t\t<div class=\"elementor-widget-container\">\n\t\t\t\t\t\t\t\t\t<p>Te invit\u0103m s\u0103 parcurgi documentul \u0219i ne-ar bucura s\u0103 ne transmi\u021bi feedback-ul t\u0103u pe email (office@teachforromania.ro) sau s\u0103 te abonezi la newsletter-ul nostru aici.<\/p>\t\t\t\t\t\t\t\t<\/div>\n\t\t\t\t<\/div>\n\t\t\t\t<div class=\"elementor-element elementor-element-b3b32f0 elementor-align-center elementor-widget elementor-widget-button\" data-id=\"b3b32f0\" data-element_type=\"widget\" data-widget_type=\"button.default\">\n\t\t\t\t<div class=\"elementor-widget-container\">\n\t\t\t\t\t\t\t\t\t<div class=\"elementor-button-wrapper\">\n\t\t\t\t\t<a class=\"elementor-button elementor-button-link elementor-size-sm\" href=\"https:\/\/teachforromania.org\/wp-content\/uploads\/2022\/08\/RAPORT-TFR-2021.pdf\">\n\t\t\t\t\t\t<span class=\"elementor-button-content-wrapper\">\n\t\t\t\t\t\t\t\t\t<span class=\"elementor-button-text\">RAPORT ANUAL 2021<\/span>\n\t\t\t\t\t<\/span>\n\t\t\t\t\t<\/a>\n\t\t\t\t<\/div>\n\t\t\t\t\t\t\t\t<\/div>\n\t\t\t\t<\/div>\n\t\t\t\t<div class=\"elementor-element elementor-element-214b92b elementor-widget elementor-widget-image\" data-id=\"214b92b\" data-element_type=\"widget\" data-widget_type=\"image.default\">\n\t\t\t\t<div class=\"elementor-widget-container\">\n\t\t\t\t\t\t\t\t\t\t\t\t\t\t\t<img loading=\"lazy\" decoding=\"async\" width=\"1350\" height=\"650\" src=\"https:\/\/teachforromania.org\/wp-content\/uploads\/2022\/07\/3.png\" class=\"attachment-full size-full wp-image-4978\" alt=\"\" srcset=\"https:\/\/teachforromania.org\/wp-content\/uploads\/2022\/07\/3.png 1350w, https:\/\/teachforromania.org\/wp-content\/uploads\/2022\/07\/3-300x144.png 300w, https:\/\/teachforromania.org\/wp-content\/uploads\/2022\/07\/3-1024x493.png 1024w, https:\/\/teachforromania.org\/wp-content\/uploads\/2022\/07\/3-768x370.png 768w\" sizes=\"(max-width: 1350px) 100vw, 1350px\" \/>\t\t\t\t\t\t\t\t\t\t\t\t\t\t\t<\/div>\n\t\t\t\t<\/div>\n\t\t\t\t\t<\/div>\n\t\t\t\t<\/div>\n\t\t<div class=\"elementor-element elementor-element-01f1d5a e-flex e-con-boxed e-con e-parent\" data-id=\"01f1d5a\" data-element_type=\"container\" data-settings=\"{&quot;background_background&quot;:&quot;classic&quot;}\">\n\t\t\t\t\t<div class=\"e-con-inner\">\n\t\t\t\t<div class=\"elementor-element elementor-element-17a6231 elementor-widget elementor-widget-button\" data-id=\"17a6231\" data-element_type=\"widget\" data-widget_type=\"button.default\">\n\t\t\t\t<div class=\"elementor-widget-container\">\n\t\t\t\t\t\t\t\t\t<div class=\"elementor-button-wrapper\">\n\t\t\t\t\t<a class=\"elementor-button elementor-button-link elementor-size-sm\" href=\"https:\/\/teachforromania.org\/wp-content\/uploads\/2022\/07\/Raport-2021_3mb.pdf\">\n\t\t\t\t\t\t<span class=\"elementor-button-content-wrapper\">\n\t\t\t\t\t\t\t\t\t<span class=\"elementor-button-text\">Raport anual 2020<\/span>\n\t\t\t\t\t<\/span>\n\t\t\t\t\t<\/a>\n\t\t\t\t<\/div>\n\t\t\t\t\t\t\t\t<\/div>\n\t\t\t\t<\/div>\n\t\t\t\t<div class=\"elementor-element elementor-element-5dd85ca elementor-widget elementor-widget-button\" data-id=\"5dd85ca\" data-element_type=\"widget\" data-widget_type=\"button.default\">\n\t\t\t\t<div class=\"elementor-widget-container\">\n\t\t\t\t\t\t\t\t\t<div class=\"elementor-button-wrapper\">\n\t\t\t\t\t<a class=\"elementor-button elementor-button-link elementor-size-sm\" href=\"https:\/\/teachforromania.org\/wp-content\/uploads\/2022\/08\/2019-raport-teach-for-romania.pdf\">\n\t\t\t\t\t\t<span class=\"elementor-button-content-wrapper\">\n\t\t\t\t\t\t\t\t\t<span class=\"elementor-button-text\">Raport anual 2019<\/span>\n\t\t\t\t\t<\/span>\n\t\t\t\t\t<\/a>\n\t\t\t\t<\/div>\n\t\t\t\t\t\t\t\t<\/div>\n\t\t\t\t<\/div>\n\t\t\t\t\t<\/div>\n\t\t\t\t<\/div>\n\t\t\t\t<\/div>\n\t\t","protected":false},"excerpt":{"rendered":"","protected":false},"author":1,"featured_media":0,"parent":0,"menu_order":0,"comment_status":"closed","ping_status":"closed","template":"","meta":{"_acf_changed":false,"footnotes":""},"class_list":["post-12348","page","type-page","status-publish","hentry"],"acf":[],"_links":{"self":[{"href":"https:\/\/teachforromania.org\/en\/wp-json\/wp\/v2\/pages\/12348","targetHints":{"allow":["GET"]}}],"collection":[{"href":"https:\/\/teachforromania.org\/en\/wp-json\/wp\/v2\/pages"}],"about":[{"href":"https:\/\/teachforromania.org\/en\/wp-json\/wp\/v2\/types\/page"}],"author":[{"embeddable":true,"href":"https:\/\/teachforromania.org\/en\/wp-json\/wp\/v2\/users\/1"}],"replies":[{"embeddable":true,"href":"https:\/\/teachforromania.org\/en\/wp-json\/wp\/v2\/comments?post=12348"}],"version-history":[{"count":1,"href":"https:\/\/teachforromania.org\/en\/wp-json\/wp\/v2\/pages\/12348\/revisions"}],"predecessor-version":[{"id":12349,"href":"https:\/\/teachforromania.org\/en\/wp-json\/wp\/v2\/pages\/12348\/revisions\/12349"}],"wp:attachment":[{"href":"https:\/\/teachforromania.org\/en\/wp-json\/wp\/v2\/media?parent=12348"}],"curies":[{"name":"wp","href":"https:\/\/api.w.org\/{rel}","templated":true}]}}