{"id":12098,"date":"2022-10-04T12:48:34","date_gmt":"2022-10-04T12:48:34","guid":{"rendered":"https:\/\/teachforromania.org\/?page_id=12098"},"modified":"2022-10-04T13:35:29","modified_gmt":"2022-10-04T13:35:29","slug":"community-impact","status":"publish","type":"page","link":"https:\/\/teachforromania.org\/en\/community-impact\/","title":{"rendered":"Community impact"},"content":{"rendered":"\t\t<div data-elementor-type=\"wp-page\" data-elementor-id=\"12098\" class=\"elementor elementor-12098 elementor-3658\" data-elementor-post-type=\"page\">\n\t\t\t\t<div class=\"elementor-element elementor-element-6f26164 e-flex e-con-boxed e-con e-parent\" data-id=\"6f26164\" data-element_type=\"container\" data-settings=\"{&quot;background_background&quot;:&quot;classic&quot;}\">\n\t\t\t\t\t<div class=\"e-con-inner\">\n\t\t\t\t<div class=\"elementor-element elementor-element-6b77774 elementor-widget elementor-widget-theme-site-logo elementor-widget-image\" data-id=\"6b77774\" data-element_type=\"widget\" data-widget_type=\"theme-site-logo.default\">\n\t\t\t\t<div class=\"elementor-widget-container\">\n\t\t\t\t\t\t\t\t\t\t\t<a href=\"https:\/\/teachforromania.org\/en\/\">\n\t\t\t<img decoding=\"async\" width=\"140\" height=\"66\" src=\"https:\/\/teachforromania.org\/wp-content\/uploads\/2022\/05\/Group-289.svg\" class=\"attachment-full size-full wp-image-1300\" alt=\"\" \/>\t\t\t\t<\/a>\n\t\t\t\t\t\t\t\t\t\t\t<\/div>\n\t\t\t\t<\/div>\n\t\t\t\t\t<\/div>\n\t\t\t\t<\/div>\n\t\t<div class=\"elementor-element elementor-element-8d3fda4 e-flex e-con-boxed e-con e-parent\" data-id=\"8d3fda4\" data-element_type=\"container\" data-settings=\"{&quot;background_background&quot;:&quot;classic&quot;}\">\n\t\t\t\t\t<div class=\"e-con-inner\">\n\t\t\t\t<div class=\"elementor-element elementor-element-d7ef0a4 elementor-align-center elementor-widget elementor-widget-button\" data-id=\"d7ef0a4\" data-element_type=\"widget\" data-widget_type=\"button.default\">\n\t\t\t\t<div class=\"elementor-widget-container\">\n\t\t\t\t\t\t\t\t\t<div class=\"elementor-button-wrapper\">\n\t\t\t\t\t<a class=\"elementor-button elementor-button-link elementor-size-sm\" href=\"https:\/\/teachforromania.org\/en\/blog\/\">\n\t\t\t\t\t\t<span class=\"elementor-button-content-wrapper\">\n\t\t\t\t\t\t\t\t\t<span class=\"elementor-button-text\">NEWS &amp; STORIES<\/span>\n\t\t\t\t\t<\/span>\n\t\t\t\t\t<\/a>\n\t\t\t\t<\/div>\n\t\t\t\t\t\t\t\t<\/div>\n\t\t\t\t<\/div>\n\t\t<div class=\"elementor-element elementor-element-0292cca e-con-full tfr-no-row-gap e-flex e-con e-parent\" data-id=\"0292cca\" data-element_type=\"container\">\n\t\t<div class=\"elementor-element elementor-element-3bf6413 e-con-full tfr-width-auto e-flex e-con e-parent\" data-id=\"3bf6413\" data-element_type=\"container\">\n\t\t\t\t<div class=\"elementor-element elementor-element-6af4b79 elementor-align-center elementor-widget elementor-widget-button\" data-id=\"6af4b79\" data-element_type=\"widget\" data-widget_type=\"button.default\">\n\t\t\t\t<div class=\"elementor-widget-container\">\n\t\t\t\t\t\t\t\t\t<div class=\"elementor-button-wrapper\">\n\t\t\t\t\t<a class=\"elementor-button elementor-button-link elementor-size-sm\" href=\"https:\/\/teachforromania.org\/en\/fellows-and-alumni\/\">\n\t\t\t\t\t\t<span class=\"elementor-button-content-wrapper\">\n\t\t\t\t\t\t\t\t\t<span class=\"elementor-button-text\">Fellows and alumni<\/span>\n\t\t\t\t\t<\/span>\n\t\t\t\t\t<\/a>\n\t\t\t\t<\/div>\n\t\t\t\t\t\t\t\t<\/div>\n\t\t\t\t<\/div>\n\t\t\t\t<\/div>\n\t\t<div class=\"elementor-element elementor-element-88b82e4 e-con-full tfr-width-auto e-flex e-con e-parent\" data-id=\"88b82e4\" data-element_type=\"container\">\n\t\t\t\t<div class=\"elementor-element elementor-element-eb16f7f elementor-align-center elementor-widget elementor-widget-button\" data-id=\"eb16f7f\" data-element_type=\"widget\" data-widget_type=\"button.default\">\n\t\t\t\t<div class=\"elementor-widget-container\">\n\t\t\t\t\t\t\t\t\t<div class=\"elementor-button-wrapper\">\n\t\t\t\t\t<a class=\"elementor-button elementor-button-link elementor-size-sm\" href=\"https:\/\/teachforromania.org\/en\/inspirational-students\/\">\n\t\t\t\t\t\t<span class=\"elementor-button-content-wrapper\">\n\t\t\t\t\t\t\t\t\t<span class=\"elementor-button-text\">Inspirational students<\/span>\n\t\t\t\t\t<\/span>\n\t\t\t\t\t<\/a>\n\t\t\t\t<\/div>\n\t\t\t\t\t\t\t\t<\/div>\n\t\t\t\t<\/div>\n\t\t\t\t<\/div>\n\t\t<div class=\"elementor-element elementor-element-48939cf e-con-full tfr-width-auto e-flex e-con e-parent\" data-id=\"48939cf\" data-element_type=\"container\">\n\t\t\t\t<div class=\"elementor-element elementor-element-542d65c elementor-align-center elementor-widget elementor-widget-button\" data-id=\"542d65c\" data-element_type=\"widget\" data-widget_type=\"button.default\">\n\t\t\t\t<div class=\"elementor-widget-container\">\n\t\t\t\t\t\t\t\t\t<div class=\"elementor-button-wrapper\">\n\t\t\t\t\t<a class=\"elementor-button elementor-button-link elementor-size-sm\" href=\"https:\/\/teachforromania.org\/en\/community-impact\/\">\n\t\t\t\t\t\t<span class=\"elementor-button-content-wrapper\">\n\t\t\t\t\t\t\t\t\t<span class=\"elementor-button-text\">Community impact<\/span>\n\t\t\t\t\t<\/span>\n\t\t\t\t\t<\/a>\n\t\t\t\t<\/div>\n\t\t\t\t\t\t\t\t<\/div>\n\t\t\t\t<\/div>\n\t\t\t\t<\/div>\n\t\t<div class=\"elementor-element elementor-element-85579ef e-con-full tfr-width-auto e-flex e-con e-parent\" data-id=\"85579ef\" data-element_type=\"container\">\n\t\t\t\t<div class=\"elementor-element elementor-element-52755f7 elementor-align-center elementor-widget elementor-widget-button\" data-id=\"52755f7\" data-element_type=\"widget\" data-widget_type=\"button.default\">\n\t\t\t\t<div class=\"elementor-widget-container\">\n\t\t\t\t\t\t\t\t\t<div class=\"elementor-button-wrapper\">\n\t\t\t\t\t<a class=\"elementor-button elementor-button-link elementor-size-sm\" href=\"https:\/\/teachforromania.org\/en\/action-for-education\/\">\n\t\t\t\t\t\t<span class=\"elementor-button-content-wrapper\">\n\t\t\t\t\t\t\t\t\t<span class=\"elementor-button-text\">Action for education<\/span>\n\t\t\t\t\t<\/span>\n\t\t\t\t\t<\/a>\n\t\t\t\t<\/div>\n\t\t\t\t\t\t\t\t<\/div>\n\t\t\t\t<\/div>\n\t\t\t\t<\/div>\n\t\t\t\t<\/div>\n\t\t\t\t\t<\/div>\n\t\t\t\t<\/div>\n\t\t<div class=\"elementor-element elementor-element-8d4c14d e-flex e-con-boxed e-con e-parent\" data-id=\"8d4c14d\" data-element_type=\"container\" data-settings=\"{&quot;background_background&quot;:&quot;classic&quot;}\">\n\t\t\t\t\t<div class=\"e-con-inner\">\n\t\t\t\t<div class=\"elementor-element elementor-element-d017c35 tfr-multiple-posts elementor-posts--align-left elementor-grid-mobile_extra-1 elementor-grid-3 elementor-grid-tablet-2 elementor-grid-mobile-1 elementor-posts--thumbnail-top load-more-align-center elementor-widget elementor-widget-posts\" data-id=\"d017c35\" data-element_type=\"widget\" data-settings=\"{&quot;classic_row_gap&quot;:{&quot;unit&quot;:&quot;px&quot;,&quot;size&quot;:30,&quot;sizes&quot;:[]},&quot;pagination_type&quot;:&quot;load_more_on_click&quot;,&quot;classic_masonry&quot;:&quot;yes&quot;,&quot;classic_columns_mobile_extra&quot;:&quot;1&quot;,&quot;classic_columns&quot;:&quot;3&quot;,&quot;classic_columns_tablet&quot;:&quot;2&quot;,&quot;classic_columns_mobile&quot;:&quot;1&quot;,&quot;classic_row_gap_laptop&quot;:{&quot;unit&quot;:&quot;px&quot;,&quot;size&quot;:&quot;&quot;,&quot;sizes&quot;:[]},&quot;classic_row_gap_tablet_extra&quot;:{&quot;unit&quot;:&quot;px&quot;,&quot;size&quot;:&quot;&quot;,&quot;sizes&quot;:[]},&quot;classic_row_gap_tablet&quot;:{&quot;unit&quot;:&quot;px&quot;,&quot;size&quot;:&quot;&quot;,&quot;sizes&quot;:[]},&quot;classic_row_gap_mobile_extra&quot;:{&quot;unit&quot;:&quot;px&quot;,&quot;size&quot;:&quot;&quot;,&quot;sizes&quot;:[]},&quot;classic_row_gap_mobile&quot;:{&quot;unit&quot;:&quot;px&quot;,&quot;size&quot;:&quot;&quot;,&quot;sizes&quot;:[]},&quot;load_more_spinner&quot;:{&quot;value&quot;:&quot;fas fa-spinner&quot;,&quot;library&quot;:&quot;fa-solid&quot;}}\" data-widget_type=\"posts.classic\">\n\t\t\t\t<div class=\"elementor-widget-container\">\n\t\t\t\t\t\t\t<div class=\"elementor-posts-container elementor-posts elementor-posts--skin-classic elementor-grid\" role=\"list\">\n\t\t\t\t<article class=\"elementor-post elementor-grid-item post-20968 post type-post status-publish format-standard has-post-thumbnail hentry category-comunitati-in-schimbare category-despre-educatie category-implicare-in-educatie category-povesti-teach-for-romania category-profesori-si-alumni category-scoala-altfel tag-caravana-literatiei tag-comunicat-de-presa tag-comunicat-presa tag-daniela-tutos tag-scoala-de-vara tag-scoala-de-vara-de-literatie tag-tinca\" role=\"listitem\">\n\t\t\t\t<a class=\"elementor-post__thumbnail__link\" href=\"https:\/\/teachforromania.org\/en\/copiii-din-tinca-descopera-lumea-povestilor-printr-un-program-de-literatie-dedicat-lor\/\" tabindex=\"-1\" >\n\t\t\t<div class=\"elementor-post__thumbnail\"><img fetchpriority=\"high\" decoding=\"async\" width=\"1600\" height=\"1180\" src=\"https:\/\/teachforromania.org\/wp-content\/uploads\/2025\/09\/5c03ce47-ec78-48fe-8caf-8a8d6f028290.jpg\" class=\"attachment-full size-full wp-image-21024\" alt=\"\" srcset=\"https:\/\/teachforromania.org\/wp-content\/uploads\/2025\/09\/5c03ce47-ec78-48fe-8caf-8a8d6f028290.jpg 1600w, https:\/\/teachforromania.org\/wp-content\/uploads\/2025\/09\/5c03ce47-ec78-48fe-8caf-8a8d6f028290-300x221.jpg 300w, https:\/\/teachforromania.org\/wp-content\/uploads\/2025\/09\/5c03ce47-ec78-48fe-8caf-8a8d6f028290-1024x755.jpg 1024w, https:\/\/teachforromania.org\/wp-content\/uploads\/2025\/09\/5c03ce47-ec78-48fe-8caf-8a8d6f028290-768x566.jpg 768w, https:\/\/teachforromania.org\/wp-content\/uploads\/2025\/09\/5c03ce47-ec78-48fe-8caf-8a8d6f028290-1536x1133.jpg 1536w\" sizes=\"(max-width: 1600px) 100vw, 1600px\" \/><\/div>\n\t\t<\/a>\n\t\t\t\t<div class=\"elementor-post__text\">\n\t\t\t\t<h3 class=\"elementor-post__title\">\n\t\t\t<a href=\"https:\/\/teachforromania.org\/en\/copiii-din-tinca-descopera-lumea-povestilor-printr-un-program-de-literatie-dedicat-lor\/\" >\n\t\t\t\tCopiii din Tinca descoper\u0103 lumea pove\u0219tilor printr-un program de litera\u021bie dedicat lor\t\t\t<\/a>\n\t\t<\/h3>\n\t\t\t\t<div class=\"elementor-post__excerpt\">\n\t\t\t<p>Prima s\u0103pt\u0103m\u00e2n\u0103 din septembrie a adus \u00een comunitatea din Tinca, jude\u021bul Bihor, \u00eenceputul unei pove\u0219ti noi: copiii din comunitatea de romi au p\u0103\u0219it \u00eentr-o lume a cuvintelor \u0219i a imagina\u021biei prin intermediul unei \u0219coli de var\u0103 de litera\u021bie, organizat\u0103 \u00een parteneriat cu Teach for Romania. Pe parcursul acestor zile, \u0219coala<\/p>\n\t\t<\/div>\n\t\t\n\t\t<a class=\"elementor-post__read-more\" href=\"https:\/\/teachforromania.org\/en\/copiii-din-tinca-descopera-lumea-povestilor-printr-un-program-de-literatie-dedicat-lor\/\" aria-label=\"Read more about Copiii din Tinca descoper\u0103 lumea pove\u0219tilor printr-un program de litera\u021bie dedicat lor\" tabindex=\"-1\" >\n\t\t\tREAD MORE\t\t<\/a>\n\n\t\t\t\t<\/div>\n\t\t\t\t<\/article>\n\t\t\t\t<article class=\"elementor-post elementor-grid-item post-20062 post type-post status-publish format-standard has-post-thumbnail hentry category-comunicat-de-presa category-comunitati-in-schimbare category-despre-educatie category-scoala-altfel tag-comunicat-de-presa tag-comunicat-presa tag-gabriela-dima tag-scoli-strategice tag-scoli-strategice-teach-for-romania tag-teach-for-romania tag-tiriac-international-foundation\" role=\"listitem\">\n\t\t\t\t<a class=\"elementor-post__thumbnail__link\" href=\"https:\/\/teachforromania.org\/en\/tiriac-international-foundation-sustine-teach-for-romania-pentru-pregatirea-profesorilor-din-scolile-vulnerabile-in-judetul-brasov\/\" tabindex=\"-1\" >\n\t\t\t<div class=\"elementor-post__thumbnail\"><img decoding=\"async\" width=\"2560\" height=\"1707\" src=\"https:\/\/teachforromania.org\/wp-content\/uploads\/2025\/03\/Photo-66-scaled.jpg\" class=\"attachment-full size-full wp-image-20069\" alt=\"\" srcset=\"https:\/\/teachforromania.org\/wp-content\/uploads\/2025\/03\/Photo-66-scaled.jpg 2560w, https:\/\/teachforromania.org\/wp-content\/uploads\/2025\/03\/Photo-66-300x200.jpg 300w, https:\/\/teachforromania.org\/wp-content\/uploads\/2025\/03\/Photo-66-1024x683.jpg 1024w, https:\/\/teachforromania.org\/wp-content\/uploads\/2025\/03\/Photo-66-768x512.jpg 768w, https:\/\/teachforromania.org\/wp-content\/uploads\/2025\/03\/Photo-66-1536x1024.jpg 1536w, https:\/\/teachforromania.org\/wp-content\/uploads\/2025\/03\/Photo-66-2048x1365.jpg 2048w\" sizes=\"(max-width: 2560px) 100vw, 2560px\" \/><\/div>\n\t\t<\/a>\n\t\t\t\t<div class=\"elementor-post__text\">\n\t\t\t\t<h3 class=\"elementor-post__title\">\n\t\t\t<a href=\"https:\/\/teachforromania.org\/en\/tiriac-international-foundation-sustine-teach-for-romania-pentru-pregatirea-profesorilor-din-scolile-vulnerabile-in-judetul-brasov\/\" >\n\t\t\t\t\u021airiac International Foundation sus\u021bine Teach for Romania pentru preg\u0103tirea profesorilor din \u0219colile vulnerabile \u00een jude\u021bul Bra\u0219ov\t\t\t<\/a>\n\t\t<\/h3>\n\t\t\t\t<div class=\"elementor-post__excerpt\">\n\t\t\t<p>Teach for Romania, \u00eempreun\u0103 cu \u021airiac International Foundation, lanseaz\u0103 programul \u201e\u0218coli strategice\u201d \u00een jude\u021bul Bra\u0219ov. \u00cen cadrul programului vor fi selectate dou\u0103 \u0219coli care vor trece printr-un proces intens de training \u0219i mentorat, prin includerea directorului \u0219i a cel pu\u021bin 10 profesori \u00een programul de doi ani de formare Teach<\/p>\n\t\t<\/div>\n\t\t\n\t\t<a class=\"elementor-post__read-more\" href=\"https:\/\/teachforromania.org\/en\/tiriac-international-foundation-sustine-teach-for-romania-pentru-pregatirea-profesorilor-din-scolile-vulnerabile-in-judetul-brasov\/\" aria-label=\"Read more about \u021airiac International Foundation sus\u021bine Teach for Romania pentru preg\u0103tirea profesorilor din \u0219colile vulnerabile \u00een jude\u021bul Bra\u0219ov\" tabindex=\"-1\" >\n\t\t\tREAD MORE\t\t<\/a>\n\n\t\t\t\t<\/div>\n\t\t\t\t<\/article>\n\t\t\t\t<article class=\"elementor-post elementor-grid-item post-20049 post type-post status-publish format-standard has-post-thumbnail hentry category-biblioteca-educatiei category-comunicat-de-presa category-comunitati-in-schimbare category-despre-educatie category-formarea-profesorilor tag-cel-mai-bun-job tag-cel-mai-bun-job-din-lume tag-cel-mai-bun-job-din-romania tag-comunicat-de-presa tag-comunicat-presa tag-job-profesor tag-job-profesor-teach tag-octav-chirila tag-profesor-teach-for-romania tag-recrutare-teach-for-romania tag-teach-for-romania\" role=\"listitem\">\n\t\t\t\t<a class=\"elementor-post__thumbnail__link\" href=\"https:\/\/teachforromania.org\/en\/gen-z-si-profesionistii-experimentati-isi-doresc-cel-mai-bun-job-din-romania\/\" tabindex=\"-1\" >\n\t\t\t<div class=\"elementor-post__thumbnail\"><img loading=\"lazy\" decoding=\"async\" width=\"1500\" height=\"1500\" src=\"https:\/\/teachforromania.org\/wp-content\/uploads\/2025\/03\/post_3.png\" class=\"attachment-full size-full wp-image-20050\" alt=\"\" srcset=\"https:\/\/teachforromania.org\/wp-content\/uploads\/2025\/03\/post_3.png 1500w, https:\/\/teachforromania.org\/wp-content\/uploads\/2025\/03\/post_3-300x300.png 300w, https:\/\/teachforromania.org\/wp-content\/uploads\/2025\/03\/post_3-1024x1024.png 1024w, https:\/\/teachforromania.org\/wp-content\/uploads\/2025\/03\/post_3-150x150.png 150w, https:\/\/teachforromania.org\/wp-content\/uploads\/2025\/03\/post_3-768x768.png 768w\" sizes=\"(max-width: 1500px) 100vw, 1500px\" \/><\/div>\n\t\t<\/a>\n\t\t\t\t<div class=\"elementor-post__text\">\n\t\t\t\t<h3 class=\"elementor-post__title\">\n\t\t\t<a href=\"https:\/\/teachforromania.org\/en\/gen-z-si-profesionistii-experimentati-isi-doresc-cel-mai-bun-job-din-romania\/\" >\n\t\t\t\tGen Z \u0219i profesioni\u0219tii experimenta\u021bi \u00ee\u0219i doresc \u201eCel mai bun job din Rom\u00e2nia\u201d\t\t\t<\/a>\n\t\t<\/h3>\n\t\t\t\t<div class=\"elementor-post__excerpt\">\n\t\t\t<p>Peste 40% dintre candida\u021bii Teach for Rom\u00e2nia sunt profesioni\u0219ti care aleg reconversia \u00een educa\u021bie, al\u0103turi de tineri la \u00eenceput de drum \u0219i cadre didactice. Bucure\u0219ti, martie 2025 \u2013 \u00centr-o perioad\u0103 \u00een care sistemul educa\u021bional rom\u00e2nesc se confrunt\u0103 cu un deficit major de cadre didactice, o tendin\u021b\u0103 surprinz\u0103toare se contureaz\u0103: profesioni\u0219ti<\/p>\n\t\t<\/div>\n\t\t\n\t\t<a class=\"elementor-post__read-more\" href=\"https:\/\/teachforromania.org\/en\/gen-z-si-profesionistii-experimentati-isi-doresc-cel-mai-bun-job-din-romania\/\" aria-label=\"Read more about Gen Z \u0219i profesioni\u0219tii experimenta\u021bi \u00ee\u0219i doresc \u201eCel mai bun job din Rom\u00e2nia\u201d\" tabindex=\"-1\" >\n\t\t\tREAD MORE\t\t<\/a>\n\n\t\t\t\t<\/div>\n\t\t\t\t<\/article>\n\t\t\t\t<article class=\"elementor-post elementor-grid-item post-19997 post type-post status-publish format-standard has-post-thumbnail hentry category-biblioteca-educatiei category-blog category-comunicat-de-presa category-comunitati-in-schimbare category-despre-educatie category-gala-profesorul-anului category-scoala-altfel tag-comunicat-de-presa tag-comunicat-presa tag-finalistii-galei-teach tag-gala-profesorul-anului-din-mediul-rural tag-teach-for-romania\" role=\"listitem\">\n\t\t\t\t<a class=\"elementor-post__thumbnail__link\" href=\"https:\/\/teachforromania.org\/en\/teach-for-romania-anunta-cei-21-de-finalisti-la-gala-profesorul-anului-din-mediul-rural-editia-2025\/\" tabindex=\"-1\" >\n\t\t\t<div class=\"elementor-post__thumbnail\"><img loading=\"lazy\" decoding=\"async\" width=\"1200\" height=\"630\" src=\"https:\/\/teachforromania.org\/wp-content\/uploads\/2025\/02\/Cover-event-facebook-1.png\" class=\"attachment-full size-full wp-image-20004\" alt=\"\" srcset=\"https:\/\/teachforromania.org\/wp-content\/uploads\/2025\/02\/Cover-event-facebook-1.png 1200w, https:\/\/teachforromania.org\/wp-content\/uploads\/2025\/02\/Cover-event-facebook-1-300x158.png 300w, https:\/\/teachforromania.org\/wp-content\/uploads\/2025\/02\/Cover-event-facebook-1-1024x538.png 1024w, https:\/\/teachforromania.org\/wp-content\/uploads\/2025\/02\/Cover-event-facebook-1-768x403.png 768w\" sizes=\"(max-width: 1200px) 100vw, 1200px\" \/><\/div>\n\t\t<\/a>\n\t\t\t\t<div class=\"elementor-post__text\">\n\t\t\t\t<h3 class=\"elementor-post__title\">\n\t\t\t<a href=\"https:\/\/teachforromania.org\/en\/teach-for-romania-anunta-cei-21-de-finalisti-la-gala-profesorul-anului-din-mediul-rural-editia-2025\/\" >\n\t\t\t\tTeach for Romania anun\u021b\u0103 cei 21 de finali\u0219ti la Gala Profesorul Anului din mediul rural, edi\u021bia 2025\t\t\t<\/a>\n\t\t<\/h3>\n\t\t\t\t<div class=\"elementor-post__excerpt\">\n\t\t\t<p>Teach for Romania organizeaz\u0103 edi\u021bia a patra a Galei Profesorul Anului din mediul rural \u0219i anun\u021b\u0103 cei 21 de finali\u0219ti nominaliza\u021bi la 7 categorii de premiere. Evenimentul va avea loc pe 24 februarie, \u00eencep\u00e2nd cu ora 17.30, la Opera Bra\u0219ov, unde vor fi desemna\u021bi c\u00e2\u0219tig\u0103torii \u0219i celebra\u021bi profesorii care fac<\/p>\n\t\t<\/div>\n\t\t\n\t\t<a class=\"elementor-post__read-more\" href=\"https:\/\/teachforromania.org\/en\/teach-for-romania-anunta-cei-21-de-finalisti-la-gala-profesorul-anului-din-mediul-rural-editia-2025\/\" aria-label=\"Read more about Teach for Romania anun\u021b\u0103 cei 21 de finali\u0219ti la Gala Profesorul Anului din mediul rural, edi\u021bia 2025\" tabindex=\"-1\" >\n\t\t\tREAD MORE\t\t<\/a>\n\n\t\t\t\t<\/div>\n\t\t\t\t<\/article>\n\t\t\t\t<article class=\"elementor-post elementor-grid-item post-19095 post type-post status-publish format-standard has-post-thumbnail hentry category-biblioteca-educatiei category-comunitati-in-schimbare category-despre-educatie category-scoala-altfel tag-caravana-literatiei tag-literatie tag-pepco-romania tag-scoala-de-vara tag-scoala-de-vara-de-literatie\" role=\"listitem\">\n\t\t\t\t<a class=\"elementor-post__thumbnail__link\" href=\"https:\/\/teachforromania.org\/en\/interviu-cum-a-fost-in-scoala-de-vara-de-la-francesti-din-judetul-valcea\/\" tabindex=\"-1\" >\n\t\t\t<div class=\"elementor-post__thumbnail\"><img loading=\"lazy\" decoding=\"async\" width=\"2560\" height=\"1707\" src=\"https:\/\/teachforromania.org\/wp-content\/uploads\/2024\/08\/DSC09269-scaled.jpg\" class=\"attachment-full size-full wp-image-19116\" alt=\"\" srcset=\"https:\/\/teachforromania.org\/wp-content\/uploads\/2024\/08\/DSC09269-scaled.jpg 2560w, https:\/\/teachforromania.org\/wp-content\/uploads\/2024\/08\/DSC09269-300x200.jpg 300w, https:\/\/teachforromania.org\/wp-content\/uploads\/2024\/08\/DSC09269-1024x683.jpg 1024w, https:\/\/teachforromania.org\/wp-content\/uploads\/2024\/08\/DSC09269-768x512.jpg 768w, https:\/\/teachforromania.org\/wp-content\/uploads\/2024\/08\/DSC09269-1536x1024.jpg 1536w, https:\/\/teachforromania.org\/wp-content\/uploads\/2024\/08\/DSC09269-2048x1365.jpg 2048w\" sizes=\"(max-width: 2560px) 100vw, 2560px\" \/><\/div>\n\t\t<\/a>\n\t\t\t\t<div class=\"elementor-post__text\">\n\t\t\t\t<h3 class=\"elementor-post__title\">\n\t\t\t<a href=\"https:\/\/teachforromania.org\/en\/interviu-cum-a-fost-in-scoala-de-vara-de-la-francesti-din-judetul-valcea\/\" >\n\t\t\t\t[Interviu] Cum a fost \u00een \u0219coala de var\u0103 de la Fr\u00e2nce\u0219ti din jude\u021bul V\u00e2lcea?\t\t\t<\/a>\n\t\t<\/h3>\n\t\t\t\t<div class=\"elementor-post__excerpt\">\n\t\t\t<p>Timp de dou\u0103 s\u0103pt\u0103m\u00e2ni, copiii de la \u0218coala Gimnazial\u0103 din Fr\u00e2nce\u0219ti, jude\u021bul V\u00e2lcea, s-au \u00eentors la \u0219coal\u0103 \u00een vacan\u021ba de var\u0103 pentru a participa la diferitele activit\u0103\u021bi de citit-scris, dezvoltate de c\u0103tre Beatrice \u021aon\u021bu, mediator \u0219colar \u0219i coordonatoarea \u0219colii de var\u0103, \u0219i Laura Baltatu, director adjunct \u0219i \u00eenv\u0103\u021b\u0103toare. Am stat<\/p>\n\t\t<\/div>\n\t\t\n\t\t<a class=\"elementor-post__read-more\" href=\"https:\/\/teachforromania.org\/en\/interviu-cum-a-fost-in-scoala-de-vara-de-la-francesti-din-judetul-valcea\/\" aria-label=\"Read more about [Interviu] Cum a fost \u00een \u0219coala de var\u0103 de la Fr\u00e2nce\u0219ti din jude\u021bul V\u00e2lcea?\" tabindex=\"-1\" >\n\t\t\tREAD MORE\t\t<\/a>\n\n\t\t\t\t<\/div>\n\t\t\t\t<\/article>\n\t\t\t\t<article class=\"elementor-post elementor-grid-item post-19063 post type-post status-publish format-standard has-post-thumbnail hentry category-comunitati-in-schimbare category-despre-educatie category-impact-in-scoala category-scoala-altfel tag-caravana-literatiei tag-pepco-romania tag-proiect-literatie tag-scoala-de-vara tag-scoala-de-vara-de-literatie\" role=\"listitem\">\n\t\t\t\t<a class=\"elementor-post__thumbnail__link\" href=\"https:\/\/teachforromania.org\/en\/interviu-ioana-ciripoiu-fiind-axata-pe-materia-pe-care-o-predau-nu-mi-am-pus-niciodata-problema-literatiei-elevilor-dincolo-de-limba-engleza\/\" tabindex=\"-1\" >\n\t\t\t<div class=\"elementor-post__thumbnail\"><img loading=\"lazy\" decoding=\"async\" width=\"2048\" height=\"1365\" src=\"https:\/\/teachforromania.org\/wp-content\/uploads\/2024\/08\/web-0118-BD014426.jpg\" class=\"attachment-full size-full wp-image-19072\" alt=\"\" srcset=\"https:\/\/teachforromania.org\/wp-content\/uploads\/2024\/08\/web-0118-BD014426.jpg 2048w, https:\/\/teachforromania.org\/wp-content\/uploads\/2024\/08\/web-0118-BD014426-300x200.jpg 300w, https:\/\/teachforromania.org\/wp-content\/uploads\/2024\/08\/web-0118-BD014426-1024x683.jpg 1024w, https:\/\/teachforromania.org\/wp-content\/uploads\/2024\/08\/web-0118-BD014426-768x512.jpg 768w, https:\/\/teachforromania.org\/wp-content\/uploads\/2024\/08\/web-0118-BD014426-1536x1024.jpg 1536w\" sizes=\"(max-width: 2048px) 100vw, 2048px\" \/><\/div>\n\t\t<\/a>\n\t\t\t\t<div class=\"elementor-post__text\">\n\t\t\t\t<h3 class=\"elementor-post__title\">\n\t\t\t<a href=\"https:\/\/teachforromania.org\/en\/interviu-ioana-ciripoiu-fiind-axata-pe-materia-pe-care-o-predau-nu-mi-am-pus-niciodata-problema-literatiei-elevilor-dincolo-de-limba-engleza\/\" >\n\t\t\t\tInterviu Ioana Ciripoiu: \u201eFiind axat\u0103 pe materia pe care o predau, nu mi-am pus niciodat\u0103 problema litera\u021biei elevilor dincolo de Limba englez\u0103\u201d\t\t\t<\/a>\n\t\t<\/h3>\n\t\t\t\t<div class=\"elementor-post__excerpt\">\n\t\t\t<p>Cu o abordare dedicat\u0103 \u0219i inovatoare, Ioana ne poveste\u0219te cum activit\u0103\u021bile desf\u0103\u0219urate \u00een cadrul \u0218colii de var\u0103 organizat\u0103 \u00een proiectul \u201eCaravana litera\u021biei\u201d, au reu\u0219it s\u0103 schimbe perspective \u0219i s\u0103 ofere elevilor noi oportunit\u0103\u021bi de dezvoltare. Ioana spune c\u0103 a observat o elev\u0103 retras\u0103, cu o capacitate redus\u0103 de a opera<\/p>\n\t\t<\/div>\n\t\t\n\t\t<a class=\"elementor-post__read-more\" href=\"https:\/\/teachforromania.org\/en\/interviu-ioana-ciripoiu-fiind-axata-pe-materia-pe-care-o-predau-nu-mi-am-pus-niciodata-problema-literatiei-elevilor-dincolo-de-limba-engleza\/\" aria-label=\"Read more about Interviu Ioana Ciripoiu: \u201eFiind axat\u0103 pe materia pe care o predau, nu mi-am pus niciodat\u0103 problema litera\u021biei elevilor dincolo de Limba englez\u0103\u201d\" tabindex=\"-1\" >\n\t\t\tREAD MORE\t\t<\/a>\n\n\t\t\t\t<\/div>\n\t\t\t\t<\/article>\n\t\t\t\t<\/div>\n\t\t\t\t\t<span class=\"e-load-more-spinner\">\n\t\t\t\t<i aria-hidden=\"true\" class=\"fas fa-spinner\"><\/i>\t\t\t<\/span>\n\t\t\n\t\t\t\t<div class=\"e-load-more-anchor\" data-page=\"1\" data-max-page=\"6\" data-next-page=\"https:\/\/teachforromania.org\/en\/wp-json\/wp\/v2\/pages\/12098\/page\/2\/\"><\/div>\n\t\t\t\t<div class=\"elementor-button-wrapper\">\n\t\t\t<a class=\"elementor-button elementor-size-sm\" role=\"button\">\n\t\t\t\t\t\t<span class=\"elementor-button-content-wrapper\">\n\t\t\t\t\t\t\t\t\t<span class=\"elementor-button-text\">VIEW MORE ARTICLES<\/span>\n\t\t\t\t\t<\/span>\n\t\t\t\t\t<\/a>\n\t\t<\/div>\n\t\t\t\t<div class=\"e-load-more-message\"><\/div>\n\t\t\t\t\t\t<\/div>\n\t\t\t\t<\/div>\n\t\t\t\t\t<\/div>\n\t\t\t\t<\/div>\n\t\t\t\t<\/div>\n\t\t","protected":false},"excerpt":{"rendered":"<p>NEWS &#038; STORIES Fellows and alumni Inspirational students Community impact Action for education<\/p>\n","protected":false},"author":1,"featured_media":0,"parent":0,"menu_order":0,"comment_status":"closed","ping_status":"closed","template":"","meta":{"_acf_changed":false,"footnotes":""},"class_list":["post-12098","page","type-page","status-publish","hentry"],"acf":[],"_links":{"self":[{"href":"https:\/\/teachforromania.org\/en\/wp-json\/wp\/v2\/pages\/12098","targetHints":{"allow":["GET"]}}],"collection":[{"href":"https:\/\/teachforromania.org\/en\/wp-json\/wp\/v2\/pages"}],"about":[{"href":"https:\/\/teachforromania.org\/en\/wp-json\/wp\/v2\/types\/page"}],"author":[{"embeddable":true,"href":"https:\/\/teachforromania.org\/en\/wp-json\/wp\/v2\/users\/1"}],"replies":[{"embeddable":true,"href":"https:\/\/teachforromania.org\/en\/wp-json\/wp\/v2\/comments?post=12098"}],"version-history":[{"count":4,"href":"https:\/\/teachforromania.org\/en\/wp-json\/wp\/v2\/pages\/12098\/revisions"}],"predecessor-version":[{"id":12119,"href":"https:\/\/teachforromania.org\/en\/wp-json\/wp\/v2\/pages\/12098\/revisions\/12119"}],"wp:attachment":[{"href":"https:\/\/teachforromania.org\/en\/wp-json\/wp\/v2\/media?parent=12098"}],"curies":[{"name":"wp","href":"https:\/\/api.w.org\/{rel}","templated":true}]}}