{"id":12096,"date":"2022-10-04T12:48:06","date_gmt":"2022-10-04T12:48:06","guid":{"rendered":"https:\/\/teachforromania.org\/?page_id=12096"},"modified":"2022-10-04T13:33:14","modified_gmt":"2022-10-04T13:33:14","slug":"inspirational-students","status":"publish","type":"page","link":"https:\/\/teachforromania.org\/en\/inspirational-students\/","title":{"rendered":"Inspirational students"},"content":{"rendered":"\t\t<div data-elementor-type=\"wp-page\" data-elementor-id=\"12096\" class=\"elementor elementor-12096 elementor-3647\" data-elementor-post-type=\"page\">\n\t\t\t\t<div class=\"elementor-element elementor-element-bb0b10e e-flex e-con-boxed e-con e-parent\" data-id=\"bb0b10e\" data-element_type=\"container\" data-settings=\"{&quot;background_background&quot;:&quot;classic&quot;}\">\n\t\t\t\t\t<div class=\"e-con-inner\">\n\t\t\t\t<div class=\"elementor-element elementor-element-ce6c566 elementor-widget elementor-widget-theme-site-logo elementor-widget-image\" data-id=\"ce6c566\" data-element_type=\"widget\" data-widget_type=\"theme-site-logo.default\">\n\t\t\t\t<div class=\"elementor-widget-container\">\n\t\t\t\t\t\t\t\t\t\t\t<a href=\"https:\/\/teachforromania.org\/en\/\">\n\t\t\t<img decoding=\"async\" width=\"140\" height=\"66\" src=\"https:\/\/teachforromania.org\/wp-content\/uploads\/2022\/05\/Group-289.svg\" class=\"attachment-full size-full wp-image-1300\" alt=\"\" \/>\t\t\t\t<\/a>\n\t\t\t\t\t\t\t\t\t\t\t<\/div>\n\t\t\t\t<\/div>\n\t\t\t\t\t<\/div>\n\t\t\t\t<\/div>\n\t\t<div class=\"elementor-element elementor-element-d4918f9 e-flex e-con-boxed e-con e-parent\" data-id=\"d4918f9\" data-element_type=\"container\" data-settings=\"{&quot;background_background&quot;:&quot;classic&quot;}\">\n\t\t\t\t\t<div class=\"e-con-inner\">\n\t\t\t\t<div class=\"elementor-element elementor-element-b469854 elementor-align-center elementor-widget elementor-widget-button\" data-id=\"b469854\" data-element_type=\"widget\" data-widget_type=\"button.default\">\n\t\t\t\t<div class=\"elementor-widget-container\">\n\t\t\t\t\t\t\t\t\t<div class=\"elementor-button-wrapper\">\n\t\t\t\t\t<a class=\"elementor-button elementor-button-link elementor-size-sm\" href=\"https:\/\/teachforromania.org\/en\/blog\/\">\n\t\t\t\t\t\t<span class=\"elementor-button-content-wrapper\">\n\t\t\t\t\t\t\t\t\t<span class=\"elementor-button-text\">NEWS &amp; STORIES<\/span>\n\t\t\t\t\t<\/span>\n\t\t\t\t\t<\/a>\n\t\t\t\t<\/div>\n\t\t\t\t\t\t\t\t<\/div>\n\t\t\t\t<\/div>\n\t\t<div class=\"elementor-element elementor-element-710e4e9 e-con-full tfr-no-row-gap e-flex e-con e-parent\" data-id=\"710e4e9\" data-element_type=\"container\">\n\t\t<div class=\"elementor-element elementor-element-618ab82 e-con-full tfr-width-auto e-flex e-con e-parent\" data-id=\"618ab82\" data-element_type=\"container\">\n\t\t\t\t<div class=\"elementor-element elementor-element-589b0e9 elementor-align-center elementor-widget elementor-widget-button\" data-id=\"589b0e9\" data-element_type=\"widget\" data-widget_type=\"button.default\">\n\t\t\t\t<div class=\"elementor-widget-container\">\n\t\t\t\t\t\t\t\t\t<div class=\"elementor-button-wrapper\">\n\t\t\t\t\t<a class=\"elementor-button elementor-button-link elementor-size-sm\" href=\"https:\/\/teachforromania.org\/en\/fellows-and-alumni\/\">\n\t\t\t\t\t\t<span class=\"elementor-button-content-wrapper\">\n\t\t\t\t\t\t\t\t\t<span class=\"elementor-button-text\">Fellows and alumni<\/span>\n\t\t\t\t\t<\/span>\n\t\t\t\t\t<\/a>\n\t\t\t\t<\/div>\n\t\t\t\t\t\t\t\t<\/div>\n\t\t\t\t<\/div>\n\t\t\t\t<\/div>\n\t\t<div class=\"elementor-element elementor-element-254130a e-con-full tfr-width-auto e-flex e-con e-parent\" data-id=\"254130a\" data-element_type=\"container\">\n\t\t\t\t<div class=\"elementor-element elementor-element-9c25b5e elementor-align-center elementor-widget elementor-widget-button\" data-id=\"9c25b5e\" data-element_type=\"widget\" data-widget_type=\"button.default\">\n\t\t\t\t<div class=\"elementor-widget-container\">\n\t\t\t\t\t\t\t\t\t<div class=\"elementor-button-wrapper\">\n\t\t\t\t\t<a class=\"elementor-button elementor-button-link elementor-size-sm\" href=\"https:\/\/teachforromania.org\/en\/inspirational-students\/\">\n\t\t\t\t\t\t<span class=\"elementor-button-content-wrapper\">\n\t\t\t\t\t\t\t\t\t<span class=\"elementor-button-text\">Inspirational students<\/span>\n\t\t\t\t\t<\/span>\n\t\t\t\t\t<\/a>\n\t\t\t\t<\/div>\n\t\t\t\t\t\t\t\t<\/div>\n\t\t\t\t<\/div>\n\t\t\t\t<\/div>\n\t\t<div class=\"elementor-element elementor-element-481a684 e-con-full tfr-width-auto e-flex e-con e-parent\" data-id=\"481a684\" data-element_type=\"container\">\n\t\t\t\t<div class=\"elementor-element elementor-element-a189eab elementor-align-center elementor-widget elementor-widget-button\" data-id=\"a189eab\" data-element_type=\"widget\" data-widget_type=\"button.default\">\n\t\t\t\t<div class=\"elementor-widget-container\">\n\t\t\t\t\t\t\t\t\t<div class=\"elementor-button-wrapper\">\n\t\t\t\t\t<a class=\"elementor-button elementor-button-link elementor-size-sm\" href=\"https:\/\/teachforromania.org\/en\/community-impact\/\">\n\t\t\t\t\t\t<span class=\"elementor-button-content-wrapper\">\n\t\t\t\t\t\t\t\t\t<span class=\"elementor-button-text\">Community impact<\/span>\n\t\t\t\t\t<\/span>\n\t\t\t\t\t<\/a>\n\t\t\t\t<\/div>\n\t\t\t\t\t\t\t\t<\/div>\n\t\t\t\t<\/div>\n\t\t\t\t<\/div>\n\t\t<div class=\"elementor-element elementor-element-be759ea e-con-full tfr-width-auto e-flex e-con e-parent\" data-id=\"be759ea\" data-element_type=\"container\">\n\t\t\t\t<div class=\"elementor-element elementor-element-bb9b827 elementor-align-center elementor-widget elementor-widget-button\" data-id=\"bb9b827\" data-element_type=\"widget\" data-widget_type=\"button.default\">\n\t\t\t\t<div class=\"elementor-widget-container\">\n\t\t\t\t\t\t\t\t\t<div class=\"elementor-button-wrapper\">\n\t\t\t\t\t<a class=\"elementor-button elementor-button-link elementor-size-sm\" href=\"https:\/\/teachforromania.org\/en\/action-for-education\/\">\n\t\t\t\t\t\t<span class=\"elementor-button-content-wrapper\">\n\t\t\t\t\t\t\t\t\t<span class=\"elementor-button-text\">Action for education<\/span>\n\t\t\t\t\t<\/span>\n\t\t\t\t\t<\/a>\n\t\t\t\t<\/div>\n\t\t\t\t\t\t\t\t<\/div>\n\t\t\t\t<\/div>\n\t\t\t\t<\/div>\n\t\t\t\t<\/div>\n\t\t\t\t\t<\/div>\n\t\t\t\t<\/div>\n\t\t<div class=\"elementor-element elementor-element-02ff032 e-flex e-con-boxed e-con e-parent\" data-id=\"02ff032\" data-element_type=\"container\" data-settings=\"{&quot;background_background&quot;:&quot;classic&quot;}\">\n\t\t\t\t\t<div class=\"e-con-inner\">\n\t\t\t\t<div class=\"elementor-element elementor-element-a072747 tfr-multiple-posts elementor-posts--align-left elementor-grid-mobile_extra-1 elementor-grid-3 elementor-grid-tablet-2 elementor-grid-mobile-1 elementor-posts--thumbnail-top load-more-align-center elementor-widget elementor-widget-posts\" data-id=\"a072747\" data-element_type=\"widget\" data-settings=\"{&quot;classic_row_gap&quot;:{&quot;unit&quot;:&quot;px&quot;,&quot;size&quot;:30,&quot;sizes&quot;:[]},&quot;pagination_type&quot;:&quot;load_more_on_click&quot;,&quot;classic_masonry&quot;:&quot;yes&quot;,&quot;classic_columns_mobile_extra&quot;:&quot;1&quot;,&quot;classic_columns&quot;:&quot;3&quot;,&quot;classic_columns_tablet&quot;:&quot;2&quot;,&quot;classic_columns_mobile&quot;:&quot;1&quot;,&quot;classic_row_gap_laptop&quot;:{&quot;unit&quot;:&quot;px&quot;,&quot;size&quot;:&quot;&quot;,&quot;sizes&quot;:[]},&quot;classic_row_gap_tablet_extra&quot;:{&quot;unit&quot;:&quot;px&quot;,&quot;size&quot;:&quot;&quot;,&quot;sizes&quot;:[]},&quot;classic_row_gap_tablet&quot;:{&quot;unit&quot;:&quot;px&quot;,&quot;size&quot;:&quot;&quot;,&quot;sizes&quot;:[]},&quot;classic_row_gap_mobile_extra&quot;:{&quot;unit&quot;:&quot;px&quot;,&quot;size&quot;:&quot;&quot;,&quot;sizes&quot;:[]},&quot;classic_row_gap_mobile&quot;:{&quot;unit&quot;:&quot;px&quot;,&quot;size&quot;:&quot;&quot;,&quot;sizes&quot;:[]},&quot;load_more_spinner&quot;:{&quot;value&quot;:&quot;fas fa-spinner&quot;,&quot;library&quot;:&quot;fa-solid&quot;}}\" data-widget_type=\"posts.classic\">\n\t\t\t\t<div class=\"elementor-widget-container\">\n\t\t\t\t\t\t\t<div class=\"elementor-posts-container elementor-posts elementor-posts--skin-classic elementor-grid\" role=\"list\">\n\t\t\t\t<article class=\"elementor-post elementor-grid-item post-22977 post type-post status-publish format-standard has-post-thumbnail hentry category-comunicat-de-presa category-despre-educatie category-potentialul-elevilor category-resurse category-scoala-altfel tag-concurs-proiecte-de-mediu tag-fundatia-omv-petrom tag-scoala-mea-verde tag-verde-pentru-generatia-alpha\" role=\"listitem\">\n\t\t\t\t<a class=\"elementor-post__thumbnail__link\" href=\"https:\/\/teachforromania.org\/en\/comunicat-de-presa-teach-for-romania-lanseaza-concursul-de-proiecte-de-mediu-scoala-mea-verde\/\" tabindex=\"-1\" >\n\t\t\t<div class=\"elementor-post__thumbnail\"><img fetchpriority=\"high\" decoding=\"async\" width=\"1460\" height=\"973\" src=\"https:\/\/teachforromania.org\/wp-content\/uploads\/2026\/01\/PAT03383-3.jpg\" class=\"attachment-full size-full wp-image-22978\" alt=\"\" srcset=\"https:\/\/teachforromania.org\/wp-content\/uploads\/2026\/01\/PAT03383-3.jpg 1460w, https:\/\/teachforromania.org\/wp-content\/uploads\/2026\/01\/PAT03383-3-300x200.jpg 300w, https:\/\/teachforromania.org\/wp-content\/uploads\/2026\/01\/PAT03383-3-1024x682.jpg 1024w, https:\/\/teachforromania.org\/wp-content\/uploads\/2026\/01\/PAT03383-3-768x512.jpg 768w\" sizes=\"(max-width: 1460px) 100vw, 1460px\" \/><\/div>\n\t\t<\/a>\n\t\t\t\t<div class=\"elementor-post__text\">\n\t\t\t\t<h3 class=\"elementor-post__title\">\n\t\t\t<a href=\"https:\/\/teachforromania.org\/en\/comunicat-de-presa-teach-for-romania-lanseaza-concursul-de-proiecte-de-mediu-scoala-mea-verde\/\" >\n\t\t\t\t[Comunicat de pres\u0103] Teach for Romania lanseaz\u0103 concursul de proiecte de mediu \u201e\u0218coala mea Verde\u201d\t\t\t<\/a>\n\t\t<\/h3>\n\t\t\t\t<div class=\"elementor-post__excerpt\">\n\t\t\t<p>Proiecte de mediu create de elevi pentru un viitor mai sustenabil Teach for Romania d\u0103 startul \u00eenscrierilor la concursul de proiecte de mediu \u201e\u0218coala mea Verde\u201d, un apel adresat elevilor \u0219i profesorilor din \u00eenv\u0103\u021b\u0103m\u00e2ntul public care \u00ee\u0219i doresc s\u0103 transforme \u0219coala sau comunitatea lor \u00eentr-un loc mai prietenos cu mediul.<\/p>\n\t\t<\/div>\n\t\t\n\t\t<a class=\"elementor-post__read-more\" href=\"https:\/\/teachforromania.org\/en\/comunicat-de-presa-teach-for-romania-lanseaza-concursul-de-proiecte-de-mediu-scoala-mea-verde\/\" aria-label=\"Read more about [Comunicat de pres\u0103] Teach for Romania lanseaz\u0103 concursul de proiecte de mediu \u201e\u0218coala mea Verde\u201d\" tabindex=\"-1\" >\n\t\t\tREAD MORE\t\t<\/a>\n\n\t\t\t\t<\/div>\n\t\t\t\t<\/article>\n\t\t\t\t<article class=\"elementor-post elementor-grid-item post-22122 post type-post status-publish format-standard has-post-thumbnail hentry category-despre-educatie category-impact-in-scoala category-potentialul-elevilor category-profesori-si-alumni category-scoala-altfel tag-climate-education tag-educatie-pentru-mediu tag-inscrieri-podcast tag-podcast-teach-for-romania tag-podcast-vocea-verde tag-teach-for-romania tag-vocea-verde\" role=\"listitem\">\n\t\t\t\t<a class=\"elementor-post__thumbnail__link\" href=\"https:\/\/teachforromania.org\/en\/inscrie-ti-elevii-pentru-al-doilea-sezon-din-podcastul-vocea-verde\/\" tabindex=\"-1\" >\n\t\t\t<div class=\"elementor-post__thumbnail\"><img decoding=\"async\" width=\"2240\" height=\"1260\" src=\"https:\/\/teachforromania.org\/wp-content\/uploads\/2025\/11\/Anunt-inscrieri-Sezonul-2-VV.png\" class=\"attachment-full size-full wp-image-22123\" alt=\"\" srcset=\"https:\/\/teachforromania.org\/wp-content\/uploads\/2025\/11\/Anunt-inscrieri-Sezonul-2-VV.png 2240w, https:\/\/teachforromania.org\/wp-content\/uploads\/2025\/11\/Anunt-inscrieri-Sezonul-2-VV-300x169.png 300w, https:\/\/teachforromania.org\/wp-content\/uploads\/2025\/11\/Anunt-inscrieri-Sezonul-2-VV-1024x576.png 1024w, https:\/\/teachforromania.org\/wp-content\/uploads\/2025\/11\/Anunt-inscrieri-Sezonul-2-VV-768x432.png 768w, https:\/\/teachforromania.org\/wp-content\/uploads\/2025\/11\/Anunt-inscrieri-Sezonul-2-VV-1536x864.png 1536w, https:\/\/teachforromania.org\/wp-content\/uploads\/2025\/11\/Anunt-inscrieri-Sezonul-2-VV-2048x1152.png 2048w\" sizes=\"(max-width: 2240px) 100vw, 2240px\" \/><\/div>\n\t\t<\/a>\n\t\t\t\t<div class=\"elementor-post__text\">\n\t\t\t\t<h3 class=\"elementor-post__title\">\n\t\t\t<a href=\"https:\/\/teachforromania.org\/en\/inscrie-ti-elevii-pentru-al-doilea-sezon-din-podcastul-vocea-verde\/\" >\n\t\t\t\t\u00censcrie-\u021bi elevii pentru al doilea sezon din Podcastul \u201eVocea Verde\u201d\t\t\t<\/a>\n\t\t<\/h3>\n\t\t\t\t<div class=\"elementor-post__excerpt\">\n\t\t\t<p>Ai elevi curio\u0219i, extrover\u021bi, c\u0103rora le place s\u0103 fie \u00een centrul aten\u021biei \u0219i sunt confortabili \u00een conversa\u021bii cu ceilal\u021bi?\u00a0 Sau poate sunt pasiona\u021bi de subiecte ecologice \u0219i \u00ee\u0219i doresc s\u0103 se dezvolte \u00een zona de public speaking?\u00a0 Primul sezon al podcastului Vocea Verde ne-a ar\u0103tat c\u0103 elevii Teach for Romania<\/p>\n\t\t<\/div>\n\t\t\n\t\t<a class=\"elementor-post__read-more\" href=\"https:\/\/teachforromania.org\/en\/inscrie-ti-elevii-pentru-al-doilea-sezon-din-podcastul-vocea-verde\/\" aria-label=\"Read more about \u00censcrie-\u021bi elevii pentru al doilea sezon din Podcastul \u201eVocea Verde\u201d\" tabindex=\"-1\" >\n\t\t\tREAD MORE\t\t<\/a>\n\n\t\t\t\t<\/div>\n\t\t\t\t<\/article>\n\t\t\t\t<article class=\"elementor-post elementor-grid-item post-20884 post type-post status-publish format-standard has-post-thumbnail hentry category-despre-educatie category-impact-in-scoala category-potentialul-elevilor category-povesti-teach-for-romania category-povesti-transformationale category-profesori-si-alumni category-scoala-altfel tag-laborator-literatie tag-literatie-remediala tag-teach-for-romania\" role=\"listitem\">\n\t\t\t\t<a class=\"elementor-post__thumbnail__link\" href=\"https:\/\/teachforromania.org\/en\/stiam-sa-citesc-dar-foarte-greu\/\" tabindex=\"-1\" >\n\t\t\t<div class=\"elementor-post__thumbnail\"><img loading=\"lazy\" decoding=\"async\" width=\"2240\" height=\"1260\" src=\"https:\/\/teachforromania.org\/wp-content\/uploads\/2025\/07\/Vizual-Ianis-1.jpg\" class=\"attachment-full size-full wp-image-20877\" alt=\"\" srcset=\"https:\/\/teachforromania.org\/wp-content\/uploads\/2025\/07\/Vizual-Ianis-1.jpg 2240w, https:\/\/teachforromania.org\/wp-content\/uploads\/2025\/07\/Vizual-Ianis-1-300x169.jpg 300w, https:\/\/teachforromania.org\/wp-content\/uploads\/2025\/07\/Vizual-Ianis-1-1024x576.jpg 1024w, https:\/\/teachforromania.org\/wp-content\/uploads\/2025\/07\/Vizual-Ianis-1-768x432.jpg 768w, https:\/\/teachforromania.org\/wp-content\/uploads\/2025\/07\/Vizual-Ianis-1-1536x864.jpg 1536w, https:\/\/teachforromania.org\/wp-content\/uploads\/2025\/07\/Vizual-Ianis-1-2048x1152.jpg 2048w\" sizes=\"(max-width: 2240px) 100vw, 2240px\" \/><\/div>\n\t\t<\/a>\n\t\t\t\t<div class=\"elementor-post__text\">\n\t\t\t\t<h3 class=\"elementor-post__title\">\n\t\t\t<a href=\"https:\/\/teachforromania.org\/en\/stiam-sa-citesc-dar-foarte-greu\/\" >\n\t\t\t\t\u201e\u0218tiam s\u0103 citesc, dar foarte greu.\u201d\t\t\t<\/a>\n\t\t<\/h3>\n\t\t\t\t<div class=\"elementor-post__excerpt\">\n\t\t\t<p>Ianis are 11 ani, e \u00een clasa a V-a \u0219i e pasionat de fotbal. Joac\u0103 cu fra\u021bii, veri\u0219orii \u0219i vecinii lui, pe o strad\u0103 din cartierul Giule\u0219ti. Viseaz\u0103 s\u0103 se \u00eenscrie \u00eentr-o zi la un club de fotbal. Idolul lui e portughezul Cristiano Ronaldo. \u201eChiar dac\u0103 are 40 de ani,<\/p>\n\t\t<\/div>\n\t\t\n\t\t<a class=\"elementor-post__read-more\" href=\"https:\/\/teachforromania.org\/en\/stiam-sa-citesc-dar-foarte-greu\/\" aria-label=\"Read more about \u201e\u0218tiam s\u0103 citesc, dar foarte greu.\u201d\" tabindex=\"-1\" >\n\t\t\tREAD MORE\t\t<\/a>\n\n\t\t\t\t<\/div>\n\t\t\t\t<\/article>\n\t\t\t\t<article class=\"elementor-post elementor-grid-item post-20882 post type-post status-publish format-standard has-post-thumbnail hentry category-despre-educatie category-impact-in-scoala category-potentialul-elevilor category-povesti-teach-for-romania category-povesti-transformationale category-profesori-si-alumni category-scoala-altfel tag-laborator-literatie tag-literatie-remediala tag-teach-for-romania\" role=\"listitem\">\n\t\t\t\t<a class=\"elementor-post__thumbnail__link\" href=\"https:\/\/teachforromania.org\/en\/povestea-rebecai-fetita-pentru-care-povestile-conteaza\/\" tabindex=\"-1\" >\n\t\t\t<div class=\"elementor-post__thumbnail\"><img loading=\"lazy\" decoding=\"async\" width=\"2240\" height=\"1260\" src=\"https:\/\/teachforromania.org\/wp-content\/uploads\/2025\/07\/Vizual-rebeca-1.jpg\" class=\"attachment-full size-full wp-image-20873\" alt=\"\" srcset=\"https:\/\/teachforromania.org\/wp-content\/uploads\/2025\/07\/Vizual-rebeca-1.jpg 2240w, https:\/\/teachforromania.org\/wp-content\/uploads\/2025\/07\/Vizual-rebeca-1-300x169.jpg 300w, https:\/\/teachforromania.org\/wp-content\/uploads\/2025\/07\/Vizual-rebeca-1-1024x576.jpg 1024w, https:\/\/teachforromania.org\/wp-content\/uploads\/2025\/07\/Vizual-rebeca-1-768x432.jpg 768w, https:\/\/teachforromania.org\/wp-content\/uploads\/2025\/07\/Vizual-rebeca-1-1536x864.jpg 1536w, https:\/\/teachforromania.org\/wp-content\/uploads\/2025\/07\/Vizual-rebeca-1-2048x1152.jpg 2048w\" sizes=\"(max-width: 2240px) 100vw, 2240px\" \/><\/div>\n\t\t<\/a>\n\t\t\t\t<div class=\"elementor-post__text\">\n\t\t\t\t<h3 class=\"elementor-post__title\">\n\t\t\t<a href=\"https:\/\/teachforromania.org\/en\/povestea-rebecai-fetita-pentru-care-povestile-conteaza\/\" >\n\t\t\t\tPovestea Rebec\u0103i, feti\u021ba pentru care pove\u0219tile conteaz\u0103\t\t\t<\/a>\n\t\t<\/h3>\n\t\t\t\t<div class=\"elementor-post__excerpt\">\n\t\t\t<p>\u201eEu am urcat pe lun\u0103. Pe lun\u0103 am m\u00e2ncat o c\u0103p\u0219un\u0103. C\u0103p\u0219una de pe lun\u0103 era tare ca o alun\u0103\u201d. Textul-poezie \u00eei apar\u021bine Rebec\u0103i, elev\u0103 \u00een clasa a V-a. L-a scris al\u0103turi de domnul Andrei, \u00een cadrul laboratorului de litera\u021bie remedial\u0103, \u0219i acum se afl\u0103 \u00eenr\u0103mat pe un perete din<\/p>\n\t\t<\/div>\n\t\t\n\t\t<a class=\"elementor-post__read-more\" href=\"https:\/\/teachforromania.org\/en\/povestea-rebecai-fetita-pentru-care-povestile-conteaza\/\" aria-label=\"Read more about Povestea Rebec\u0103i, feti\u021ba pentru care pove\u0219tile conteaz\u0103\" tabindex=\"-1\" >\n\t\t\tREAD MORE\t\t<\/a>\n\n\t\t\t\t<\/div>\n\t\t\t\t<\/article>\n\t\t\t\t<article class=\"elementor-post elementor-grid-item post-20866 post type-post status-publish format-standard has-post-thumbnail hentry category-despre-educatie category-impact-in-scoala category-potentialul-elevilor category-povesti-teach-for-romania category-povesti-transformationale category-profesori-si-alumni category-scoala-altfel tag-laborator-literatie tag-literatie-remediala tag-teach-for-romania\" role=\"listitem\">\n\t\t\t\t<a class=\"elementor-post__thumbnail__link\" href=\"https:\/\/teachforromania.org\/en\/cand-citeam-nu-intelegeam-nimic\/\" tabindex=\"-1\" >\n\t\t\t<div class=\"elementor-post__thumbnail\"><img loading=\"lazy\" decoding=\"async\" width=\"2240\" height=\"1260\" src=\"https:\/\/teachforromania.org\/wp-content\/uploads\/2025\/07\/Vizual-Ionut-1.jpg\" class=\"attachment-full size-full wp-image-20869\" alt=\"\" srcset=\"https:\/\/teachforromania.org\/wp-content\/uploads\/2025\/07\/Vizual-Ionut-1.jpg 2240w, https:\/\/teachforromania.org\/wp-content\/uploads\/2025\/07\/Vizual-Ionut-1-300x169.jpg 300w, https:\/\/teachforromania.org\/wp-content\/uploads\/2025\/07\/Vizual-Ionut-1-1024x576.jpg 1024w, https:\/\/teachforromania.org\/wp-content\/uploads\/2025\/07\/Vizual-Ionut-1-768x432.jpg 768w, https:\/\/teachforromania.org\/wp-content\/uploads\/2025\/07\/Vizual-Ionut-1-1536x864.jpg 1536w, https:\/\/teachforromania.org\/wp-content\/uploads\/2025\/07\/Vizual-Ionut-1-2048x1152.jpg 2048w\" sizes=\"(max-width: 2240px) 100vw, 2240px\" \/><\/div>\n\t\t<\/a>\n\t\t\t\t<div class=\"elementor-post__text\">\n\t\t\t\t<h3 class=\"elementor-post__title\">\n\t\t\t<a href=\"https:\/\/teachforromania.org\/en\/cand-citeam-nu-intelegeam-nimic\/\" >\n\t\t\t\t\u201eC\u00e2nd citeam, nu \u00een\u021belegeam nimic.\u201d\t\t\t<\/a>\n\t\t<\/h3>\n\t\t\t\t<div class=\"elementor-post__excerpt\">\n\t\t\t<p>Ionu\u021b are 11 ani, e \u00een clasa a V-a \u0219i e pasionat de sport. Joac\u0103 fotbal pe strad\u0103 \u2013 cel mai des e atacant \u2013 \u0219i face lupte libere la un atelier \u00een cadrul \u0219colii. Acolo a \u00eenv\u0103\u021bat c\u0103, \u00een cazul \u00een care se ia cineva de el pe strad\u0103,<\/p>\n\t\t<\/div>\n\t\t\n\t\t<a class=\"elementor-post__read-more\" href=\"https:\/\/teachforromania.org\/en\/cand-citeam-nu-intelegeam-nimic\/\" aria-label=\"Read more about \u201eC\u00e2nd citeam, nu \u00een\u021belegeam nimic.\u201d\" tabindex=\"-1\" >\n\t\t\tREAD MORE\t\t<\/a>\n\n\t\t\t\t<\/div>\n\t\t\t\t<\/article>\n\t\t\t\t<article class=\"elementor-post elementor-grid-item post-20434 post type-post status-publish format-standard has-post-thumbnail hentry category-potentialul-elevilor category-povesti-teach-for-romania category-povesti-transformationale category-profesori-si-alumni category-resurse category-scoala-altfel tag-literatie-remediala tag-mentor-literatie tag-minecraft tag-raluca-covaci tag-teach-for-romania tag-wordwall\" role=\"listitem\">\n\t\t\t\t<a class=\"elementor-post__thumbnail__link\" href=\"https:\/\/teachforromania.org\/en\/interviu-cum-transforma-raluca-covaci-orele-de-franceza-si-geografie-in-lectii-de-viata\/\" tabindex=\"-1\" >\n\t\t\t<div class=\"elementor-post__thumbnail\"><img loading=\"lazy\" decoding=\"async\" width=\"2240\" height=\"1260\" src=\"https:\/\/teachforromania.org\/wp-content\/uploads\/2025\/05\/8.png\" class=\"attachment-full size-full wp-image-20439\" alt=\"\" srcset=\"https:\/\/teachforromania.org\/wp-content\/uploads\/2025\/05\/8.png 2240w, https:\/\/teachforromania.org\/wp-content\/uploads\/2025\/05\/8-300x169.png 300w, https:\/\/teachforromania.org\/wp-content\/uploads\/2025\/05\/8-1024x576.png 1024w, https:\/\/teachforromania.org\/wp-content\/uploads\/2025\/05\/8-768x432.png 768w, https:\/\/teachforromania.org\/wp-content\/uploads\/2025\/05\/8-1536x864.png 1536w, https:\/\/teachforromania.org\/wp-content\/uploads\/2025\/05\/8-2048x1152.png 2048w\" sizes=\"(max-width: 2240px) 100vw, 2240px\" \/><\/div>\n\t\t<\/a>\n\t\t\t\t<div class=\"elementor-post__text\">\n\t\t\t\t<h3 class=\"elementor-post__title\">\n\t\t\t<a href=\"https:\/\/teachforromania.org\/en\/interviu-cum-transforma-raluca-covaci-orele-de-franceza-si-geografie-in-lectii-de-viata\/\" >\n\t\t\t\tInterviu: Cum transform\u0103 Raluca Covaci orele de francez\u0103 \u0219i geografie \u00een lec\u021bii de via\u021b\u0103\t\t\t<\/a>\n\t\t<\/h3>\n\t\t\t\t<div class=\"elementor-post__excerpt\">\n\t\t\t<p>Cu o pasiune autentic\u0103 pentru educa\u021bie \u0219i dorin\u021ba de a conecta materia predat\u0103 cu lumea real\u0103 a elevilor, Raluca Covaci, profesoar\u0103 de limba francez\u0103 \u0219i geografie \u00een jude\u021bul Timi\u0219, reu\u0219e\u0219te s\u0103 transforme fiecare or\u0103 \u00eentr-o experien\u021b\u0103 de \u00eenv\u0103\u021bare memorabil\u0103. Finalist\u0103 la Gala \u201eProfesorul Anului din Mediul Rural\u201d la categoria Litera\u021bie,<\/p>\n\t\t<\/div>\n\t\t\n\t\t<a class=\"elementor-post__read-more\" href=\"https:\/\/teachforromania.org\/en\/interviu-cum-transforma-raluca-covaci-orele-de-franceza-si-geografie-in-lectii-de-viata\/\" aria-label=\"Read more about Interviu: Cum transform\u0103 Raluca Covaci orele de francez\u0103 \u0219i geografie \u00een lec\u021bii de via\u021b\u0103\" tabindex=\"-1\" >\n\t\t\tREAD MORE\t\t<\/a>\n\n\t\t\t\t<\/div>\n\t\t\t\t<\/article>\n\t\t\t\t<\/div>\n\t\t\t\t\t<span class=\"e-load-more-spinner\">\n\t\t\t\t<i aria-hidden=\"true\" class=\"fas fa-spinner\"><\/i>\t\t\t<\/span>\n\t\t\n\t\t\t\t<div class=\"e-load-more-anchor\" data-page=\"1\" data-max-page=\"7\" data-next-page=\"https:\/\/teachforromania.org\/en\/wp-json\/wp\/v2\/pages\/12096\/page\/2\/\"><\/div>\n\t\t\t\t<div class=\"elementor-button-wrapper\">\n\t\t\t<a class=\"elementor-button elementor-size-sm\" role=\"button\">\n\t\t\t\t\t\t<span class=\"elementor-button-content-wrapper\">\n\t\t\t\t\t\t\t\t\t<span class=\"elementor-button-text\">VIEW MORE ARTICLES<\/span>\n\t\t\t\t\t<\/span>\n\t\t\t\t\t<\/a>\n\t\t<\/div>\n\t\t\t\t<div class=\"e-load-more-message\"><\/div>\n\t\t\t\t\t\t<\/div>\n\t\t\t\t<\/div>\n\t\t\t\t\t<\/div>\n\t\t\t\t<\/div>\n\t\t\t\t<\/div>\n\t\t","protected":false},"excerpt":{"rendered":"<p>NEWS &#038; STORIES Fellows and alumni Inspirational students Community impact Action for education<\/p>\n","protected":false},"author":1,"featured_media":0,"parent":0,"menu_order":0,"comment_status":"closed","ping_status":"closed","template":"","meta":{"_acf_changed":false,"footnotes":""},"class_list":["post-12096","page","type-page","status-publish","hentry"],"acf":[],"_links":{"self":[{"href":"https:\/\/teachforromania.org\/en\/wp-json\/wp\/v2\/pages\/12096","targetHints":{"allow":["GET"]}}],"collection":[{"href":"https:\/\/teachforromania.org\/en\/wp-json\/wp\/v2\/pages"}],"about":[{"href":"https:\/\/teachforromania.org\/en\/wp-json\/wp\/v2\/types\/page"}],"author":[{"embeddable":true,"href":"https:\/\/teachforromania.org\/en\/wp-json\/wp\/v2\/users\/1"}],"replies":[{"embeddable":true,"href":"https:\/\/teachforromania.org\/en\/wp-json\/wp\/v2\/comments?post=12096"}],"version-history":[{"count":4,"href":"https:\/\/teachforromania.org\/en\/wp-json\/wp\/v2\/pages\/12096\/revisions"}],"predecessor-version":[{"id":12116,"href":"https:\/\/teachforromania.org\/en\/wp-json\/wp\/v2\/pages\/12096\/revisions\/12116"}],"wp:attachment":[{"href":"https:\/\/teachforromania.org\/en\/wp-json\/wp\/v2\/media?parent=12096"}],"curies":[{"name":"wp","href":"https:\/\/api.w.org\/{rel}","templated":true}]}}