{"id":12094,"date":"2022-10-04T12:47:41","date_gmt":"2022-10-04T12:47:41","guid":{"rendered":"https:\/\/teachforromania.org\/?page_id=12094"},"modified":"2022-10-04T13:31:27","modified_gmt":"2022-10-04T13:31:27","slug":"fellows-and-alumni","status":"publish","type":"page","link":"https:\/\/teachforromania.org\/en\/fellows-and-alumni\/","title":{"rendered":"Fellows and alumni"},"content":{"rendered":"\t\t<div data-elementor-type=\"wp-page\" data-elementor-id=\"12094\" class=\"elementor elementor-12094 elementor-3645\" data-elementor-post-type=\"page\">\n\t\t\t\t<div class=\"elementor-element elementor-element-54776ae e-flex e-con-boxed e-con e-parent\" data-id=\"54776ae\" data-element_type=\"container\" data-settings=\"{&quot;background_background&quot;:&quot;classic&quot;}\">\n\t\t\t\t\t<div class=\"e-con-inner\">\n\t\t\t\t<div class=\"elementor-element elementor-element-5103cd4 elementor-widget elementor-widget-theme-site-logo elementor-widget-image\" data-id=\"5103cd4\" data-element_type=\"widget\" data-widget_type=\"theme-site-logo.default\">\n\t\t\t\t<div class=\"elementor-widget-container\">\n\t\t\t\t\t\t\t\t\t\t\t<a href=\"https:\/\/teachforromania.org\/en\/\">\n\t\t\t<img decoding=\"async\" width=\"140\" height=\"66\" src=\"https:\/\/teachforromania.org\/wp-content\/uploads\/2022\/05\/Group-289.svg\" class=\"attachment-full size-full wp-image-1300\" alt=\"\" \/>\t\t\t\t<\/a>\n\t\t\t\t\t\t\t\t\t\t\t<\/div>\n\t\t\t\t<\/div>\n\t\t\t\t\t<\/div>\n\t\t\t\t<\/div>\n\t\t<div class=\"elementor-element elementor-element-f21ae07 e-flex e-con-boxed e-con e-parent\" data-id=\"f21ae07\" data-element_type=\"container\" data-settings=\"{&quot;background_background&quot;:&quot;classic&quot;}\">\n\t\t\t\t\t<div class=\"e-con-inner\">\n\t\t\t\t<div class=\"elementor-element elementor-element-26acc66 elementor-align-center elementor-widget elementor-widget-button\" data-id=\"26acc66\" data-element_type=\"widget\" data-widget_type=\"button.default\">\n\t\t\t\t<div class=\"elementor-widget-container\">\n\t\t\t\t\t\t\t\t\t<div class=\"elementor-button-wrapper\">\n\t\t\t\t\t<a class=\"elementor-button elementor-button-link elementor-size-sm\" href=\"https:\/\/teachforromania.org\/en\/blog\/\">\n\t\t\t\t\t\t<span class=\"elementor-button-content-wrapper\">\n\t\t\t\t\t\t\t\t\t<span class=\"elementor-button-text\">NEWS &amp; STORIES<\/span>\n\t\t\t\t\t<\/span>\n\t\t\t\t\t<\/a>\n\t\t\t\t<\/div>\n\t\t\t\t\t\t\t\t<\/div>\n\t\t\t\t<\/div>\n\t\t<div class=\"elementor-element elementor-element-4859ca3 e-con-full tfr-no-row-gap e-flex e-con e-parent\" data-id=\"4859ca3\" data-element_type=\"container\">\n\t\t<div class=\"elementor-element elementor-element-ddb4225 e-con-full tfr-width-auto e-flex e-con e-parent\" data-id=\"ddb4225\" data-element_type=\"container\">\n\t\t\t\t<div class=\"elementor-element elementor-element-bbd969d elementor-align-center elementor-widget elementor-widget-button\" data-id=\"bbd969d\" data-element_type=\"widget\" data-widget_type=\"button.default\">\n\t\t\t\t<div class=\"elementor-widget-container\">\n\t\t\t\t\t\t\t\t\t<div class=\"elementor-button-wrapper\">\n\t\t\t\t\t<a class=\"elementor-button elementor-button-link elementor-size-sm\" href=\"https:\/\/teachforromania.org\/en\/fellows-and-alumni\/\">\n\t\t\t\t\t\t<span class=\"elementor-button-content-wrapper\">\n\t\t\t\t\t\t\t\t\t<span class=\"elementor-button-text\">Fellows and alumni<\/span>\n\t\t\t\t\t<\/span>\n\t\t\t\t\t<\/a>\n\t\t\t\t<\/div>\n\t\t\t\t\t\t\t\t<\/div>\n\t\t\t\t<\/div>\n\t\t\t\t<\/div>\n\t\t<div class=\"elementor-element elementor-element-2ec504c e-con-full tfr-width-auto e-flex e-con e-parent\" data-id=\"2ec504c\" data-element_type=\"container\">\n\t\t\t\t<div class=\"elementor-element elementor-element-64518a0 elementor-align-center elementor-widget elementor-widget-button\" data-id=\"64518a0\" data-element_type=\"widget\" data-widget_type=\"button.default\">\n\t\t\t\t<div class=\"elementor-widget-container\">\n\t\t\t\t\t\t\t\t\t<div class=\"elementor-button-wrapper\">\n\t\t\t\t\t<a class=\"elementor-button elementor-button-link elementor-size-sm\" href=\"https:\/\/teachforromania.org\/en\/inspirational-students\/\">\n\t\t\t\t\t\t<span class=\"elementor-button-content-wrapper\">\n\t\t\t\t\t\t\t\t\t<span class=\"elementor-button-text\">Inspirational students<\/span>\n\t\t\t\t\t<\/span>\n\t\t\t\t\t<\/a>\n\t\t\t\t<\/div>\n\t\t\t\t\t\t\t\t<\/div>\n\t\t\t\t<\/div>\n\t\t\t\t<\/div>\n\t\t<div class=\"elementor-element elementor-element-c856b29 e-con-full tfr-width-auto e-flex e-con e-parent\" data-id=\"c856b29\" data-element_type=\"container\">\n\t\t\t\t<div class=\"elementor-element elementor-element-6236fa0 elementor-align-center elementor-widget elementor-widget-button\" data-id=\"6236fa0\" data-element_type=\"widget\" data-widget_type=\"button.default\">\n\t\t\t\t<div class=\"elementor-widget-container\">\n\t\t\t\t\t\t\t\t\t<div class=\"elementor-button-wrapper\">\n\t\t\t\t\t<a class=\"elementor-button elementor-button-link elementor-size-sm\" href=\"https:\/\/teachforromania.org\/en\/community-impact\/\">\n\t\t\t\t\t\t<span class=\"elementor-button-content-wrapper\">\n\t\t\t\t\t\t\t\t\t<span class=\"elementor-button-text\">Community impact<\/span>\n\t\t\t\t\t<\/span>\n\t\t\t\t\t<\/a>\n\t\t\t\t<\/div>\n\t\t\t\t\t\t\t\t<\/div>\n\t\t\t\t<\/div>\n\t\t\t\t<\/div>\n\t\t<div class=\"elementor-element elementor-element-e251a4d e-con-full tfr-width-auto e-flex e-con e-parent\" data-id=\"e251a4d\" data-element_type=\"container\">\n\t\t\t\t<div class=\"elementor-element elementor-element-7ffd266 elementor-align-center elementor-widget elementor-widget-button\" data-id=\"7ffd266\" data-element_type=\"widget\" data-widget_type=\"button.default\">\n\t\t\t\t<div class=\"elementor-widget-container\">\n\t\t\t\t\t\t\t\t\t<div class=\"elementor-button-wrapper\">\n\t\t\t\t\t<a class=\"elementor-button elementor-button-link elementor-size-sm\" href=\"https:\/\/teachforromania.org\/en\/action-for-education\/\">\n\t\t\t\t\t\t<span class=\"elementor-button-content-wrapper\">\n\t\t\t\t\t\t\t\t\t<span class=\"elementor-button-text\">Action for education<\/span>\n\t\t\t\t\t<\/span>\n\t\t\t\t\t<\/a>\n\t\t\t\t<\/div>\n\t\t\t\t\t\t\t\t<\/div>\n\t\t\t\t<\/div>\n\t\t\t\t<\/div>\n\t\t\t\t<\/div>\n\t\t\t\t\t<\/div>\n\t\t\t\t<\/div>\n\t\t<div class=\"elementor-element elementor-element-a302287 e-flex e-con-boxed e-con e-parent\" data-id=\"a302287\" data-element_type=\"container\" data-settings=\"{&quot;background_background&quot;:&quot;classic&quot;}\">\n\t\t\t\t\t<div class=\"e-con-inner\">\n\t\t\t\t<div class=\"elementor-element elementor-element-ae6c0ce tfr-multiple-posts elementor-posts--align-left elementor-grid-mobile_extra-1 elementor-grid-3 elementor-grid-tablet-2 elementor-grid-mobile-1 elementor-posts--thumbnail-top load-more-align-center elementor-widget elementor-widget-posts\" data-id=\"ae6c0ce\" data-element_type=\"widget\" data-settings=\"{&quot;classic_row_gap&quot;:{&quot;unit&quot;:&quot;px&quot;,&quot;size&quot;:30,&quot;sizes&quot;:[]},&quot;pagination_type&quot;:&quot;load_more_on_click&quot;,&quot;classic_masonry&quot;:&quot;yes&quot;,&quot;classic_columns_mobile_extra&quot;:&quot;1&quot;,&quot;classic_columns&quot;:&quot;3&quot;,&quot;classic_columns_tablet&quot;:&quot;2&quot;,&quot;classic_columns_mobile&quot;:&quot;1&quot;,&quot;classic_row_gap_laptop&quot;:{&quot;unit&quot;:&quot;px&quot;,&quot;size&quot;:&quot;&quot;,&quot;sizes&quot;:[]},&quot;classic_row_gap_tablet_extra&quot;:{&quot;unit&quot;:&quot;px&quot;,&quot;size&quot;:&quot;&quot;,&quot;sizes&quot;:[]},&quot;classic_row_gap_tablet&quot;:{&quot;unit&quot;:&quot;px&quot;,&quot;size&quot;:&quot;&quot;,&quot;sizes&quot;:[]},&quot;classic_row_gap_mobile_extra&quot;:{&quot;unit&quot;:&quot;px&quot;,&quot;size&quot;:&quot;&quot;,&quot;sizes&quot;:[]},&quot;classic_row_gap_mobile&quot;:{&quot;unit&quot;:&quot;px&quot;,&quot;size&quot;:&quot;&quot;,&quot;sizes&quot;:[]},&quot;load_more_spinner&quot;:{&quot;value&quot;:&quot;fas fa-spinner&quot;,&quot;library&quot;:&quot;fa-solid&quot;}}\" data-widget_type=\"posts.classic\">\n\t\t\t\t<div class=\"elementor-widget-container\">\n\t\t\t\t\t\t\t<div class=\"elementor-posts-container elementor-posts elementor-posts--skin-classic elementor-grid\" role=\"list\">\n\t\t\t\t<article class=\"elementor-post elementor-grid-item post-23763 post type-post status-publish format-standard has-post-thumbnail hentry category-alumni-teach-for-romania-2 category-despre-educatie category-povesti-teach-for-romania category-profesori-si-alumni category-teach-for-romania tag-anca-barbu tag-leadership-hub tag-potentialul-elevilor tag-teach-for-romania tag-veronica-sandor\" role=\"listitem\">\n\t\t\t\t<a class=\"elementor-post__thumbnail__link\" href=\"https:\/\/teachforromania.org\/en\/proiect-reghin-leadership-hub\/\" tabindex=\"-1\" >\n\t\t\t<div class=\"elementor-post__thumbnail\"><img fetchpriority=\"high\" decoding=\"async\" width=\"2048\" height=\"1152\" src=\"https:\/\/teachforromania.org\/wp-content\/uploads\/2026\/03\/3b9df494-4f65-4647-aee9-cb13e07ec792.jpg\" class=\"attachment-full size-full wp-image-23772\" alt=\"\" srcset=\"https:\/\/teachforromania.org\/wp-content\/uploads\/2026\/03\/3b9df494-4f65-4647-aee9-cb13e07ec792.jpg 2048w, https:\/\/teachforromania.org\/wp-content\/uploads\/2026\/03\/3b9df494-4f65-4647-aee9-cb13e07ec792-300x169.jpg 300w, https:\/\/teachforromania.org\/wp-content\/uploads\/2026\/03\/3b9df494-4f65-4647-aee9-cb13e07ec792-1024x576.jpg 1024w, https:\/\/teachforromania.org\/wp-content\/uploads\/2026\/03\/3b9df494-4f65-4647-aee9-cb13e07ec792-768x432.jpg 768w, https:\/\/teachforromania.org\/wp-content\/uploads\/2026\/03\/3b9df494-4f65-4647-aee9-cb13e07ec792-1536x864.jpg 1536w\" sizes=\"(max-width: 2048px) 100vw, 2048px\" \/><\/div>\n\t\t<\/a>\n\t\t\t\t<div class=\"elementor-post__text\">\n\t\t\t\t<h3 class=\"elementor-post__title\">\n\t\t\t<a href=\"https:\/\/teachforromania.org\/en\/proiect-reghin-leadership-hub\/\" >\n\t\t\t\tDe la un proiect Teach for Romania la o ini\u021biativ\u0103 european\u0103: cum elevii din Reghin construiesc \u201eLeadership HUB\u201d\t\t\t<\/a>\n\t\t<\/h3>\n\t\t\t\t<div class=\"elementor-post__excerpt\">\n\t\t\t<p>O idee pornit\u0103 din dorin\u021ba de a dezvolta competen\u021bele de leadership ale elevilor s-a transformat, \u00een doar c\u00e2\u021biva ani, \u00eentr-o ini\u021biativ\u0103 educa\u021bional\u0103 care conecteaz\u0103 \u0219coli din mai multe \u021b\u0103ri europene. Povestea proiectului \u201eLeadership HUB\u201d \u00eencepe cu un proiect finan\u021bat de Teach for Romania \u0219i continu\u0103 ast\u0103zi prin colabor\u0103ri interna\u021bionale \u00een<\/p>\n\t\t<\/div>\n\t\t\n\t\t<a class=\"elementor-post__read-more\" href=\"https:\/\/teachforromania.org\/en\/proiect-reghin-leadership-hub\/\" aria-label=\"Read more about De la un proiect Teach for Romania la o ini\u021biativ\u0103 european\u0103: cum elevii din Reghin construiesc \u201eLeadership HUB\u201d\" tabindex=\"-1\" >\n\t\t\tREAD MORE\t\t<\/a>\n\n\t\t\t\t<\/div>\n\t\t\t\t<\/article>\n\t\t\t\t<article class=\"elementor-post elementor-grid-item post-22122 post type-post status-publish format-standard has-post-thumbnail hentry category-despre-educatie category-impact-in-scoala category-potentialul-elevilor category-profesori-si-alumni category-scoala-altfel tag-climate-education tag-educatie-pentru-mediu tag-inscrieri-podcast tag-podcast-teach-for-romania tag-podcast-vocea-verde tag-teach-for-romania tag-vocea-verde\" role=\"listitem\">\n\t\t\t\t<a class=\"elementor-post__thumbnail__link\" href=\"https:\/\/teachforromania.org\/en\/inscrie-ti-elevii-pentru-al-doilea-sezon-din-podcastul-vocea-verde\/\" tabindex=\"-1\" >\n\t\t\t<div class=\"elementor-post__thumbnail\"><img decoding=\"async\" width=\"2240\" height=\"1260\" src=\"https:\/\/teachforromania.org\/wp-content\/uploads\/2025\/11\/Anunt-inscrieri-Sezonul-2-VV.png\" class=\"attachment-full size-full wp-image-22123\" alt=\"\" srcset=\"https:\/\/teachforromania.org\/wp-content\/uploads\/2025\/11\/Anunt-inscrieri-Sezonul-2-VV.png 2240w, https:\/\/teachforromania.org\/wp-content\/uploads\/2025\/11\/Anunt-inscrieri-Sezonul-2-VV-300x169.png 300w, https:\/\/teachforromania.org\/wp-content\/uploads\/2025\/11\/Anunt-inscrieri-Sezonul-2-VV-1024x576.png 1024w, https:\/\/teachforromania.org\/wp-content\/uploads\/2025\/11\/Anunt-inscrieri-Sezonul-2-VV-768x432.png 768w, https:\/\/teachforromania.org\/wp-content\/uploads\/2025\/11\/Anunt-inscrieri-Sezonul-2-VV-1536x864.png 1536w, https:\/\/teachforromania.org\/wp-content\/uploads\/2025\/11\/Anunt-inscrieri-Sezonul-2-VV-2048x1152.png 2048w\" sizes=\"(max-width: 2240px) 100vw, 2240px\" \/><\/div>\n\t\t<\/a>\n\t\t\t\t<div class=\"elementor-post__text\">\n\t\t\t\t<h3 class=\"elementor-post__title\">\n\t\t\t<a href=\"https:\/\/teachforromania.org\/en\/inscrie-ti-elevii-pentru-al-doilea-sezon-din-podcastul-vocea-verde\/\" >\n\t\t\t\t\u00censcrie-\u021bi elevii pentru al doilea sezon din Podcastul \u201eVocea Verde\u201d\t\t\t<\/a>\n\t\t<\/h3>\n\t\t\t\t<div class=\"elementor-post__excerpt\">\n\t\t\t<p>Ai elevi curio\u0219i, extrover\u021bi, c\u0103rora le place s\u0103 fie \u00een centrul aten\u021biei \u0219i sunt confortabili \u00een conversa\u021bii cu ceilal\u021bi?\u00a0 Sau poate sunt pasiona\u021bi de subiecte ecologice \u0219i \u00ee\u0219i doresc s\u0103 se dezvolte \u00een zona de public speaking?\u00a0 Primul sezon al podcastului Vocea Verde ne-a ar\u0103tat c\u0103 elevii Teach for Romania<\/p>\n\t\t<\/div>\n\t\t\n\t\t<a class=\"elementor-post__read-more\" href=\"https:\/\/teachforromania.org\/en\/inscrie-ti-elevii-pentru-al-doilea-sezon-din-podcastul-vocea-verde\/\" aria-label=\"Read more about \u00censcrie-\u021bi elevii pentru al doilea sezon din Podcastul \u201eVocea Verde\u201d\" tabindex=\"-1\" >\n\t\t\tREAD MORE\t\t<\/a>\n\n\t\t\t\t<\/div>\n\t\t\t\t<\/article>\n\t\t\t\t<article class=\"elementor-post elementor-grid-item post-20968 post type-post status-publish format-standard has-post-thumbnail hentry category-comunitati-in-schimbare category-despre-educatie category-implicare-in-educatie category-povesti-teach-for-romania category-profesori-si-alumni category-scoala-altfel tag-caravana-literatiei tag-comunicat-de-presa tag-comunicat-presa tag-daniela-tutos tag-scoala-de-vara tag-scoala-de-vara-de-literatie tag-tinca\" role=\"listitem\">\n\t\t\t\t<a class=\"elementor-post__thumbnail__link\" href=\"https:\/\/teachforromania.org\/en\/copiii-din-tinca-descopera-lumea-povestilor-printr-un-program-de-literatie-dedicat-lor\/\" tabindex=\"-1\" >\n\t\t\t<div class=\"elementor-post__thumbnail\"><img loading=\"lazy\" decoding=\"async\" width=\"1600\" height=\"1180\" src=\"https:\/\/teachforromania.org\/wp-content\/uploads\/2025\/09\/5c03ce47-ec78-48fe-8caf-8a8d6f028290.jpg\" class=\"attachment-full size-full wp-image-21024\" alt=\"\" srcset=\"https:\/\/teachforromania.org\/wp-content\/uploads\/2025\/09\/5c03ce47-ec78-48fe-8caf-8a8d6f028290.jpg 1600w, https:\/\/teachforromania.org\/wp-content\/uploads\/2025\/09\/5c03ce47-ec78-48fe-8caf-8a8d6f028290-300x221.jpg 300w, https:\/\/teachforromania.org\/wp-content\/uploads\/2025\/09\/5c03ce47-ec78-48fe-8caf-8a8d6f028290-1024x755.jpg 1024w, https:\/\/teachforromania.org\/wp-content\/uploads\/2025\/09\/5c03ce47-ec78-48fe-8caf-8a8d6f028290-768x566.jpg 768w, https:\/\/teachforromania.org\/wp-content\/uploads\/2025\/09\/5c03ce47-ec78-48fe-8caf-8a8d6f028290-1536x1133.jpg 1536w\" sizes=\"(max-width: 1600px) 100vw, 1600px\" \/><\/div>\n\t\t<\/a>\n\t\t\t\t<div class=\"elementor-post__text\">\n\t\t\t\t<h3 class=\"elementor-post__title\">\n\t\t\t<a href=\"https:\/\/teachforromania.org\/en\/copiii-din-tinca-descopera-lumea-povestilor-printr-un-program-de-literatie-dedicat-lor\/\" >\n\t\t\t\tCopiii din Tinca descoper\u0103 lumea pove\u0219tilor printr-un program de litera\u021bie dedicat lor\t\t\t<\/a>\n\t\t<\/h3>\n\t\t\t\t<div class=\"elementor-post__excerpt\">\n\t\t\t<p>Prima s\u0103pt\u0103m\u00e2n\u0103 din septembrie a adus \u00een comunitatea din Tinca, jude\u021bul Bihor, \u00eenceputul unei pove\u0219ti noi: copiii din comunitatea de romi au p\u0103\u0219it \u00eentr-o lume a cuvintelor \u0219i a imagina\u021biei prin intermediul unei \u0219coli de var\u0103 de litera\u021bie, organizat\u0103 \u00een parteneriat cu Teach for Romania. Pe parcursul acestor zile, \u0219coala<\/p>\n\t\t<\/div>\n\t\t\n\t\t<a class=\"elementor-post__read-more\" href=\"https:\/\/teachforromania.org\/en\/copiii-din-tinca-descopera-lumea-povestilor-printr-un-program-de-literatie-dedicat-lor\/\" aria-label=\"Read more about Copiii din Tinca descoper\u0103 lumea pove\u0219tilor printr-un program de litera\u021bie dedicat lor\" tabindex=\"-1\" >\n\t\t\tREAD MORE\t\t<\/a>\n\n\t\t\t\t<\/div>\n\t\t\t\t<\/article>\n\t\t\t\t<article class=\"elementor-post elementor-grid-item post-20886 post type-post status-publish format-standard has-post-thumbnail hentry category-despre-educatie category-profesori-si-alumni category-resurse category-scoala-altfel tag-activitati-literatie tag-activitati-numeratie tag-emilia-borlea tag-jocuri-literatie tag-jocuri-numeratie tag-literatie tag-numeratie tag-remedial-literatie tag-remedial-numeratie tag-teach-for-romania\" role=\"listitem\">\n\t\t\t\t<a class=\"elementor-post__thumbnail__link\" href=\"https:\/\/teachforromania.org\/en\/interviu-emilia-borlea-cred-in-educatie-ca-forta-de-schimbare\/\" tabindex=\"-1\" >\n\t\t\t<div class=\"elementor-post__thumbnail\"><img loading=\"lazy\" decoding=\"async\" width=\"2240\" height=\"1260\" src=\"https:\/\/teachforromania.org\/wp-content\/uploads\/2025\/07\/Blog-Banner-portrete-copii-laborator-literatie.png\" class=\"attachment-full size-full wp-image-20887\" alt=\"\" srcset=\"https:\/\/teachforromania.org\/wp-content\/uploads\/2025\/07\/Blog-Banner-portrete-copii-laborator-literatie.png 2240w, https:\/\/teachforromania.org\/wp-content\/uploads\/2025\/07\/Blog-Banner-portrete-copii-laborator-literatie-300x169.png 300w, https:\/\/teachforromania.org\/wp-content\/uploads\/2025\/07\/Blog-Banner-portrete-copii-laborator-literatie-1024x576.png 1024w, https:\/\/teachforromania.org\/wp-content\/uploads\/2025\/07\/Blog-Banner-portrete-copii-laborator-literatie-768x432.png 768w, https:\/\/teachforromania.org\/wp-content\/uploads\/2025\/07\/Blog-Banner-portrete-copii-laborator-literatie-1536x864.png 1536w, https:\/\/teachforromania.org\/wp-content\/uploads\/2025\/07\/Blog-Banner-portrete-copii-laborator-literatie-2048x1152.png 2048w\" sizes=\"(max-width: 2240px) 100vw, 2240px\" \/><\/div>\n\t\t<\/a>\n\t\t\t\t<div class=\"elementor-post__text\">\n\t\t\t\t<h3 class=\"elementor-post__title\">\n\t\t\t<a href=\"https:\/\/teachforromania.org\/en\/interviu-emilia-borlea-cred-in-educatie-ca-forta-de-schimbare\/\" >\n\t\t\t\tInterviu Emilia Borlea: \u201eCred \u00een educa\u021bie ca for\u021b\u0103 de schimbare\u201d\t\t\t<\/a>\n\t\t<\/h3>\n\t\t\t\t<div class=\"elementor-post__excerpt\">\n\t\t\t<p>Cu peste 25 de ani de experien\u021b\u0103 la catedr\u0103 \u0219i implicare activ\u0103 \u00een via\u021ba comunit\u0103\u021bii, Emilia Borlea, \u00eenv\u0103\u021b\u0103toare la clasa preg\u0103titoare \u00een jude\u021bul Maramure\u0219, a ales s\u0103 fac\u0103 parte din Genera\u021bia a 11-a Teach for Romania. Credin\u021ba \u00een educa\u021bia echitabil\u0103 \u0219i dorin\u021ba de a crea oportunit\u0103\u021bi reale pentru to\u021bi copiii<\/p>\n\t\t<\/div>\n\t\t\n\t\t<a class=\"elementor-post__read-more\" href=\"https:\/\/teachforromania.org\/en\/interviu-emilia-borlea-cred-in-educatie-ca-forta-de-schimbare\/\" aria-label=\"Read more about Interviu Emilia Borlea: \u201eCred \u00een educa\u021bie ca for\u021b\u0103 de schimbare\u201d\" tabindex=\"-1\" >\n\t\t\tREAD MORE\t\t<\/a>\n\n\t\t\t\t<\/div>\n\t\t\t\t<\/article>\n\t\t\t\t<article class=\"elementor-post elementor-grid-item post-20884 post type-post status-publish format-standard has-post-thumbnail hentry category-despre-educatie category-impact-in-scoala category-potentialul-elevilor category-povesti-teach-for-romania category-povesti-transformationale category-profesori-si-alumni category-scoala-altfel tag-laborator-literatie tag-literatie-remediala tag-teach-for-romania\" role=\"listitem\">\n\t\t\t\t<a class=\"elementor-post__thumbnail__link\" href=\"https:\/\/teachforromania.org\/en\/stiam-sa-citesc-dar-foarte-greu\/\" tabindex=\"-1\" >\n\t\t\t<div class=\"elementor-post__thumbnail\"><img loading=\"lazy\" decoding=\"async\" width=\"2240\" height=\"1260\" src=\"https:\/\/teachforromania.org\/wp-content\/uploads\/2025\/07\/Vizual-Ianis-1.jpg\" class=\"attachment-full size-full wp-image-20877\" alt=\"\" srcset=\"https:\/\/teachforromania.org\/wp-content\/uploads\/2025\/07\/Vizual-Ianis-1.jpg 2240w, https:\/\/teachforromania.org\/wp-content\/uploads\/2025\/07\/Vizual-Ianis-1-300x169.jpg 300w, https:\/\/teachforromania.org\/wp-content\/uploads\/2025\/07\/Vizual-Ianis-1-1024x576.jpg 1024w, https:\/\/teachforromania.org\/wp-content\/uploads\/2025\/07\/Vizual-Ianis-1-768x432.jpg 768w, https:\/\/teachforromania.org\/wp-content\/uploads\/2025\/07\/Vizual-Ianis-1-1536x864.jpg 1536w, https:\/\/teachforromania.org\/wp-content\/uploads\/2025\/07\/Vizual-Ianis-1-2048x1152.jpg 2048w\" sizes=\"(max-width: 2240px) 100vw, 2240px\" \/><\/div>\n\t\t<\/a>\n\t\t\t\t<div class=\"elementor-post__text\">\n\t\t\t\t<h3 class=\"elementor-post__title\">\n\t\t\t<a href=\"https:\/\/teachforromania.org\/en\/stiam-sa-citesc-dar-foarte-greu\/\" >\n\t\t\t\t\u201e\u0218tiam s\u0103 citesc, dar foarte greu.\u201d\t\t\t<\/a>\n\t\t<\/h3>\n\t\t\t\t<div class=\"elementor-post__excerpt\">\n\t\t\t<p>Ianis are 11 ani, e \u00een clasa a V-a \u0219i e pasionat de fotbal. Joac\u0103 cu fra\u021bii, veri\u0219orii \u0219i vecinii lui, pe o strad\u0103 din cartierul Giule\u0219ti. Viseaz\u0103 s\u0103 se \u00eenscrie \u00eentr-o zi la un club de fotbal. Idolul lui e portughezul Cristiano Ronaldo. \u201eChiar dac\u0103 are 40 de ani,<\/p>\n\t\t<\/div>\n\t\t\n\t\t<a class=\"elementor-post__read-more\" href=\"https:\/\/teachforromania.org\/en\/stiam-sa-citesc-dar-foarte-greu\/\" aria-label=\"Read more about \u201e\u0218tiam s\u0103 citesc, dar foarte greu.\u201d\" tabindex=\"-1\" >\n\t\t\tREAD MORE\t\t<\/a>\n\n\t\t\t\t<\/div>\n\t\t\t\t<\/article>\n\t\t\t\t<article class=\"elementor-post elementor-grid-item post-20882 post type-post status-publish format-standard has-post-thumbnail hentry category-despre-educatie category-impact-in-scoala category-potentialul-elevilor category-povesti-teach-for-romania category-povesti-transformationale category-profesori-si-alumni category-scoala-altfel tag-laborator-literatie tag-literatie-remediala tag-teach-for-romania\" role=\"listitem\">\n\t\t\t\t<a class=\"elementor-post__thumbnail__link\" href=\"https:\/\/teachforromania.org\/en\/povestea-rebecai-fetita-pentru-care-povestile-conteaza\/\" tabindex=\"-1\" >\n\t\t\t<div class=\"elementor-post__thumbnail\"><img loading=\"lazy\" decoding=\"async\" width=\"2240\" height=\"1260\" src=\"https:\/\/teachforromania.org\/wp-content\/uploads\/2025\/07\/Vizual-rebeca-1.jpg\" class=\"attachment-full size-full wp-image-20873\" alt=\"\" srcset=\"https:\/\/teachforromania.org\/wp-content\/uploads\/2025\/07\/Vizual-rebeca-1.jpg 2240w, https:\/\/teachforromania.org\/wp-content\/uploads\/2025\/07\/Vizual-rebeca-1-300x169.jpg 300w, https:\/\/teachforromania.org\/wp-content\/uploads\/2025\/07\/Vizual-rebeca-1-1024x576.jpg 1024w, https:\/\/teachforromania.org\/wp-content\/uploads\/2025\/07\/Vizual-rebeca-1-768x432.jpg 768w, https:\/\/teachforromania.org\/wp-content\/uploads\/2025\/07\/Vizual-rebeca-1-1536x864.jpg 1536w, https:\/\/teachforromania.org\/wp-content\/uploads\/2025\/07\/Vizual-rebeca-1-2048x1152.jpg 2048w\" sizes=\"(max-width: 2240px) 100vw, 2240px\" \/><\/div>\n\t\t<\/a>\n\t\t\t\t<div class=\"elementor-post__text\">\n\t\t\t\t<h3 class=\"elementor-post__title\">\n\t\t\t<a href=\"https:\/\/teachforromania.org\/en\/povestea-rebecai-fetita-pentru-care-povestile-conteaza\/\" >\n\t\t\t\tPovestea Rebec\u0103i, feti\u021ba pentru care pove\u0219tile conteaz\u0103\t\t\t<\/a>\n\t\t<\/h3>\n\t\t\t\t<div class=\"elementor-post__excerpt\">\n\t\t\t<p>\u201eEu am urcat pe lun\u0103. Pe lun\u0103 am m\u00e2ncat o c\u0103p\u0219un\u0103. C\u0103p\u0219una de pe lun\u0103 era tare ca o alun\u0103\u201d. Textul-poezie \u00eei apar\u021bine Rebec\u0103i, elev\u0103 \u00een clasa a V-a. L-a scris al\u0103turi de domnul Andrei, \u00een cadrul laboratorului de litera\u021bie remedial\u0103, \u0219i acum se afl\u0103 \u00eenr\u0103mat pe un perete din<\/p>\n\t\t<\/div>\n\t\t\n\t\t<a class=\"elementor-post__read-more\" href=\"https:\/\/teachforromania.org\/en\/povestea-rebecai-fetita-pentru-care-povestile-conteaza\/\" aria-label=\"Read more about Povestea Rebec\u0103i, feti\u021ba pentru care pove\u0219tile conteaz\u0103\" tabindex=\"-1\" >\n\t\t\tREAD MORE\t\t<\/a>\n\n\t\t\t\t<\/div>\n\t\t\t\t<\/article>\n\t\t\t\t<\/div>\n\t\t\t\t\t<span class=\"e-load-more-spinner\">\n\t\t\t\t<i aria-hidden=\"true\" class=\"fas fa-spinner\"><\/i>\t\t\t<\/span>\n\t\t\n\t\t\t\t<div class=\"e-load-more-anchor\" data-page=\"1\" data-max-page=\"24\" data-next-page=\"https:\/\/teachforromania.org\/en\/wp-json\/wp\/v2\/pages\/12094\/page\/2\/\"><\/div>\n\t\t\t\t<div class=\"elementor-button-wrapper\">\n\t\t\t<a class=\"elementor-button elementor-size-sm\" role=\"button\">\n\t\t\t\t\t\t<span class=\"elementor-button-content-wrapper\">\n\t\t\t\t\t\t\t\t\t<span class=\"elementor-button-text\">VIEW MORE ARTICLES<\/span>\n\t\t\t\t\t<\/span>\n\t\t\t\t\t<\/a>\n\t\t<\/div>\n\t\t\t\t<div class=\"e-load-more-message\"><\/div>\n\t\t\t\t\t\t<\/div>\n\t\t\t\t<\/div>\n\t\t\t\t\t<\/div>\n\t\t\t\t<\/div>\n\t\t\t\t<\/div>\n\t\t","protected":false},"excerpt":{"rendered":"<p>NEWS &#038; STORIES Fellows and alumni Inspirational students Community impact Action for education<\/p>\n","protected":false},"author":1,"featured_media":0,"parent":0,"menu_order":0,"comment_status":"closed","ping_status":"closed","template":"","meta":{"_acf_changed":false,"footnotes":""},"class_list":["post-12094","page","type-page","status-publish","hentry"],"acf":[],"_links":{"self":[{"href":"https:\/\/teachforromania.org\/en\/wp-json\/wp\/v2\/pages\/12094","targetHints":{"allow":["GET"]}}],"collection":[{"href":"https:\/\/teachforromania.org\/en\/wp-json\/wp\/v2\/pages"}],"about":[{"href":"https:\/\/teachforromania.org\/en\/wp-json\/wp\/v2\/types\/page"}],"author":[{"embeddable":true,"href":"https:\/\/teachforromania.org\/en\/wp-json\/wp\/v2\/users\/1"}],"replies":[{"embeddable":true,"href":"https:\/\/teachforromania.org\/en\/wp-json\/wp\/v2\/comments?post=12094"}],"version-history":[{"count":4,"href":"https:\/\/teachforromania.org\/en\/wp-json\/wp\/v2\/pages\/12094\/revisions"}],"predecessor-version":[{"id":12113,"href":"https:\/\/teachforromania.org\/en\/wp-json\/wp\/v2\/pages\/12094\/revisions\/12113"}],"wp:attachment":[{"href":"https:\/\/teachforromania.org\/en\/wp-json\/wp\/v2\/media?parent=12094"}],"curies":[{"name":"wp","href":"https:\/\/api.w.org\/{rel}","templated":true}]}}