{"id":11681,"date":"2022-10-03T12:01:35","date_gmt":"2022-10-03T12:01:35","guid":{"rendered":"https:\/\/teachforromania.org\/?page_id=11681"},"modified":"2022-10-04T10:39:27","modified_gmt":"2022-10-04T10:39:27","slug":"donate-by-sms","status":"publish","type":"page","link":"https:\/\/teachforromania.org\/en\/donate-by-sms\/","title":{"rendered":"Donate by SMS"},"content":{"rendered":"\t\t<div data-elementor-type=\"wp-page\" data-elementor-id=\"11681\" class=\"elementor elementor-11681 elementor-5740\" data-elementor-post-type=\"page\">\n\t\t\t\t<div class=\"elementor-element elementor-element-2a59587 e-flex e-con-boxed e-con e-parent\" data-id=\"2a59587\" data-element_type=\"container\">\n\t\t\t\t\t<div class=\"e-con-inner\">\n\t\t\t\t<div class=\"elementor-element elementor-element-4232ca9 elementor-widget elementor-widget-theme-site-logo elementor-widget-image\" data-id=\"4232ca9\" data-element_type=\"widget\" data-widget_type=\"theme-site-logo.default\">\n\t\t\t\t<div class=\"elementor-widget-container\">\n\t\t\t\t\t\t\t\t\t\t\t<a href=\"https:\/\/teachforromania.org\/en\/\">\n\t\t\t<img decoding=\"async\" width=\"140\" height=\"66\" src=\"https:\/\/teachforromania.org\/wp-content\/uploads\/2022\/05\/Group-289.svg\" class=\"attachment-full size-full wp-image-1300\" alt=\"\" \/>\t\t\t\t<\/a>\n\t\t\t\t\t\t\t\t\t\t\t<\/div>\n\t\t\t\t<\/div>\n\t\t\t\t\t<\/div>\n\t\t\t\t<\/div>\n\t\t<div class=\"elementor-element elementor-element-2722768 e-con-full e-flex e-con e-parent\" data-id=\"2722768\" data-element_type=\"container\">\n\t\t\t\t<div class=\"elementor-element elementor-element-2bb8361 elementor-widget elementor-widget-image\" data-id=\"2bb8361\" data-element_type=\"widget\" data-widget_type=\"image.default\">\n\t\t\t\t<div class=\"elementor-widget-container\">\n\t\t\t\t\t\t\t\t\t\t\t\t\t\t\t<img fetchpriority=\"high\" decoding=\"async\" width=\"1920\" height=\"460\" src=\"https:\/\/teachforromania.org\/wp-content\/uploads\/2022\/08\/BANNER-SITE_SMS1_Albastru.jpg\" class=\"attachment-full size-full wp-image-11837\" alt=\"\" srcset=\"https:\/\/teachforromania.org\/wp-content\/uploads\/2022\/08\/BANNER-SITE_SMS1_Albastru.jpg 1920w, https:\/\/teachforromania.org\/wp-content\/uploads\/2022\/08\/BANNER-SITE_SMS1_Albastru-300x72.jpg 300w, https:\/\/teachforromania.org\/wp-content\/uploads\/2022\/08\/BANNER-SITE_SMS1_Albastru-1024x245.jpg 1024w, https:\/\/teachforromania.org\/wp-content\/uploads\/2022\/08\/BANNER-SITE_SMS1_Albastru-768x184.jpg 768w, https:\/\/teachforromania.org\/wp-content\/uploads\/2022\/08\/BANNER-SITE_SMS1_Albastru-1536x368.jpg 1536w\" sizes=\"(max-width: 1920px) 100vw, 1920px\" \/>\t\t\t\t\t\t\t\t\t\t\t\t\t\t\t<\/div>\n\t\t\t\t<\/div>\n\t\t\t\t<\/div>\n\t\t<div class=\"elementor-element elementor-element-b6c98dd e-flex e-con-boxed e-con e-parent\" data-id=\"b6c98dd\" data-element_type=\"container\">\n\t\t\t\t\t<div class=\"e-con-inner\">\n\t\t\t\t<div class=\"elementor-element elementor-element-320ebaf elementor-widget elementor-widget-heading\" data-id=\"320ebaf\" data-element_type=\"widget\" data-widget_type=\"heading.default\">\n\t\t\t\t<div class=\"elementor-widget-container\">\n\t\t\t\t\t<h2 class=\"elementor-heading-title elementor-size-default\">Why?<\/h2>\t\t\t\t<\/div>\n\t\t\t\t<\/div>\n\t\t\t\t<div class=\"elementor-element elementor-element-a7fd393 elementor-widget elementor-widget-text-editor\" data-id=\"a7fd393\" data-element_type=\"widget\" data-widget_type=\"text-editor.default\">\n\t\t\t\t<div class=\"elementor-widget-container\">\n\t\t\t\t\t\t\t\t\t<p style=\"text-align: center;\">Studies show that a passionate teacher is the best predictor of students&#8217; success as future adults. We strongly believe that passionate teachers change lives. They change paths. They build a better future for all of us.<\/p>\t\t\t\t\t\t\t\t<\/div>\n\t\t\t\t<\/div>\n\t\t\t\t<div class=\"elementor-element elementor-element-a8136d6 elementor-widget elementor-widget-text-editor\" data-id=\"a8136d6\" data-element_type=\"widget\" data-widget_type=\"text-editor.default\">\n\t\t\t\t<div class=\"elementor-widget-container\">\n\t\t\t\t\t\t\t\t\t<p style=\"text-align: center;\">Unfortunately, not all children in Romania have the chance to meet such a teacher. There are thousands of empty school placements. The vast majority of them are in challenging communities. Who takes care of the children there? What happens to their dreams? We wonder how much potential we all and the entire country are not fulfilling because of inequality in education &#8211; a phenomenon that affects us and the world.<\/p>\t\t\t\t\t\t\t\t<\/div>\n\t\t\t\t<\/div>\n\t\t\t\t\t<\/div>\n\t\t\t\t<\/div>\n\t\t<div class=\"elementor-element elementor-element-90137a9 e-flex e-con-boxed e-con e-parent\" data-id=\"90137a9\" data-element_type=\"container\" data-settings=\"{&quot;background_background&quot;:&quot;classic&quot;}\">\n\t\t\t\t\t<div class=\"e-con-inner\">\n\t\t\t\t<div class=\"elementor-element elementor-element-8aeef96 elementor-widget elementor-widget-heading\" data-id=\"8aeef96\" data-element_type=\"widget\" data-widget_type=\"heading.default\">\n\t\t\t\t<div class=\"elementor-widget-container\">\n\t\t\t\t\t<h2 class=\"elementor-heading-title elementor-size-default\">In Romania...<\/h2>\t\t\t\t<\/div>\n\t\t\t\t<\/div>\n\t\t<div class=\"elementor-element elementor-element-fd1c405 e-con-full e-flex e-con e-parent\" data-id=\"fd1c405\" data-element_type=\"container\">\n\t\t<div class=\"elementor-element elementor-element-ab78666 e-con-full e-flex e-con e-parent\" data-id=\"ab78666\" data-element_type=\"container\">\n\t\t\t\t<div class=\"elementor-element elementor-element-c556b2e elementor-widget elementor-widget-heading\" data-id=\"c556b2e\" data-element_type=\"widget\" data-widget_type=\"heading.default\">\n\t\t\t\t<div class=\"elementor-widget-container\">\n\t\t\t\t\t<h2 class=\"elementor-heading-title elementor-size-default\">More than <br \/>\n200.000  <br \/>\nchildren<\/h2>\t\t\t\t<\/div>\n\t\t\t\t<\/div>\n\t\t\t\t<div class=\"elementor-element elementor-element-02617d4 elementor-widget elementor-widget-text-editor\" data-id=\"02617d4\" data-element_type=\"widget\" data-widget_type=\"text-editor.default\">\n\t\t\t\t<div class=\"elementor-widget-container\">\n\t\t\t\t\t\t\t\t\t<div class=\"elementor-element elementor-element-a1c49df elementor-widget elementor-widget-text-editor\" data-id=\"a1c49df\" data-element_type=\"widget\" data-widget_type=\"text-editor.default\"><div class=\"elementor-widget-container\"><p style=\"text-align: center;\">are victims of bullying in schools, that is, they experience social exclusion, humiliation, threats, physical and\/or verbal violence.<\/p><\/div><\/div>\t\t\t\t\t\t\t\t<\/div>\n\t\t\t\t<\/div>\n\t\t\t\t<\/div>\n\t\t<div class=\"elementor-element elementor-element-21e63a0 e-con-full e-flex e-con e-parent\" data-id=\"21e63a0\" data-element_type=\"container\">\n\t\t\t\t<div class=\"elementor-element elementor-element-886befd elementor-widget elementor-widget-heading\" data-id=\"886befd\" data-element_type=\"widget\" data-widget_type=\"heading.default\">\n\t\t\t\t<div class=\"elementor-widget-container\">\n\t\t\t\t\t<h2 class=\"elementor-heading-title elementor-size-default\">1 <br \/>\nout of 5 students<\/h2>\t\t\t\t<\/div>\n\t\t\t\t<\/div>\n\t\t\t\t<div class=\"elementor-element elementor-element-23fd6d9 elementor-widget elementor-widget-text-editor\" data-id=\"23fd6d9\" data-element_type=\"widget\" data-widget_type=\"text-editor.default\">\n\t\t\t\t<div class=\"elementor-widget-container\">\n\t\t\t\t\t\t\t\t\t<div class=\"elementor-element elementor-element-56c948d elementor-widget elementor-widget-text-editor\" data-id=\"56c948d\" data-element_type=\"widget\" data-widget_type=\"text-editor.default\"><div class=\"elementor-widget-container\"><p style=\"text-align: center;\">in rural areas drop<\/p><p style=\"text-align: center;\">out of school.<\/p><\/div><\/div>\t\t\t\t\t\t\t\t<\/div>\n\t\t\t\t<\/div>\n\t\t\t\t<\/div>\n\t\t<div class=\"elementor-element elementor-element-a72dfb7 e-con-full e-flex e-con e-parent\" data-id=\"a72dfb7\" data-element_type=\"container\">\n\t\t\t\t<div class=\"elementor-element elementor-element-e8ec839 elementor-widget elementor-widget-heading\" data-id=\"e8ec839\" data-element_type=\"widget\" data-widget_type=\"heading.default\">\n\t\t\t\t<div class=\"elementor-widget-container\">\n\t\t\t\t\t<h2 class=\"elementor-heading-title elementor-size-default\">Half of Romania\u2019s children<\/h2>\t\t\t\t<\/div>\n\t\t\t\t<\/div>\n\t\t\t\t<div class=\"elementor-element elementor-element-4f8ae58 elementor-widget elementor-widget-text-editor\" data-id=\"4f8ae58\" data-element_type=\"widget\" data-widget_type=\"text-editor.default\">\n\t\t\t\t<div class=\"elementor-widget-container\">\n\t\t\t\t\t\t\t\t\t<div class=\"elementor-element elementor-element-f3401cc elementor-widget elementor-widget-text-editor\" data-id=\"f3401cc\" data-element_type=\"widget\" data-widget_type=\"text-editor.default\"><div class=\"elementor-widget-container\"><p style=\"text-align: center;\">are at risk of poverty and social exclusion, with little opportunity to building a better future.<\/p><\/div><\/div>\t\t\t\t\t\t\t\t<\/div>\n\t\t\t\t<\/div>\n\t\t\t\t<\/div>\n\t\t\t\t<\/div>\n\t\t\t\t\t<\/div>\n\t\t\t\t<\/div>\n\t\t<div class=\"elementor-element elementor-element-ac7eef7 e-flex e-con-boxed e-con e-parent\" data-id=\"ac7eef7\" data-element_type=\"container\">\n\t\t\t\t\t<div class=\"e-con-inner\">\n\t\t\t\t<div class=\"elementor-element elementor-element-0a10855 elementor-widget elementor-widget-heading\" data-id=\"0a10855\" data-element_type=\"widget\" data-widget_type=\"heading.default\">\n\t\t\t\t<div class=\"elementor-widget-container\">\n\t\t\t\t\t<h2 class=\"elementor-heading-title elementor-size-default\"><span>How does a TfR fellow<\/span>\n<br>\nchange children's lives for the better?<\/h2>\t\t\t\t<\/div>\n\t\t\t\t<\/div>\n\t\t\t\t\t<\/div>\n\t\t\t\t<\/div>\n\t\t<div class=\"elementor-element elementor-element-61c8f3d e-flex e-con-boxed e-con e-parent\" data-id=\"61c8f3d\" data-element_type=\"container\">\n\t\t\t\t\t<div class=\"e-con-inner\">\n\t\t<div class=\"elementor-element elementor-element-88bf612 e-con-full e-flex e-con e-parent\" data-id=\"88bf612\" data-element_type=\"container\">\n\t\t<div class=\"elementor-element elementor-element-34796d9 e-con-full e-flex e-con e-parent\" data-id=\"34796d9\" data-element_type=\"container\">\n\t\t\t\t<div class=\"elementor-element elementor-element-4deeb85 elementor-widget elementor-widget-image\" data-id=\"4deeb85\" data-element_type=\"widget\" data-widget_type=\"image.default\">\n\t\t\t\t<div class=\"elementor-widget-container\">\n\t\t\t\t\t\t\t\t\t\t\t\t\t\t\t<img decoding=\"async\" width=\"540\" height=\"320\" src=\"https:\/\/teachforromania.org\/wp-content\/uploads\/2022\/08\/6C7A6195.jpg\" class=\"attachment-full size-full wp-image-11833\" alt=\"\" srcset=\"https:\/\/teachforromania.org\/wp-content\/uploads\/2022\/08\/6C7A6195.jpg 540w, https:\/\/teachforromania.org\/wp-content\/uploads\/2022\/08\/6C7A6195-300x178.jpg 300w\" sizes=\"(max-width: 540px) 100vw, 540px\" \/>\t\t\t\t\t\t\t\t\t\t\t\t\t\t\t<\/div>\n\t\t\t\t<\/div>\n\t\t<div class=\"elementor-element elementor-element-eebf14c e-con-full tfr-h-100 e-flex e-con e-parent\" data-id=\"eebf14c\" data-element_type=\"container\">\n\t\t\t\t<div class=\"elementor-element elementor-element-95a90b5 elementor-widget elementor-widget-text-editor\" data-id=\"95a90b5\" data-element_type=\"widget\" data-widget_type=\"text-editor.default\">\n\t\t\t\t<div class=\"elementor-widget-container\">\n\t\t\t\t\t\t\t\t\t<p style=\"text-align: center;\">Simona: \u201eorele cu profii Teach for Romania erau ore de \u00eenv\u0103\u021bare prin relaxare. Nimeni nu era tensionat c\u0103 gre\u0219e\u0219te. Nu sim\u021beam c\u0103 unul dintre noi era avantajat fa\u021b\u0103 de altul. Eram egali. Aveam \u00eencredere \u00een noi s\u0103 gre\u0219im ca s\u0103 \u00eenv\u0103\u021b\u0103m, iar orele erau cum ar trebui s\u0103 fie.\u201d<\/p>\t\t\t\t\t\t\t\t<\/div>\n\t\t\t\t<\/div>\n\t\t\t\t<div class=\"elementor-element elementor-element-177d921 elementor-align-center tfr-mt-auto elementor-widget elementor-widget-button\" data-id=\"177d921\" data-element_type=\"widget\" data-widget_type=\"button.default\">\n\t\t\t\t<div class=\"elementor-widget-container\">\n\t\t\t\t\t\t\t\t\t<div class=\"elementor-button-wrapper\">\n\t\t\t\t\t<a class=\"elementor-button elementor-button-link elementor-size-sm\" href=\"#elementor-action%3Aaction%3Dpopup%3Aopen%26settings%3DeyJpZCI6MTE4NTcsInRvZ2dsZSI6ZmFsc2V9\">\n\t\t\t\t\t\t<span class=\"elementor-button-content-wrapper\">\n\t\t\t\t\t\t\t\t\t<span class=\"elementor-button-text\">Find out more<\/span>\n\t\t\t\t\t<\/span>\n\t\t\t\t\t<\/a>\n\t\t\t\t<\/div>\n\t\t\t\t\t\t\t\t<\/div>\n\t\t\t\t<\/div>\n\t\t\t\t<\/div>\n\t\t\t\t<\/div>\n\t\t<div class=\"elementor-element elementor-element-f0bb8b3 e-con-full e-flex e-con e-parent\" data-id=\"f0bb8b3\" data-element_type=\"container\">\n\t\t\t\t<div class=\"elementor-element elementor-element-ead70cb elementor-widget elementor-widget-image\" data-id=\"ead70cb\" data-element_type=\"widget\" data-widget_type=\"image.default\">\n\t\t\t\t<div class=\"elementor-widget-container\">\n\t\t\t\t\t\t\t\t\t\t\t\t\t\t\t<img loading=\"lazy\" decoding=\"async\" width=\"540\" height=\"320\" src=\"https:\/\/teachforromania.org\/wp-content\/uploads\/2022\/08\/DSC_0692.jpg\" class=\"attachment-full size-full wp-image-11834\" alt=\"\" srcset=\"https:\/\/teachforromania.org\/wp-content\/uploads\/2022\/08\/DSC_0692.jpg 540w, https:\/\/teachforromania.org\/wp-content\/uploads\/2022\/08\/DSC_0692-300x178.jpg 300w\" sizes=\"(max-width: 540px) 100vw, 540px\" \/>\t\t\t\t\t\t\t\t\t\t\t\t\t\t\t<\/div>\n\t\t\t\t<\/div>\n\t\t<div class=\"elementor-element elementor-element-241ba5c e-con-full tfr-h-100 e-flex e-con e-parent\" data-id=\"241ba5c\" data-element_type=\"container\">\n\t\t\t\t<div class=\"elementor-element elementor-element-5473c50 elementor-widget elementor-widget-text-editor\" data-id=\"5473c50\" data-element_type=\"widget\" data-widget_type=\"text-editor.default\">\n\t\t\t\t<div class=\"elementor-widget-container\">\n\t\t\t\t\t\t\t\t\t<p style=\"text-align: center;\">At\u00e2t Maria, c\u00e2t \u0219i Patricia provin din familii numeroase cu 5, respectiv 7 fra\u021bi, cu p\u0103rin\u021bi ne\u0219tiutori de carte \u0219i fra\u021bi care le aruncau pe foc caietele. Ambele fete \u021bineau cu greu creionul \u00een m\u00e2n\u0103, iar atunci, Bianca- profesoara lor Teach- \u0219i-a dat seama c\u0103 e important s\u0103 le \u00eenve\u021be s\u0103 fac\u0103 bastona\u0219e, liniu\u021be. \u00cen semestrul al doilea, le-a cump\u0103rat haine, \u00eenc\u0103l\u021b\u0103minte \u0219i preg\u0103tea zilnic c\u00e2teva pache\u021bele \u00een plus pentru ca to\u021bi copiii s\u0103 poat\u0103 veni la orele fizice. De atunci, Maria \u0219i Patricia au venit constant la \u0219coal\u0103. A fost o mare realizare c\u00e2nd copiii au \u00eenceput s\u0103 respecte liniatura, s\u0103 lase un p\u0103tr\u0103\u021bel liber \u0219i s\u0103 scrie literele si numerele p\u00e2n\u0103 la 10 cresc\u0103tor \u0219i descresc\u0103tor\u201d.Maria \u0219i Patricia sunt primii copii din familiile lor care au \u00eenv\u0103\u021bat s\u0103 scrie \u0219i s\u0103 citeasc\u0103. \u00cenv\u0103\u021barea nu s-a terminat, \u00eens\u0103 primii pa\u0219i au fost crea\u021bi.<\/p>\t\t\t\t\t\t\t\t<\/div>\n\t\t\t\t<\/div>\n\t\t\t\t<div class=\"elementor-element elementor-element-627d2d6 elementor-align-center tfr-mt-auto elementor-widget elementor-widget-button\" data-id=\"627d2d6\" data-element_type=\"widget\" data-widget_type=\"button.default\">\n\t\t\t\t<div class=\"elementor-widget-container\">\n\t\t\t\t\t\t\t\t\t<div class=\"elementor-button-wrapper\">\n\t\t\t\t\t<a class=\"elementor-button elementor-button-link elementor-size-sm\" href=\"#elementor-action%3Aaction%3Dpopup%3Aopen%26settings%3DeyJpZCI6MTE4NjEsInRvZ2dsZSI6ZmFsc2V9\">\n\t\t\t\t\t\t<span class=\"elementor-button-content-wrapper\">\n\t\t\t\t\t\t\t\t\t<span class=\"elementor-button-text\">Find out more<\/span>\n\t\t\t\t\t<\/span>\n\t\t\t\t\t<\/a>\n\t\t\t\t<\/div>\n\t\t\t\t\t\t\t\t<\/div>\n\t\t\t\t<\/div>\n\t\t\t\t<\/div>\n\t\t\t\t<\/div>\n\t\t\t\t<\/div>\n\t\t<div class=\"elementor-element elementor-element-0c17274 e-con-full e-flex e-con e-parent\" data-id=\"0c17274\" data-element_type=\"container\">\n\t\t<div class=\"elementor-element elementor-element-19e2314 e-con-full e-flex e-con e-parent\" data-id=\"19e2314\" data-element_type=\"container\">\n\t\t\t\t<div class=\"elementor-element elementor-element-6dfe739 elementor-widget elementor-widget-image\" data-id=\"6dfe739\" data-element_type=\"widget\" data-widget_type=\"image.default\">\n\t\t\t\t<div class=\"elementor-widget-container\">\n\t\t\t\t\t\t\t\t\t\t\t\t\t\t\t<img loading=\"lazy\" decoding=\"async\" width=\"540\" height=\"320\" src=\"https:\/\/teachforromania.org\/wp-content\/uploads\/2022\/08\/GCC7085.jpg\" class=\"attachment-full size-full wp-image-11835\" alt=\"\" srcset=\"https:\/\/teachforromania.org\/wp-content\/uploads\/2022\/08\/GCC7085.jpg 540w, https:\/\/teachforromania.org\/wp-content\/uploads\/2022\/08\/GCC7085-300x178.jpg 300w\" sizes=\"(max-width: 540px) 100vw, 540px\" \/>\t\t\t\t\t\t\t\t\t\t\t\t\t\t\t<\/div>\n\t\t\t\t<\/div>\n\t\t<div class=\"elementor-element elementor-element-f20a96a e-con-full tfr-h-100 e-flex e-con e-parent\" data-id=\"f20a96a\" data-element_type=\"container\">\n\t\t\t\t<div class=\"elementor-element elementor-element-b1b5db1 elementor-widget elementor-widget-text-editor\" data-id=\"b1b5db1\" data-element_type=\"widget\" data-widget_type=\"text-editor.default\">\n\t\t\t\t<div class=\"elementor-widget-container\">\n\t\t\t\t\t\t\t\t\t<p style=\"text-align: center;\">Bogdan are 18 ani \u0219i \u00een septembrie va intra \u00een clasa a VIII-a. A repetat c\u00e2\u021biva ani de \u0219coal\u0103, dar nu se las\u0103 u\u0219or. Acum jum\u0103tate de an, Bogdan avea dificult\u0103\u021bi \u00een a recunoa\u0219te toate literele alfabetului, nu \u0219tia s\u0103 scrie \u0219i nici s\u0103 citeasc\u0103 cursiv. Bogdan nu are nicio cerin\u021b\u0103 special\u0103 de \u00eenv\u0103\u021bare, nici disgrafie, nici dislexie, pur \u0219i simplu a ratat momentul \u00een care ar fi trebuit s\u0103 \u00eenve\u021be s\u0103 scrie \u0219i s\u0103 citeasc\u0103. Profesorul lui de biologie, Andrei de la Teach for Romania, \u0219i-a dat seama \u00eentr-o zi c\u0103 Bogdan nu \u0219tie s\u0103 citeasc\u0103. L-a \u00eentrebat dac\u0103 nu ar vrea s\u0103 r\u0103m\u00e2n\u0103 dup\u0103 ore s\u0103 lucreze \u00eempreun\u0103, iar r\u0103spunsul a fost afirmativ, Au construit \u00eempreun\u0103 un plan de lucru, s-au v\u0103zut cu regularitate \u0219i au exersat cititul \u0219i scrisul. \u00cen iulie, Andrei a facut \u0219i o \u0219coal\u0103 de var\u0103 la care Bogdan ajungea primul \u00een cele mai multe zile. C\u00e2nd au \u00eenceput s\u0103 lucreze \u00eempreun\u0103, Bogdan avea nivelul de litera\u021bie al unui copi de clasa 0. Acum cite\u0219te \u0219i tocmai ce \u0219i-a dat \u0219i a luat examenul auto.<\/p>\t\t\t\t\t\t\t\t<\/div>\n\t\t\t\t<\/div>\n\t\t\t\t<div class=\"elementor-element elementor-element-5456911 elementor-align-center tfr-mt-auto elementor-widget elementor-widget-button\" data-id=\"5456911\" data-element_type=\"widget\" data-widget_type=\"button.default\">\n\t\t\t\t<div class=\"elementor-widget-container\">\n\t\t\t\t\t\t\t\t\t<div class=\"elementor-button-wrapper\">\n\t\t\t\t\t<a class=\"elementor-button elementor-button-link elementor-size-sm\" href=\"#elementor-action%3Aaction%3Dpopup%3Aopen%26settings%3DeyJpZCI6MTE4NjUsInRvZ2dsZSI6ZmFsc2V9\">\n\t\t\t\t\t\t<span class=\"elementor-button-content-wrapper\">\n\t\t\t\t\t\t\t\t\t<span class=\"elementor-button-text\">Find out more<\/span>\n\t\t\t\t\t<\/span>\n\t\t\t\t\t<\/a>\n\t\t\t\t<\/div>\n\t\t\t\t\t\t\t\t<\/div>\n\t\t\t\t<\/div>\n\t\t\t\t<\/div>\n\t\t\t\t<\/div>\n\t\t<div class=\"elementor-element elementor-element-08cfdd1 e-con-full e-flex e-con e-parent\" data-id=\"08cfdd1\" data-element_type=\"container\">\n\t\t\t\t<div class=\"elementor-element elementor-element-3c4c996 elementor-widget elementor-widget-image\" data-id=\"3c4c996\" data-element_type=\"widget\" data-widget_type=\"image.default\">\n\t\t\t\t<div class=\"elementor-widget-container\">\n\t\t\t\t\t\t\t\t\t\t\t\t\t\t\t<img loading=\"lazy\" decoding=\"async\" width=\"540\" height=\"320\" src=\"https:\/\/teachforromania.org\/wp-content\/uploads\/2022\/08\/nicolas.jpg\" class=\"attachment-full size-full wp-image-11836\" alt=\"\" srcset=\"https:\/\/teachforromania.org\/wp-content\/uploads\/2022\/08\/nicolas.jpg 540w, https:\/\/teachforromania.org\/wp-content\/uploads\/2022\/08\/nicolas-300x178.jpg 300w\" sizes=\"(max-width: 540px) 100vw, 540px\" \/>\t\t\t\t\t\t\t\t\t\t\t\t\t\t\t<\/div>\n\t\t\t\t<\/div>\n\t\t<div class=\"elementor-element elementor-element-a0b8ecb e-con-full tfr-h-100 e-flex e-con e-parent\" data-id=\"a0b8ecb\" data-element_type=\"container\">\n\t\t\t\t<div class=\"elementor-element elementor-element-f01659b elementor-widget elementor-widget-text-editor\" data-id=\"f01659b\" data-element_type=\"widget\" data-widget_type=\"text-editor.default\">\n\t\t\t\t<div class=\"elementor-widget-container\">\n\t\t\t\t\t\t\t\t\t<p style=\"text-align: center;\">Nicolas are aproape 10 ani \u0219i este \u00een clasa a 3-a. Mai are \u00eenc\u0103 10 fra\u021bi \u0219i surori \u0219i este primul din familia sa care a \u00eenv\u0103\u021bat s\u0103 scrie \u0219i s\u0103 citeasc\u0103. Este m\u00e2ndria \u00eentregii familii, un copil ambi\u021bios \u0219i con\u0219tiincios, c\u0103ruia \u00eei place tare mult la \u0219coala. Nu \u00eei lipse\u0219te nici sus\u021binerea familiei, care \u00een\u021belege c\u00e2t de important e s\u0103-i ofere copilului un viitor. De altfel, are mare noroc cu \u201cdoamna\u201d Diana, \u00eenv\u0103\u021b\u0103toare Teach for Romania, care \u00eei este al\u0103turi \u00eenc\u0103 din clasa 1. Poate nu cite\u0219te la fel de bine ca cei mai buni din clas\u0103, dar progreseaz\u0103 foarte rapid \u0219i, cel mai important, \u00een\u021belege ceea ce cite\u0219te.<\/p>\t\t\t\t\t\t\t\t<\/div>\n\t\t\t\t<\/div>\n\t\t\t\t<div class=\"elementor-element elementor-element-f4c07aa elementor-align-center tfr-mt-auto elementor-widget elementor-widget-button\" data-id=\"f4c07aa\" data-element_type=\"widget\" data-widget_type=\"button.default\">\n\t\t\t\t<div class=\"elementor-widget-container\">\n\t\t\t\t\t\t\t\t\t<div class=\"elementor-button-wrapper\">\n\t\t\t\t\t<a class=\"elementor-button elementor-button-link elementor-size-sm\" href=\"#elementor-action%3Aaction%3Dpopup%3Aopen%26settings%3DeyJpZCI6MTE4NjksInRvZ2dsZSI6ZmFsc2V9\">\n\t\t\t\t\t\t<span class=\"elementor-button-content-wrapper\">\n\t\t\t\t\t\t\t\t\t<span class=\"elementor-button-text\">Find out more<\/span>\n\t\t\t\t\t<\/span>\n\t\t\t\t\t<\/a>\n\t\t\t\t<\/div>\n\t\t\t\t\t\t\t\t<\/div>\n\t\t\t\t<\/div>\n\t\t\t\t<\/div>\n\t\t\t\t<\/div>\n\t\t\t\t<\/div>\n\t\t\t\t\t<\/div>\n\t\t\t\t<\/div>\n\t\t<div class=\"elementor-element elementor-element-b436ab3 e-flex e-con-boxed e-con e-parent\" data-id=\"b436ab3\" data-element_type=\"container\">\n\t\t\t\t\t<div class=\"e-con-inner\">\n\t\t\t\t<div class=\"elementor-element elementor-element-9fc4b74 elementor-widget elementor-widget-text-editor\" data-id=\"9fc4b74\" data-element_type=\"widget\" data-widget_type=\"text-editor.default\">\n\t\t\t\t<div class=\"elementor-widget-container\">\n\t\t\t\t\t\t\t\t\t<p style=\"text-align: center;\">We are more motivated than ever. We want to grow our talent, to train more teachers and educational counsellors. They are important promoters of social change and the key to reaching as many children as possible, no matter the community they come from. Together we will empower new generations of future leaders.\u00a0\u00a0<\/p>\t\t\t\t\t\t\t\t<\/div>\n\t\t\t\t<\/div>\n\t\t\t\t<div class=\"elementor-element elementor-element-b44352a elementor-widget__width-initial elementor-widget-mobile_extra__width-inherit elementor-widget elementor-widget-text-editor\" data-id=\"b44352a\" data-element_type=\"widget\" data-widget_type=\"text-editor.default\">\n\t\t\t\t<div class=\"elementor-widget-container\">\n\t\t\t\t\t\t\t\t\t<p style=\"text-align: center;\">We need to work together in proving that education is fundamental in transforming our society and producing sustainable long-term change.<\/p>\t\t\t\t\t\t\t\t<\/div>\n\t\t\t\t<\/div>\n\t\t\t\t<div class=\"elementor-element elementor-element-6e888a2 elementor-widget__width-initial elementor-widget-mobile_extra__width-inherit elementor-widget elementor-widget-heading\" data-id=\"6e888a2\" data-element_type=\"widget\" data-widget_type=\"heading.default\">\n\t\t\t\t<div class=\"elementor-widget-container\">\n\t\t\t\t\t<h2 class=\"elementor-heading-title elementor-size-default\">Text <font color=\"#CA0202\">RESTART<\/font> to <font color=\"#CA0202\">8864<\/font> for<font color=\"#CA0202\"> \u20ac4 per month<\/font> and help children from vulnerable backgrounds to see beyond obstacles. Give them one more chance to quality education!<\/h2>\t\t\t\t<\/div>\n\t\t\t\t<\/div>\n\t\t\t\t\t<\/div>\n\t\t\t\t<\/div>\n\t\t\t\t<\/div>\n\t\t","protected":false},"excerpt":{"rendered":"<p>Why? Studies show that a passionate teacher is the best predictor of students&#8217; success as future adults. We strongly believe that passionate teachers change lives. They change paths. They build a better future for all of us. Unfortunately, not all children in Romania have the chance to meet such a teacher. There are thousands of [&hellip;]<\/p>\n","protected":false},"author":1,"featured_media":0,"parent":0,"menu_order":0,"comment_status":"closed","ping_status":"closed","template":"","meta":{"_acf_changed":false,"footnotes":""},"class_list":["post-11681","page","type-page","status-publish","hentry"],"acf":[],"_links":{"self":[{"href":"https:\/\/teachforromania.org\/en\/wp-json\/wp\/v2\/pages\/11681","targetHints":{"allow":["GET"]}}],"collection":[{"href":"https:\/\/teachforromania.org\/en\/wp-json\/wp\/v2\/pages"}],"about":[{"href":"https:\/\/teachforromania.org\/en\/wp-json\/wp\/v2\/types\/page"}],"author":[{"embeddable":true,"href":"https:\/\/teachforromania.org\/en\/wp-json\/wp\/v2\/users\/1"}],"replies":[{"embeddable":true,"href":"https:\/\/teachforromania.org\/en\/wp-json\/wp\/v2\/comments?post=11681"}],"version-history":[{"count":10,"href":"https:\/\/teachforromania.org\/en\/wp-json\/wp\/v2\/pages\/11681\/revisions"}],"predecessor-version":[{"id":11856,"href":"https:\/\/teachforromania.org\/en\/wp-json\/wp\/v2\/pages\/11681\/revisions\/11856"}],"wp:attachment":[{"href":"https:\/\/teachforromania.org\/en\/wp-json\/wp\/v2\/media?parent=11681"}],"curies":[{"name":"wp","href":"https:\/\/api.w.org\/{rel}","templated":true}]}}