{"id":11383,"date":"2022-09-30T13:00:13","date_gmt":"2022-09-30T13:00:13","guid":{"rendered":"https:\/\/teachforromania.org\/?page_id=11383"},"modified":"2022-10-03T14:53:41","modified_gmt":"2022-10-03T14:53:41","slug":"donate","status":"publish","type":"page","link":"https:\/\/teachforromania.org\/en\/donate\/","title":{"rendered":"Donate"},"content":{"rendered":"\t\t<div data-elementor-type=\"wp-page\" data-elementor-id=\"11383\" class=\"elementor elementor-11383 elementor-3296\" data-elementor-post-type=\"page\">\n\t\t\t\t<div class=\"elementor-element elementor-element-afe5d5b e-flex e-con-boxed e-con e-parent\" data-id=\"afe5d5b\" data-element_type=\"container\" data-settings=\"{&quot;background_background&quot;:&quot;classic&quot;}\">\n\t\t\t\t\t<div class=\"e-con-inner\">\n\t\t\t\t<div class=\"elementor-element elementor-element-b486839 elementor-widget elementor-widget-image\" data-id=\"b486839\" data-element_type=\"widget\" data-widget_type=\"image.default\">\n\t\t\t\t<div class=\"elementor-widget-container\">\n\t\t\t\t\t\t\t\t\t\t\t\t\t\t\t\t<a href=\"https:\/\/teachforromania.org\/en\/\">\n\t\t\t\t\t\t\t<img decoding=\"async\" width=\"139\" height=\"64\" src=\"https:\/\/teachforromania.org\/wp-content\/uploads\/2022\/05\/Group-410.svg\" class=\"attachment-full size-full wp-image-12361\" alt=\"\" \/>\t\t\t\t\t\t\t\t<\/a>\n\t\t\t\t\t\t\t\t\t\t\t\t\t\t\t<\/div>\n\t\t\t\t<\/div>\n\t\t<div class=\"elementor-element elementor-element-3744eda e-con-full e-flex e-con e-parent\" data-id=\"3744eda\" data-element_type=\"container\">\n\t\t<div class=\"elementor-element elementor-element-56b2d63 e-con-full e-flex e-con e-parent\" data-id=\"56b2d63\" data-element_type=\"container\">\n\t\t<div class=\"elementor-element elementor-element-c7b2462 e-con-full e-flex e-con e-parent\" data-id=\"c7b2462\" data-element_type=\"container\" id=\"doneaza\" data-settings=\"{&quot;background_background&quot;:&quot;classic&quot;}\">\n\t\t\t\t<div class=\"elementor-element elementor-element-394e2cd elementor-widget elementor-widget-heading\" data-id=\"394e2cd\" data-element_type=\"widget\" data-widget_type=\"heading.default\">\n\t\t\t\t<div class=\"elementor-widget-container\">\n\t\t\t\t\t<h5 class=\"elementor-heading-title elementor-size-default\">Contribute to change: Donate to quality education! \n<\/h5>\t\t\t\t<\/div>\n\t\t\t\t<\/div>\n\t\t\t\t<div class=\"elementor-element elementor-element-622fa18 elementor-widget elementor-widget-shortcode\" data-id=\"622fa18\" data-element_type=\"widget\" data-widget_type=\"shortcode.default\">\n\t\t\t\t<div class=\"elementor-widget-container\">\n\t\t\t\t\t<script>\n\tfunction formCheck(formobj){\n\t\tvar fieldRequired = Array(\"fname\", \"lname\", \"email\", \"phone\", \"gdpr\");\n\t\tvar fieldDescription = Array(\"Prenume\", \"Nume\", \"E-mail\", \"Telefon\", \"Consim\u021b\u0103m\u00e2nt GDPR\");\n\t\tvar alertMsg = \"V\u0103 rug\u0103m s\u0103 completa\u021bi urm\u0103toarele c\u00e2mpuri :\\n\";\n\t\tvar l_Msg = alertMsg.length;\n\t\n\t\tfor (var i = 0; i < fieldRequired.length; i++){\n\t\t\tvar obj = formobj.elements[fieldRequired[i]];\n\t\t\tif (obj){\n\t\t\t\tswitch(obj.type){\n\t\t\t\t\tcase \"select-one\":\n\t\t\t\t\t\tif (obj.selectedIndex == -1 || obj.options[obj.selectedIndex].text == \"\"){\n\t\t\t\t\t\t\talertMsg += \" - \" + fieldDescription[i] + \"\\n\";\n\t\t\t\t\t\t}\n\t\t\t\t\t\tbreak;\n\t\t\t\t\tcase \"select-multiple\":\n\t\t\t\t\t\tif (obj.selectedIndex == -1){\n\t\t\t\t\t\t\talertMsg += \" - \" + fieldDescription[i] + \"\\n\";\n\t\t\t\t\t\t}\n\t\t\t\t\t\tbreak;\n\t\t\t\t\tcase \"text\":\n\t\t\t\t\tcase \"textarea\":\n\t\t\t\t\t\tif (obj.value == \"\" || obj.value == null){\n\t\t\t\t\t\t\talertMsg += \" - \" + fieldDescription[i] + \"\\n\";\n\t\t\t\t\t\t}\n\t\t\t\t\t\tbreak;\n\t\t\t\t\tcase \"checkbox\":\n\t\t\t\t\t\tif (!obj.checked){\n\t\t\t\t\t\t\talertMsg += \" - \" + fieldDescription[i] + \"\\n\";\n\t\t\t\t\t\t}\n\t\t\t\t\t\tbreak;\n\t\t\t\t\tdefault:\n\t\t\t\t\t\t\/\/ pentru radio sau grupuri\n\t\t\t\t\t\tif (obj.type == undefined) {\n\t\t\t\t\t\t\tvar blnchecked = false;\n\t\t\t\t\t\t\tfor (var j = 0; j < obj.length; j++){\n\t\t\t\t\t\t\t\tif (obj[j].checked){\n\t\t\t\t\t\t\t\t\tblnchecked = true;\n\t\t\t\t\t\t\t\t}\n\t\t\t\t\t\t\t}\n\t\t\t\t\t\t\tif (!blnchecked){\n\t\t\t\t\t\t\t\talertMsg += \" - \" + fieldDescription[i] + \"\\n\";\n\t\t\t\t\t\t\t}\n\t\t\t\t\t\t}\n\t\t\t\t}\n\t\t\t}\n\t\t}\n\t\n\t\tif (alertMsg.length == l_Msg) {\n\t\t\treturn true;\n\t\t} else {\n\t\t\talert(alertMsg);\n\t\t\treturn false;\n\t\t}\n\t}\n\n\t\n\tjQuery(document).ready(function() {\n\t\t\n\t\tjQuery('.doneaza-monthly').click(function() {\n\t\t\tjQuery('.doneaza-once').removeClass('active');\n\t\t\tjQuery(this).addClass('active');\n\t\t\tjQuery('.doneaza-select select option[value=\"no\"]').prop('selected', false);\n\t\t\tjQuery('.doneaza-select select option[value=\"yes\"]').prop('selected', true);\n\t\t});\n\t\t\n\t\tjQuery('.doneaza-once').click(function() {\n\t\t\tjQuery('.doneaza-monthly').removeClass('active');\n\t\t\tjQuery(this).addClass('active');\n\t\t\tjQuery('.doneaza-select select option[value=\"no\"]').prop('selected', true);\n\t\t\tjQuery('.doneaza-select select option[value=\"yes\"]').prop('selected', false);\n\t\t});\n\t\t\n\t\tjQuery('.doneaza-amount').click(function() {\n\t\t\tjQuery('.doneaza-amount.active').removeClass('active');\n\t\t\tjQuery(this).addClass('active');\n\t\t\tjQuery('input[name=\"amount\"]').val(jQuery('.doneaza-amount.active').data('value'));\n\t\t});\n\t\t\n\t\tjQuery('.doneaza-custom-amount').click(function() {\n\t\t\tjQuery('.doneaza-amount.active').removeClass('active');\n\t\t});\n\t});\n<\/script>\n<style>\n\t.c_tfr-doneaza-box .doneaza-email, \n\t.c_tfr-doneaza-box .doneaza-phone,\n\t.c_tfr-doneaza-box .doneaza-nume,\n\t.c_tfr-doneaza-box .doneaza-prenume{\n\t\tdisplay: block;\n\t\t\tfont-size: 16px;\n\t\t\tcolor: #039FDD;\n\t\t\tpadding: 10px 20px !important;\n\t\t\tcursor: pointer;\n\t\t\tborder: 1px solid #BDBAD2;\n\t\t\tmargin-bottom: 10px;\n\t\t\twidth: 97% !important;\n\t\t}\n\t.c_tfr-doneaza-box .doneaza-checkbox p {\n\t\tcolor: #BDBAD2;\n\t\tmargin-bottom: 10px !important;\n\t\tfont-size: 14px;\n\t}\n\t\n<\/style>\n<form action=\"https:\/\/teachforromania.org\/wp-content\/donatii\/plateste.php\" enctype=\"multipart\/form-data\" method=\"post\" name=\"EuPlatesc\" onsubmit=\"return formCheck(this);\">\n\t<input type=\"hidden\" name=\"pagina_donatie\" value=\"doneaza\" \/>\n\t<input type=\"hidden\" name=\"language\" value=\"en\" \/>\n\t<div class=\"c_tfr-doneaza-box\">\n\t\t<div class=\"doneaza-category\">\n\t\t\t<p>\n\t\t\t\t\t\t\t\t\tFrequency of donations\n\t\t\t\t\t\t\t<\/p>\n\t\t<\/div>\n\t\t<div class=\"doneaza-type\">\n\t\t\t<div>\n\t\t\t\t<input id=\"doneaza-monthly\" checked=\"checked\" name=\"tip\" type=\"radio\" value=\"1\">\n\t\t\t\t<label for=\"doneaza-monthly\">\n\t\t\t\t\t<span class=\"doneaza-monthly active\">\n\t\t\t\t\t\t\t\t\t\t\t\t\tMonthly\n\t\t\t\t\t\t\t\t\t\t\t<\/span>\n\t\t\t\t<\/label>\n\t\t\t<\/div>\n\t\t\t<div>\n\t\t\t\t<input id=\"doneaza-once\" name=\"tip\" type=\"radio\" value=\"0\">\n\t\t\t\t<label for=\"doneaza-once\">\n\t\t\t\t\t<span class=\"doneaza-once\">\n\t\t\t\t\t\t\t\t\t\t\t\t\tOnce\n\t\t\t\t\t\t\t\t\t\t\t<\/span>\n\t\t\t\t<\/label>\n\t\t\t<\/div>\n\t\t<\/div>\n\t\t<div class=\"doneaza-select\">\t\t\n\t\t\t<select style=\"display: none;\" name=\"recurent\">\n\t\t\t\t<option value=\"no\">Nu<\/option>\n\t\t\t\t<option selected value=\"yes\">Da<\/option>\n\t\t\t<\/select>\n\t\t<\/div>\n\t\t<div class=\"doneaza-category\">\n\t\t\t<p>\n\t\t\t\t\t\t\t\t\tSelect the amount of your contribution\n\t\t\t\t\t\t\t<\/p>\n\t\t<\/div>\n\t\t<div class=\"doneaza-amounts\">\n\t\t\t<div>\n\t\t\t\t<span class=\"doneaza-amount\" data-value=\"50\">\n\t\t\t\t\t50 LEI\n\t\t\t\t<\/span>\n\t\t\t<\/div>\n\t\t\t<div>\n\t\t\t\t<span class=\"doneaza-amount\" data-value=\"75\">\n\t\t\t\t\t75 LEI\n\t\t\t\t<\/span>\n\t\t\t<\/div>\n\t\t\t<div>\n\t\t\t\t<span class=\"doneaza-amount\" data-value=\"100\">\n\t\t\t\t\t100 LEI\n\t\t\t\t<\/span>\n\t\t\t<\/div>\n\t\t\t<div>\n\t\t\t\t<span class=\"doneaza-amount\" data-value=\"150\">\n\t\t\t\t\t150 LEI\n\t\t\t\t<\/span>\n\t\t\t<\/div>\n\t\t<\/div>\n\t\t<div class=\"doneaza-custom\">\n\t\t\t\t\t\t\t<input name=\"amount\" required=\"\" class=\"doneaza-custom-amount\" type=\"text\" placeholder=\"enter another amount\" oninput=\"this.value = this.value.replace(\/[^0-9.]\/g, '').replace(\/(\\..*)\\.\/g, '$1');\" \/>\n\t\t\t\t\t<\/div>\n\t\t\n\t\t<div class=\"doneaza-info\">\n\t\t\t<div class=\"switchxline-2022 d-flex\">\n\t\t\t\t\n\t\t\t\t<div class=\"w-50\">\n\t\t\t\t\t\t\t\t\t\t\t<input class=\"doneaza-nume\" name=\"lname\" required=\"\" type=\"text\" placeholder=\"Last Name\">\n\t\t\t\t\t\t\t\t\t<\/div>\n\t\t\t\t<div class=\"w-50\">\n\t\t\t\t\t\t\t\t\t\t\t<input class=\"doneaza-prenume\" name=\"fname\" required=\"\" type=\"text\" placeholder=\"First Name\">\n\t\t\t\t\t\t\t\t\t<\/div>\n\t\t\t<\/div>\n\t\t\t<div class=\"switchxline-2022 d-flex\">\n\t\t\t\t<div class=\"w-50\">\n\t\t\t\t\t<input class=\"doneaza-email\" name=\"email\" required=\"\" type=\"text\" placeholder=\"E-mail\">\n\t\t\t\t<\/div>\n\t\t\t\t<div class=\"w-50\">\n\t\t\t\t\t\t\t\t\t\t\t<input class=\"doneaza-phone\" name=\"phone\" required=\"\" type=\"text\" placeholder=\"Phone\">\n\t\t\t\t\t\t\t\t\t<\/div>\n\t\t\t<\/div>\n\t\t<\/div>\n\t\t<div class=\"doneaza-checkbox\">\n\t\t\t<p>\n\t\t\t\t<label id=\"label-gdpr\" class=\"small text-start\" for=\"gdpr_checkbox\">\n\t\t\t\t  <input type=\"checkbox\" name=\"gdpr\" id=\"gdpr_checkbox\" required>\n\t\t\t\t  \t\t\t\t\t  <span>I agree with the processing of personal data and the privacy policy.<\/span>\n\t\t\t\t  \t\t\t\t  \n\t\t\t\t<\/label>\n\t\t\t<\/p>\n\t\t\t<p>\n\t\t\t\t<label id=\"label-info\" class=\"small text-start\" for=\"info_checkbox\">\n\t\t\t\t\t  <input type=\"checkbox\" name=\"info\" id=\"info_checkbox\">\n\t\t\t\t\t  \t\t\t\t\t\t   <span>I would like to be contacted about how my donation impacts children's lives.<\/span>\n\t\t\t\t\t\t\t\t\t\t  \n\t\t\t\t  <\/label>\n\t\t\t<\/p>\n\t\t<\/div>\n\t\t\n\t\t<div class=\"doneaza-submit\">\n\t\t\t<button name=\"Doneaza\" type=\"submit\">\n\t\t\t\t\t\t\t\t\tDonate now\n\t\t\t\t\t\t\t<\/button>\n\t\t<\/div>\n\t<\/div>\n<\/form>\n\n\t\t<div class=\"elementor-shortcode\"><\/div>\n\t\t\t\t\t\t<\/div>\n\t\t\t\t<\/div>\n\t\t\t\t<\/div>\n\t\t\t\t<\/div>\n\t\t<div class=\"elementor-element elementor-element-dfde79f e-con-full e-flex e-con e-parent\" data-id=\"dfde79f\" data-element_type=\"container\">\n\t\t\t\t<div class=\"elementor-element elementor-element-2e78427 elementor--h-position-left elementor--v-position-top elementor-widget elementor-widget-slides\" data-id=\"2e78427\" data-element_type=\"widget\" data-settings=\"{&quot;navigation&quot;:&quot;none&quot;,&quot;transition&quot;:&quot;fade&quot;,&quot;transition_speed&quot;:250,&quot;autoplay&quot;:&quot;yes&quot;,&quot;pause_on_hover&quot;:&quot;yes&quot;,&quot;pause_on_interaction&quot;:&quot;yes&quot;,&quot;autoplay_speed&quot;:5000,&quot;infinite&quot;:&quot;yes&quot;}\" data-widget_type=\"slides.default\">\n\t\t\t\t<div class=\"elementor-widget-container\">\n\t\t\t\t\t\t\t\t\t<div class=\"elementor-swiper\">\n\t\t\t\t\t<div class=\"elementor-slides-wrapper elementor-main-swiper swiper\" role=\"region\" aria-roledescription=\"carousel\" aria-label=\"Slides\" dir=\"ltr\" data-animation=\"fadeInLeft\">\n\t\t\t\t<div class=\"swiper-wrapper elementor-slides\">\n\t\t\t\t\t\t\t\t\t\t<div class=\"elementor-repeater-item-a9bb737 swiper-slide\" role=\"group\" aria-roledescription=\"slide\"><div class=\"swiper-slide-bg\"><\/div><div class=\"swiper-slide-inner\" ><div class=\"swiper-slide-contents\"><div class=\"elementor-slide-heading\">1 out of 5 <br \/>rural children<\/div><div class=\"elementor-slide-description\"> drop out of school by the age of 14<\/div><\/div><\/div><\/div><div class=\"elementor-repeater-item-cdbfb7e swiper-slide\" role=\"group\" aria-roledescription=\"slide\"><div class=\"swiper-slide-bg\"><\/div><div class=\"swiper-slide-inner\" ><div class=\"swiper-slide-contents\"><div class=\"elementor-slide-heading\">1 out of 2 <br \/>children in Romania<\/div><div class=\"elementor-slide-description\"> suffers from functional illiteracy. \n<br \/>\nThat is, they can read a text, but they do not understand it<\/div><\/div><\/div><\/div><div class=\"elementor-repeater-item-6b24d06 swiper-slide\" role=\"group\" aria-roledescription=\"slide\"><div class=\"swiper-slide-bg\"><\/div><div class=\"swiper-slide-inner\" ><div class=\"swiper-slide-contents\"><div class=\"elementor-slide-heading\">We have over 1000 public schools<\/div><div class=\"elementor-slide-description\">in Romania where no student passes the eighth-grade national assessment.<\/div><\/div><\/div><\/div>\t\t\t\t<\/div>\n\t\t\t\t\t\t\t\t\t\t\t\t\t\t\t\t\t\t\t\t\t<\/div>\n\t\t\t\t<\/div>\n\t\t\t\t\t\t\t\t<\/div>\n\t\t\t\t<\/div>\n\t\t\t\t<\/div>\n\t\t\t\t<\/div>\n\t\t\t\t\t<\/div>\n\t\t\t\t<\/div>\n\t\t<div class=\"elementor-element elementor-element-f45f6e2 e-flex e-con-boxed e-con e-parent\" data-id=\"f45f6e2\" data-element_type=\"container\" data-settings=\"{&quot;background_background&quot;:&quot;classic&quot;}\">\n\t\t\t\t\t<div class=\"e-con-inner\">\n\t\t<div class=\"elementor-element elementor-element-5a3d3f4 e-con-full e-flex e-con e-parent\" data-id=\"5a3d3f4\" data-element_type=\"container\">\n\t\t<div class=\"elementor-element elementor-element-525c10d e-con-full e-flex e-con e-parent\" data-id=\"525c10d\" data-element_type=\"container\">\n\t\t\t\t<\/div>\n\t\t<div class=\"elementor-element elementor-element-9a861b7 e-con-full e-flex e-con e-parent\" data-id=\"9a861b7\" data-element_type=\"container\">\n\t\t\t\t<div class=\"elementor-element elementor-element-2f7855d elementor-widget elementor-widget-heading\" data-id=\"2f7855d\" data-element_type=\"widget\" data-widget_type=\"heading.default\">\n\t\t\t\t<div class=\"elementor-widget-container\">\n\t\t\t\t\t<h1 class=\"elementor-heading-title elementor-size-default\">Many Romanian children lose the lottery of school and life. <\/h1>\t\t\t\t<\/div>\n\t\t\t\t<\/div>\n\t\t\t\t<div class=\"elementor-element elementor-element-d79b88a elementor-widget elementor-widget-text-editor\" data-id=\"d79b88a\" data-element_type=\"widget\" data-widget_type=\"text-editor.default\">\n\t\t\t\t<div class=\"elementor-widget-container\">\n\t\t\t\t\t\t\t\t\t<p>We are motivated to offer better opportunities to a better future for all children, through relevant education and teachers who support their dreams.<\/p>\t\t\t\t\t\t\t\t<\/div>\n\t\t\t\t<\/div>\n\t\t\t\t<div class=\"elementor-element elementor-element-b52dbd9 elementor-widget elementor-widget-text-editor\" data-id=\"b52dbd9\" data-element_type=\"widget\" data-widget_type=\"text-editor.default\">\n\t\t\t\t<div class=\"elementor-widget-container\">\n\t\t\t\t\t\t\t\t\t<p>We strongly believe that teachers are the main factor in the quality of education that our children receive.\u00a0<\/p>\t\t\t\t\t\t\t\t<\/div>\n\t\t\t\t<\/div>\n\t\t\t\t<div class=\"elementor-element elementor-element-c4728df elementor-widget elementor-widget-text-editor\" data-id=\"c4728df\" data-element_type=\"widget\" data-widget_type=\"text-editor.default\">\n\t\t\t\t<div class=\"elementor-widget-container\">\n\t\t\t\t\t\t\t\t\t<p>Donate and help us train and support teacher leaders who can serve communities that so desperately need them.\u00a0<\/p>\t\t\t\t\t\t\t\t<\/div>\n\t\t\t\t<\/div>\n\t\t\t\t<\/div>\n\t\t\t\t<\/div>\n\t\t\t\t\t<\/div>\n\t\t\t\t<\/div>\n\t\t<div class=\"elementor-element elementor-element-b3bbf8b e-flex e-con-boxed e-con e-parent\" data-id=\"b3bbf8b\" data-element_type=\"container\">\n\t\t\t\t\t<div class=\"e-con-inner\">\n\t\t\t\t<div class=\"elementor-element elementor-element-1234c40 elementor-widget elementor-widget-heading\" data-id=\"1234c40\" data-element_type=\"widget\" data-widget_type=\"heading.default\">\n\t\t\t\t<div class=\"elementor-widget-container\">\n\t\t\t\t\t<h2 class=\"elementor-heading-title elementor-size-default\"><font color=\"#039FDD\">\nShaping a child's \n<\/font>\n<br \/>\nfuture in Romania<\/h2>\t\t\t\t<\/div>\n\t\t\t\t<\/div>\n\t\t<div class=\"elementor-element elementor-element-6812d54 e-con-full e-flex e-con e-parent\" data-id=\"6812d54\" data-element_type=\"container\">\n\t\t<div class=\"elementor-element elementor-element-55ee962 e-con-full e-flex e-con e-parent\" data-id=\"55ee962\" data-element_type=\"container\">\n\t\t\t\t<div class=\"elementor-element elementor-element-4d998dc elementor-widget-mobile_extra__width-inherit elementor-widget elementor-widget-image\" data-id=\"4d998dc\" data-element_type=\"widget\" data-widget_type=\"image.default\">\n\t\t\t\t<div class=\"elementor-widget-container\">\n\t\t\t\t\t\t\t\t\t\t\t\t\t\t\t<img fetchpriority=\"high\" decoding=\"async\" width=\"348\" height=\"325\" src=\"https:\/\/teachforromania.org\/wp-content\/uploads\/2022\/07\/Mihaela-Bucsa-500x334-1.png\" class=\"attachment-full size-full wp-image-11789\" alt=\"\" srcset=\"https:\/\/teachforromania.org\/wp-content\/uploads\/2022\/07\/Mihaela-Bucsa-500x334-1.png 348w, https:\/\/teachforromania.org\/wp-content\/uploads\/2022\/07\/Mihaela-Bucsa-500x334-1-300x280.png 300w\" sizes=\"(max-width: 348px) 100vw, 348px\" \/>\t\t\t\t\t\t\t\t\t\t\t\t\t\t\t<\/div>\n\t\t\t\t<\/div>\n\t\t<div class=\"elementor-element elementor-element-ec2d476 e-con-full tfr-h-100 e-flex e-con e-parent\" data-id=\"ec2d476\" data-element_type=\"container\">\n\t\t\t\t<div class=\"elementor-element elementor-element-0295536 elementor-widget elementor-widget-text-editor\" data-id=\"0295536\" data-element_type=\"widget\" data-widget_type=\"text-editor.default\">\n\t\t\t\t<div class=\"elementor-widget-container\">\n\t\t\t\t\t\t\t\t\t<p>Mihaela Buc\u0219\u0103: How do you talk about a better future in a community where no one remembers the last student who went to high school? <\/p>\t\t\t\t\t\t\t\t<\/div>\n\t\t\t\t<\/div>\n\t\t\t\t<div class=\"elementor-element elementor-element-d311738 elementor-widget elementor-widget-text-editor\" data-id=\"d311738\" data-element_type=\"widget\" data-widget_type=\"text-editor.default\">\n\t\t\t\t<div class=\"elementor-widget-container\">\n\t\t\t\t\t\t\t\t\t<p>I have been teaching physics for almost two years in Crizbav, that place where there is no more hope. I\u2019m also teaching in S\u00e2npetru where hope is easier to find.<\/p>\t\t\t\t\t\t\t\t<\/div>\n\t\t\t\t<\/div>\n\t\t\t\t<div class=\"elementor-element elementor-element-ba1ac9a tfr-mt-auto elementor-widget elementor-widget-button\" data-id=\"ba1ac9a\" data-element_type=\"widget\" data-widget_type=\"button.default\">\n\t\t\t\t<div class=\"elementor-widget-container\">\n\t\t\t\t\t\t\t\t\t<div class=\"elementor-button-wrapper\">\n\t\t\t\t\t<a class=\"elementor-button elementor-button-link elementor-size-md\" href=\"#elementor-action%3Aaction%3Dpopup%3Aopen%26settings%3DeyJpZCI6MTE4MDcsInRvZ2dsZSI6ZmFsc2V9\">\n\t\t\t\t\t\t<span class=\"elementor-button-content-wrapper\">\n\t\t\t\t\t\t\t\t\t<span class=\"elementor-button-text\">READ MORE<\/span>\n\t\t\t\t\t<\/span>\n\t\t\t\t\t<\/a>\n\t\t\t\t<\/div>\n\t\t\t\t\t\t\t\t<\/div>\n\t\t\t\t<\/div>\n\t\t\t\t<\/div>\n\t\t\t\t<\/div>\n\t\t<div class=\"elementor-element elementor-element-7b4652e e-con-full e-flex e-con e-parent\" data-id=\"7b4652e\" data-element_type=\"container\">\n\t\t\t\t<div class=\"elementor-element elementor-element-6337f6c elementor-widget-mobile_extra__width-inherit elementor-widget elementor-widget-image\" data-id=\"6337f6c\" data-element_type=\"widget\" data-widget_type=\"image.default\">\n\t\t\t\t<div class=\"elementor-widget-container\">\n\t\t\t\t\t\t\t\t\t\t\t\t\t\t\t<img decoding=\"async\" width=\"348\" height=\"325\" src=\"https:\/\/teachforromania.org\/wp-content\/uploads\/2022\/08\/bw-14.jpg\" class=\"attachment-full size-full wp-image-11792\" alt=\"\" srcset=\"https:\/\/teachforromania.org\/wp-content\/uploads\/2022\/08\/bw-14.jpg 348w, https:\/\/teachforromania.org\/wp-content\/uploads\/2022\/08\/bw-14-300x280.jpg 300w\" sizes=\"(max-width: 348px) 100vw, 348px\" \/>\t\t\t\t\t\t\t\t\t\t\t\t\t\t\t<\/div>\n\t\t\t\t<\/div>\n\t\t<div class=\"elementor-element elementor-element-bc6da2e e-con-full tfr-h-100 e-flex e-con e-parent\" data-id=\"bc6da2e\" data-element_type=\"container\">\n\t\t\t\t<div class=\"elementor-element elementor-element-76fb98d elementor-widget elementor-widget-text-editor\" data-id=\"76fb98d\" data-element_type=\"widget\" data-widget_type=\"text-editor.default\">\n\t\t\t\t<div class=\"elementor-widget-container\">\n\t\t\t\t\t\t\t\t\t<p>When you\u2019ve had enough, remember your \u2018why\u2019<\/p>\t\t\t\t\t\t\t\t<\/div>\n\t\t\t\t<\/div>\n\t\t\t\t<div class=\"elementor-element elementor-element-4c5a55b elementor-widget elementor-widget-text-editor\" data-id=\"4c5a55b\" data-element_type=\"widget\" data-widget_type=\"text-editor.default\">\n\t\t\t\t<div class=\"elementor-widget-container\">\n\t\t\t\t\t\t\t\t\t<p>There is a silent, overwhelming tension between teachers and parents. There\u2019s no violence, quarrels or insults, yet it raises frustration, it disconnects and it discourages everyone involved, especially teachers. We rarely see it as an opportunity to understand better and to produce long-term change.\u00a0<\/p>\t\t\t\t\t\t\t\t<\/div>\n\t\t\t\t<\/div>\n\t\t\t\t<div class=\"elementor-element elementor-element-45639c5 tfr-mt-auto elementor-widget elementor-widget-button\" data-id=\"45639c5\" data-element_type=\"widget\" data-widget_type=\"button.default\">\n\t\t\t\t<div class=\"elementor-widget-container\">\n\t\t\t\t\t\t\t\t\t<div class=\"elementor-button-wrapper\">\n\t\t\t\t\t<a class=\"elementor-button elementor-button-link elementor-size-md\" href=\"#elementor-action%3Aaction%3Dpopup%3Aopen%26settings%3DeyJpZCI6MTE4MTYsInRvZ2dsZSI6ZmFsc2V9\">\n\t\t\t\t\t\t<span class=\"elementor-button-content-wrapper\">\n\t\t\t\t\t\t\t\t\t<span class=\"elementor-button-text\">READ MORE<\/span>\n\t\t\t\t\t<\/span>\n\t\t\t\t\t<\/a>\n\t\t\t\t<\/div>\n\t\t\t\t\t\t\t\t<\/div>\n\t\t\t\t<\/div>\n\t\t\t\t<\/div>\n\t\t\t\t<\/div>\n\t\t<div class=\"elementor-element elementor-element-79aaddb e-con-full e-flex e-con e-parent\" data-id=\"79aaddb\" data-element_type=\"container\">\n\t\t\t\t<div class=\"elementor-element elementor-element-f5c95e1 elementor-widget-mobile_extra__width-inherit elementor-widget elementor-widget-image\" data-id=\"f5c95e1\" data-element_type=\"widget\" data-widget_type=\"image.default\">\n\t\t\t\t<div class=\"elementor-widget-container\">\n\t\t\t\t\t\t\t\t\t\t\t\t\t\t\t<img loading=\"lazy\" decoding=\"async\" width=\"348\" height=\"325\" src=\"https:\/\/teachforromania.org\/wp-content\/uploads\/2022\/08\/Magda-Costache-foto-eleva-768x507-1.jpg\" class=\"attachment-full size-full wp-image-11793\" alt=\"\" srcset=\"https:\/\/teachforromania.org\/wp-content\/uploads\/2022\/08\/Magda-Costache-foto-eleva-768x507-1.jpg 348w, https:\/\/teachforromania.org\/wp-content\/uploads\/2022\/08\/Magda-Costache-foto-eleva-768x507-1-300x280.jpg 300w\" sizes=\"(max-width: 348px) 100vw, 348px\" \/>\t\t\t\t\t\t\t\t\t\t\t\t\t\t\t<\/div>\n\t\t\t\t<\/div>\n\t\t<div class=\"elementor-element elementor-element-b27cd18 e-con-full tfr-h-100 e-flex e-con e-parent\" data-id=\"b27cd18\" data-element_type=\"container\">\n\t\t\t\t<div class=\"elementor-element elementor-element-b35ee97 elementor-widget elementor-widget-text-editor\" data-id=\"b35ee97\" data-element_type=\"widget\" data-widget_type=\"text-editor.default\">\n\t\t\t\t<div class=\"elementor-widget-container\">\n\t\t\t\t\t\t\t\t\t<p>&#8220;Over here no one takes their children to kindergarten. Why should I?\u201d<\/p>\t\t\t\t\t\t\t\t<\/div>\n\t\t\t\t<\/div>\n\t\t\t\t<div class=\"elementor-element elementor-element-b5b3773 elementor-widget elementor-widget-text-editor\" data-id=\"b5b3773\" data-element_type=\"widget\" data-widget_type=\"text-editor.default\">\n\t\t\t\t<div class=\"elementor-widget-container\">\n\t\t\t\t\t\t\t\t\t<p>We often run into difficult situations with unschooled parents who find it hard to advocate for their children\u2019s education. From the outside, it\u2019s easy to label it as a lack of interest, laziness, and ignorance, however, it is just a vicious cycle of a faulty public school system deeply rooted in our culture.<\/p>\t\t\t\t\t\t\t\t<\/div>\n\t\t\t\t<\/div>\n\t\t\t\t<div class=\"elementor-element elementor-element-c12cbe6 tfr-mt-auto elementor-widget elementor-widget-button\" data-id=\"c12cbe6\" data-element_type=\"widget\" data-widget_type=\"button.default\">\n\t\t\t\t<div class=\"elementor-widget-container\">\n\t\t\t\t\t\t\t\t\t<div class=\"elementor-button-wrapper\">\n\t\t\t\t\t<a class=\"elementor-button elementor-button-link elementor-size-md\" href=\"#elementor-action%3Aaction%3Dpopup%3Aopen%26settings%3DeyJpZCI6MTE4MTUsInRvZ2dsZSI6ZmFsc2V9\">\n\t\t\t\t\t\t<span class=\"elementor-button-content-wrapper\">\n\t\t\t\t\t\t\t\t\t<span class=\"elementor-button-text\">READ MORE<\/span>\n\t\t\t\t\t<\/span>\n\t\t\t\t\t<\/a>\n\t\t\t\t<\/div>\n\t\t\t\t\t\t\t\t<\/div>\n\t\t\t\t<\/div>\n\t\t\t\t<\/div>\n\t\t\t\t<\/div>\n\t\t\t\t<\/div>\n\t\t\t\t<div class=\"elementor-element elementor-element-cdf30b0 elementor-align-center elementor-widget elementor-widget-button\" data-id=\"cdf30b0\" data-element_type=\"widget\" data-widget_type=\"button.default\">\n\t\t\t\t<div class=\"elementor-widget-container\">\n\t\t\t\t\t\t\t\t\t<div class=\"elementor-button-wrapper\">\n\t\t\t\t\t<a class=\"elementor-button elementor-button-link elementor-size-sm\" href=\"#doneaza\">\n\t\t\t\t\t\t<span class=\"elementor-button-content-wrapper\">\n\t\t\t\t\t\t\t\t\t<span class=\"elementor-button-text\">DONATE<\/span>\n\t\t\t\t\t<\/span>\n\t\t\t\t\t<\/a>\n\t\t\t\t<\/div>\n\t\t\t\t\t\t\t\t<\/div>\n\t\t\t\t<\/div>\n\t\t\t\t\t<\/div>\n\t\t\t\t<\/div>\n\t\t\t\t<\/div>\n\t\t","protected":false},"excerpt":{"rendered":"<p>Contribute to change: Donate to quality education! 1 out of 5 rural children drop out of school by the age of 141 out of 2 children in Romania suffers from functional illiteracy. That is, they can read a text, but they do not understand itWe have over 1000 public schoolsin Romania where no student passes [&hellip;]<\/p>\n","protected":false},"author":1,"featured_media":0,"parent":0,"menu_order":0,"comment_status":"closed","ping_status":"closed","template":"","meta":{"_acf_changed":false,"footnotes":""},"class_list":["post-11383","page","type-page","status-publish","hentry"],"acf":[],"_links":{"self":[{"href":"https:\/\/teachforromania.org\/en\/wp-json\/wp\/v2\/pages\/11383","targetHints":{"allow":["GET"]}}],"collection":[{"href":"https:\/\/teachforromania.org\/en\/wp-json\/wp\/v2\/pages"}],"about":[{"href":"https:\/\/teachforromania.org\/en\/wp-json\/wp\/v2\/types\/page"}],"author":[{"embeddable":true,"href":"https:\/\/teachforromania.org\/en\/wp-json\/wp\/v2\/users\/1"}],"replies":[{"embeddable":true,"href":"https:\/\/teachforromania.org\/en\/wp-json\/wp\/v2\/comments?post=11383"}],"version-history":[{"count":4,"href":"https:\/\/teachforromania.org\/en\/wp-json\/wp\/v2\/pages\/11383\/revisions"}],"predecessor-version":[{"id":11795,"href":"https:\/\/teachforromania.org\/en\/wp-json\/wp\/v2\/pages\/11383\/revisions\/11795"}],"wp:attachment":[{"href":"https:\/\/teachforromania.org\/en\/wp-json\/wp\/v2\/media?parent=11383"}],"curies":[{"name":"wp","href":"https:\/\/api.w.org\/{rel}","templated":true}]}}